{"id":26287,"date":"2022-04-02T22:41:22","date_gmt":"2022-04-02T20:41:22","guid":{"rendered":"https:\/\/golflesbois.ch\/commission-sportive\/"},"modified":"2023-07-21T12:15:52","modified_gmt":"2023-07-21T10:15:52","slug":"commission-sportive","status":"publish","type":"page","link":"https:\/\/golflesbois.ch\/de\/commission-sportive\/","title":{"rendered":"Commission sportive"},"content":{"rendered":"\t\t<div data-elementor-type=\"wp-page\" data-elementor-id=\"26287\" class=\"elementor elementor-26287 elementor-22538\" data-elementor-post-type=\"page\">\n\t\t\t\t\t\t<section class=\"elementor-section elementor-top-section elementor-element elementor-element-9fb8026 elementor-section-boxed elementor-section-height-default elementor-section-height-default\" data-id=\"9fb8026\" data-element_type=\"section\" data-e-type=\"section\" data-settings=\"{&quot;jet_parallax_layout_list&quot;:[]}\">\n\t\t\t\t\t\t<div class=\"elementor-container elementor-column-gap-default\">\n\t\t\t\t\t<div class=\"elementor-column elementor-col-100 elementor-top-column elementor-element elementor-element-fce5afb\" data-id=\"fce5afb\" data-element_type=\"column\" data-e-type=\"column\">\n\t\t\t<div class=\"elementor-widget-wrap elementor-element-populated\">\n\t\t\t\t\t\t<div class=\"elementor-element elementor-element-97b79b7 elementor-widget elementor-widget-heading\" data-id=\"97b79b7\" data-element_type=\"widget\" data-e-type=\"widget\" data-widget_type=\"heading.default\">\n\t\t\t\t<div class=\"elementor-widget-container\">\n\t\t\t\t\t<h1 class=\"elementor-heading-title elementor-size-default\">Sportkommission<\/h1>\t\t\t\t<\/div>\n\t\t\t\t<\/div>\n\t\t\t\t\t<\/div>\n\t\t<\/div>\n\t\t\t\t\t<\/div>\n\t\t<\/section>\n\t\t\t\t<section class=\"elementor-section elementor-top-section elementor-element elementor-element-956ecc6 elementor-section-boxed elementor-section-height-default elementor-section-height-default\" data-id=\"956ecc6\" data-element_type=\"section\" data-e-type=\"section\" data-settings=\"{&quot;jet_parallax_layout_list&quot;:[]}\">\n\t\t\t\t\t\t<div class=\"elementor-container elementor-column-gap-default\">\n\t\t\t\t\t<div class=\"elementor-column elementor-col-100 elementor-top-column elementor-element elementor-element-b595a73\" data-id=\"b595a73\" data-element_type=\"column\" data-e-type=\"column\">\n\t\t\t<div class=\"elementor-widget-wrap elementor-element-populated\">\n\t\t\t\t\t\t<div class=\"elementor-element elementor-element-cb3189c elementor-widget elementor-widget-text-editor\" data-id=\"cb3189c\" data-element_type=\"widget\" data-e-type=\"widget\" data-widget_type=\"text-editor.default\">\n\t\t\t\t<div class=\"elementor-widget-container\">\n\t\t\t\t\t\t\t\t\t<p>Seine Hauptaufgabenbereiche sind die folgenden:<\/p>\n<ul>\n<li>\u00a0Unterst\u00fctzung bei der Organisation von Wettk\u00e4mpfen<\/li>\n<li>Verwaltung von Regeln, Handicaps und Sonderwertungen<\/li>\n<li>das Programm f\u00fcr den Wettkampfkalender erstellen<\/li>\n<li>Vergabe von Schl\u00e4gen pro Loch<\/li>\n<li>die Winterregeln anwenden<\/li>\n<li>Wettkampftermine \u00e4ndern, Wettk\u00e4mpfe streichen oder die Bedingungen \u00e4ndern und Handicaps begrenzen.<\/li>\n<li>einen Spieler wegen Unsportlichkeit, Nichteinhaltung der Golfregeln oder unkorrektem Verhalten bestrafen. Ein Entzug der Spielberechtigung wird vom Vorstand beschlossen. <\/li>\n<li>\u00fcber die Lage der Abschlagsmarkierungen und die Position der Flaggen in Absprache mit dem Greenkeeper entscheiden. <\/li>\n<\/ul>\n\t\t\t\t\t\t\t\t<\/div>\n\t\t\t\t<\/div>\n\t\t\t\t<div class=\"elementor-element elementor-element-6a20296 elementor-widget elementor-widget-spacer\" data-id=\"6a20296\" data-element_type=\"widget\" data-e-type=\"widget\" data-widget_type=\"spacer.default\">\n\t\t\t\t<div class=\"elementor-widget-container\">\n\t\t\t\t\t\t\t<div class=\"elementor-spacer\">\n\t\t\t<div class=\"elementor-spacer-inner\"><\/div>\n\t\t<\/div>\n\t\t\t\t\t\t<\/div>\n\t\t\t\t<\/div>\n\t\t\t\t\t<\/div>\n\t\t<\/div>\n\t\t\t\t\t<\/div>\n\t\t<\/section>\n\t\t\t\t<section class=\"elementor-section elementor-top-section elementor-element elementor-element-d0be5ab elementor-section-boxed elementor-section-height-default elementor-section-height-default\" data-id=\"d0be5ab\" data-element_type=\"section\" data-e-type=\"section\" data-settings=\"{&quot;jet_parallax_layout_list&quot;:[]}\">\n\t\t\t\t\t\t<div class=\"elementor-container elementor-column-gap-default\">\n\t\t\t\t\t<div class=\"elementor-column elementor-col-20 elementor-top-column elementor-element elementor-element-420668e\" data-id=\"420668e\" data-element_type=\"column\" data-e-type=\"column\">\n\t\t\t<div class=\"elementor-widget-wrap\">\n\t\t\t\t\t\t\t<\/div>\n\t\t<\/div>\n\t\t\t\t<div class=\"elementor-column elementor-col-20 elementor-top-column elementor-element elementor-element-52b805f\" data-id=\"52b805f\" data-element_type=\"column\" data-e-type=\"column\">\n\t\t\t<div class=\"elementor-widget-wrap elementor-element-populated\">\n\t\t\t\t\t\t<div class=\"elementor-element elementor-element-12e87b2 elementor-align-center elementor-widget elementor-widget-button\" data-id=\"12e87b2\" data-element_type=\"widget\" data-e-type=\"widget\" data-widget_type=\"button.default\">\n\t\t\t\t<div class=\"elementor-widget-container\">\n\t\t\t\t\t\t\t\t\t<div class=\"elementor-button-wrapper\">\n\t\t\t\t\t<a class=\"elementor-button elementor-button-link elementor-size-sm\" href=\"https:\/\/golflesbois.ch\/wp-content\/uploads\/2023\/05\/Golf-Calendrier-2023.pdf\" target=\"_blank\">\n\t\t\t\t\t\t<span class=\"elementor-button-content-wrapper\">\n\t\t\t\t\t\t\t\t\t<span class=\"elementor-button-text\">Kalender der Wettbewerbe<\/span>\n\t\t\t\t\t<\/span>\n\t\t\t\t\t<\/a>\n\t\t\t\t<\/div>\n\t\t\t\t\t\t\t\t<\/div>\n\t\t\t\t<\/div>\n\t\t\t\t\t<\/div>\n\t\t<\/div>\n\t\t\t\t<div class=\"elementor-column elementor-col-20 elementor-top-column elementor-element elementor-element-1b17735\" data-id=\"1b17735\" data-element_type=\"column\" data-e-type=\"column\">\n\t\t\t<div class=\"elementor-widget-wrap\">\n\t\t\t\t\t\t\t<\/div>\n\t\t<\/div>\n\t\t\t\t<div class=\"elementor-column elementor-col-20 elementor-top-column elementor-element elementor-element-af4050e\" data-id=\"af4050e\" data-element_type=\"column\" data-e-type=\"column\">\n\t\t\t<div class=\"elementor-widget-wrap elementor-element-populated\">\n\t\t\t\t\t\t<div class=\"elementor-element elementor-element-5067baa elementor-align-center elementor-widget elementor-widget-button\" data-id=\"5067baa\" data-element_type=\"widget\" data-e-type=\"widget\" data-widget_type=\"button.default\">\n\t\t\t\t<div class=\"elementor-widget-container\">\n\t\t\t\t\t\t\t\t\t<div class=\"elementor-button-wrapper\">\n\t\t\t\t\t<a class=\"elementor-button elementor-button-link elementor-size-sm\" href=\"https:\/\/golflesbois.ch\/wp-content\/uploads\/2023\/07\/Reglement-des-competitions-2023.pdf\" target=\"_blank\">\n\t\t\t\t\t\t<span class=\"elementor-button-content-wrapper\">\n\t\t\t\t\t\t\t\t\t<span class=\"elementor-button-text\">Regeln f\u00fcr Wettbewerbe<\/span>\n\t\t\t\t\t<\/span>\n\t\t\t\t\t<\/a>\n\t\t\t\t<\/div>\n\t\t\t\t\t\t\t\t<\/div>\n\t\t\t\t<\/div>\n\t\t\t\t\t<\/div>\n\t\t<\/div>\n\t\t\t\t<div class=\"elementor-column elementor-col-20 elementor-top-column elementor-element elementor-element-af174c5\" data-id=\"af174c5\" data-element_type=\"column\" data-e-type=\"column\">\n\t\t\t<div class=\"elementor-widget-wrap\">\n\t\t\t\t\t\t\t<\/div>\n\t\t<\/div>\n\t\t\t\t\t<\/div>\n\t\t<\/section>\n\t\t\t\t<\/div>\n\t\t","protected":false},"excerpt":{"rendered":"<p>Sportkommission Seine Hauptaufgabenbereiche sind die folgenden: \u00a0Unterst\u00fctzung bei der Organisation von Wettk\u00e4mpfen Verwaltung von Regeln, Handicaps und Sonderwertungen das Programm f\u00fcr den Wettkampfkalender erstellen Vergabe von Schl\u00e4gen pro Loch die Winterregeln anwenden Wettkampftermine \u00e4ndern, Wettk\u00e4mpfe streichen oder die Bedingungen \u00e4ndern und Handicaps begrenzen. einen Spieler wegen Unsportlichkeit, Nichteinhaltung der Golfregeln oder unkorrektem Verhalten bestrafen. Ein [&hellip;]<\/p>\n","protected":false},"author":3,"featured_media":0,"parent":0,"menu_order":0,"comment_status":"closed","ping_status":"closed","template":"","meta":{"_acf_changed":false,"footnotes":""},"class_list":["post-26287","page","type-page","status-publish","hentry"],"acf":[],"yoast_head":"<!-- This site is optimized with the Yoast SEO plugin v27.5 - https:\/\/yoast.com\/product\/yoast-seo-wordpress\/ -->\n<title>Commission sportive - Golf Club Les Bois<\/title>\n<meta name=\"robots\" content=\"index, follow, max-snippet:-1, max-image-preview:large, max-video-preview:-1\" \/>\n<link rel=\"canonical\" href=\"https:\/\/golflesbois.ch\/commission-sportive\/\" \/>\n<meta property=\"og:locale\" content=\"de_DE\" \/>\n<meta property=\"og:type\" content=\"article\" \/>\n<meta property=\"og:title\" content=\"Commission sportive - Golf Club Les Bois\" \/>\n<meta property=\"og:description\" content=\"Sportkommission Seine Hauptaufgabenbereiche sind die folgenden: \u00a0Unterst\u00fctzung bei der Organisation von Wettk\u00e4mpfen Verwaltung von Regeln, Handicaps und Sonderwertungen das Programm f\u00fcr den Wettkampfkalender erstellen Vergabe von Schl\u00e4gen pro Loch die Winterregeln anwenden Wettkampftermine \u00e4ndern, Wettk\u00e4mpfe streichen oder die Bedingungen \u00e4ndern und Handicaps begrenzen. einen Spieler wegen Unsportlichkeit, Nichteinhaltung der Golfregeln oder unkorrektem Verhalten bestrafen. Ein [&hellip;]\" \/>\n<meta property=\"og:url\" content=\"https:\/\/golflesbois.ch\/commission-sportive\/\" \/>\n<meta property=\"og:site_name\" content=\"Golf Club Les Bois\" \/>\n<meta property=\"article:modified_time\" content=\"2023-07-21T10:15:52+00:00\" \/>\n<meta name=\"twitter:card\" content=\"summary_large_image\" \/>\n<script type=\"application\/ld+json\" class=\"yoast-schema-graph\">{\"@context\":\"https:\\\/\\\/schema.org\",\"@graph\":[{\"@type\":\"WebPage\",\"@id\":\"https:\\\/\\\/golflesbois.ch\\\/commission-sportive\\\/\",\"url\":\"https:\\\/\\\/golflesbois.ch\\\/commission-sportive\\\/\",\"name\":\"Commission sportive - Golf Club Les Bois\",\"isPartOf\":{\"@id\":\"https:\\\/\\\/golflesbois.ch\\\/#website\"},\"datePublished\":\"2022-04-02T20:41:22+00:00\",\"dateModified\":\"2023-07-21T10:15:52+00:00\",\"breadcrumb\":{\"@id\":\"https:\\\/\\\/golflesbois.ch\\\/commission-sportive\\\/#breadcrumb\"},\"inLanguage\":\"de\",\"potentialAction\":[{\"@type\":\"ReadAction\",\"target\":[\"https:\\\/\\\/golflesbois.ch\\\/commission-sportive\\\/\"]}]},{\"@type\":\"BreadcrumbList\",\"@id\":\"https:\\\/\\\/golflesbois.ch\\\/commission-sportive\\\/#breadcrumb\",\"itemListElement\":[{\"@type\":\"ListItem\",\"position\":1,\"name\":\"Accueil\",\"item\":\"https:\\\/\\\/golflesbois.ch\\\/\"},{\"@type\":\"ListItem\",\"position\":2,\"name\":\"Commission sportive\"}]},{\"@type\":\"WebSite\",\"@id\":\"https:\\\/\\\/golflesbois.ch\\\/#website\",\"url\":\"https:\\\/\\\/golflesbois.ch\\\/\",\"name\":\"Golf Club Les Bois\",\"description\":\"\",\"publisher\":{\"@id\":\"https:\\\/\\\/golflesbois.ch\\\/#organization\"},\"potentialAction\":[{\"@type\":\"SearchAction\",\"target\":{\"@type\":\"EntryPoint\",\"urlTemplate\":\"https:\\\/\\\/golflesbois.ch\\\/?s={search_term_string}\"},\"query-input\":{\"@type\":\"PropertyValueSpecification\",\"valueRequired\":true,\"valueName\":\"search_term_string\"}}],\"inLanguage\":\"de\"},{\"@type\":\"Organization\",\"@id\":\"https:\\\/\\\/golflesbois.ch\\\/#organization\",\"name\":\"Golf Club Les Bois\",\"url\":\"https:\\\/\\\/golflesbois.ch\\\/\",\"logo\":{\"@type\":\"ImageObject\",\"inLanguage\":\"de\",\"@id\":\"https:\\\/\\\/golflesbois.ch\\\/#\\\/schema\\\/logo\\\/image\\\/\",\"url\":\"https:\\\/\\\/golflesbois.ch\\\/wp-content\\\/uploads\\\/2021\\\/12\\\/LesBois.png\",\"contentUrl\":\"https:\\\/\\\/golflesbois.ch\\\/wp-content\\\/uploads\\\/2021\\\/12\\\/LesBois.png\",\"width\":130,\"height\":130,\"caption\":\"Golf Club Les Bois\"},\"image\":{\"@id\":\"https:\\\/\\\/golflesbois.ch\\\/#\\\/schema\\\/logo\\\/image\\\/\"}}]}<\/script>\n<!-- \/ Yoast SEO plugin. -->","yoast_head_json":{"title":"Commission sportive - Golf Club Les Bois","robots":{"index":"index","follow":"follow","max-snippet":"max-snippet:-1","max-image-preview":"max-image-preview:large","max-video-preview":"max-video-preview:-1"},"canonical":"https:\/\/golflesbois.ch\/commission-sportive\/","og_locale":"de_DE","og_type":"article","og_title":"Commission sportive - Golf Club Les Bois","og_description":"Sportkommission Seine Hauptaufgabenbereiche sind die folgenden: \u00a0Unterst\u00fctzung bei der Organisation von Wettk\u00e4mpfen Verwaltung von Regeln, Handicaps und Sonderwertungen das Programm f\u00fcr den Wettkampfkalender erstellen Vergabe von Schl\u00e4gen pro Loch die Winterregeln anwenden Wettkampftermine \u00e4ndern, Wettk\u00e4mpfe streichen oder die Bedingungen \u00e4ndern und Handicaps begrenzen. einen Spieler wegen Unsportlichkeit, Nichteinhaltung der Golfregeln oder unkorrektem Verhalten bestrafen. Ein [&hellip;]","og_url":"https:\/\/golflesbois.ch\/commission-sportive\/","og_site_name":"Golf Club Les Bois","article_modified_time":"2023-07-21T10:15:52+00:00","twitter_card":"summary_large_image","schema":{"@context":"https:\/\/schema.org","@graph":[{"@type":"WebPage","@id":"https:\/\/golflesbois.ch\/commission-sportive\/","url":"https:\/\/golflesbois.ch\/commission-sportive\/","name":"Commission sportive - Golf Club Les Bois","isPartOf":{"@id":"https:\/\/golflesbois.ch\/#website"},"datePublished":"2022-04-02T20:41:22+00:00","dateModified":"2023-07-21T10:15:52+00:00","breadcrumb":{"@id":"https:\/\/golflesbois.ch\/commission-sportive\/#breadcrumb"},"inLanguage":"de","potentialAction":[{"@type":"ReadAction","target":["https:\/\/golflesbois.ch\/commission-sportive\/"]}]},{"@type":"BreadcrumbList","@id":"https:\/\/golflesbois.ch\/commission-sportive\/#breadcrumb","itemListElement":[{"@type":"ListItem","position":1,"name":"Accueil","item":"https:\/\/golflesbois.ch\/"},{"@type":"ListItem","position":2,"name":"Commission sportive"}]},{"@type":"WebSite","@id":"https:\/\/golflesbois.ch\/#website","url":"https:\/\/golflesbois.ch\/","name":"Golf Club Les Bois","description":"","publisher":{"@id":"https:\/\/golflesbois.ch\/#organization"},"potentialAction":[{"@type":"SearchAction","target":{"@type":"EntryPoint","urlTemplate":"https:\/\/golflesbois.ch\/?s={search_term_string}"},"query-input":{"@type":"PropertyValueSpecification","valueRequired":true,"valueName":"search_term_string"}}],"inLanguage":"de"},{"@type":"Organization","@id":"https:\/\/golflesbois.ch\/#organization","name":"Golf Club Les Bois","url":"https:\/\/golflesbois.ch\/","logo":{"@type":"ImageObject","inLanguage":"de","@id":"https:\/\/golflesbois.ch\/#\/schema\/logo\/image\/","url":"https:\/\/golflesbois.ch\/wp-content\/uploads\/2021\/12\/LesBois.png","contentUrl":"https:\/\/golflesbois.ch\/wp-content\/uploads\/2021\/12\/LesBois.png","width":130,"height":130,"caption":"Golf Club Les Bois"},"image":{"@id":"https:\/\/golflesbois.ch\/#\/schema\/logo\/image\/"}}]}},"rttpg_featured_image_url":null,"rttpg_author":{"display_name":"golflesbois","author_link":"https:\/\/golflesbois.ch\/de\/author\/golflesbois\/"},"rttpg_comment":0,"rttpg_category":" <a href=\"https:\/\/golflesbois.ch\/?taxonomy=translation_priority&#038;term=facultatif\" rel=\"tag\">Facultatif<\/a><a href=\"https:\/\/golflesbois.ch\/de\/?taxonomy=translation_priority&#038;term=optional\" rel=\"tag\">Optional<\/a>","rttpg_excerpt":"Sportkommission Seine Hauptaufgabenbereiche sind die folgenden: \u00a0Unterst\u00fctzung bei der Organisation von Wettk\u00e4mpfen Verwaltung von Regeln, Handicaps und Sonderwertungen das Programm f\u00fcr den Wettkampfkalender erstellen Vergabe von Schl\u00e4gen pro Loch die Winterregeln anwenden Wettkampftermine \u00e4ndern, Wettk\u00e4mpfe streichen oder die Bedingungen \u00e4ndern und Handicaps begrenzen. einen Spieler wegen Unsportlichkeit, Nichteinhaltung der Golfregeln oder unkorrektem Verhalten bestrafen. Ein&hellip;","_links":{"self":[{"href":"https:\/\/golflesbois.ch\/de\/wp-json\/wp\/v2\/pages\/26287","targetHints":{"allow":["GET"]}}],"collection":[{"href":"https:\/\/golflesbois.ch\/de\/wp-json\/wp\/v2\/pages"}],"about":[{"href":"https:\/\/golflesbois.ch\/de\/wp-json\/wp\/v2\/types\/page"}],"author":[{"embeddable":true,"href":"https:\/\/golflesbois.ch\/de\/wp-json\/wp\/v2\/users\/3"}],"replies":[{"embeddable":true,"href":"https:\/\/golflesbois.ch\/de\/wp-json\/wp\/v2\/comments?post=26287"}],"version-history":[{"count":1,"href":"https:\/\/golflesbois.ch\/de\/wp-json\/wp\/v2\/pages\/26287\/revisions"}],"predecessor-version":[{"id":26288,"href":"https:\/\/golflesbois.ch\/de\/wp-json\/wp\/v2\/pages\/26287\/revisions\/26288"}],"wp:attachment":[{"href":"https:\/\/golflesbois.ch\/de\/wp-json\/wp\/v2\/media?parent=26287"}],"curies":[{"name":"wp","href":"https:\/\/api.w.org\/{rel}","templated":true}]}}