{"id":26320,"date":"2013-04-09T08:21:28","date_gmt":"2013-04-09T06:21:28","guid":{"rendered":"https:\/\/golflesbois.ch\/enseignement\/decouverte-et-initiation\/"},"modified":"2024-05-20T10:43:37","modified_gmt":"2024-05-20T08:43:37","slug":"decouverte-et-initiation","status":"publish","type":"page","link":"https:\/\/golflesbois.ch\/de\/enseignement\/decouverte-et-initiation\/","title":{"rendered":"D\u00e9couverte et initiation"},"content":{"rendered":"\t\t<div data-elementor-type=\"wp-page\" data-elementor-id=\"26320\" class=\"elementor elementor-26320 elementor-266\" data-elementor-post-type=\"page\">\n\t\t\t\t\t\t<section class=\"elementor-section elementor-top-section elementor-element elementor-element-3f0316e elementor-reverse-tablet elementor-reverse-mobile elementor-section-boxed elementor-section-height-default elementor-section-height-default\" data-id=\"3f0316e\" data-element_type=\"section\" data-e-type=\"section\" data-settings=\"{&quot;jet_parallax_layout_list&quot;:[]}\">\n\t\t\t\t\t\t<div class=\"elementor-container elementor-column-gap-default\">\n\t\t\t\t\t<div class=\"elementor-column elementor-col-50 elementor-top-column elementor-element elementor-element-8068910\" data-id=\"8068910\" data-element_type=\"column\" data-e-type=\"column\">\n\t\t\t<div class=\"elementor-widget-wrap elementor-element-populated\">\n\t\t\t\t\t\t<div class=\"elementor-element elementor-element-3b109c5 elementor-widget elementor-widget-heading\" data-id=\"3b109c5\" data-element_type=\"widget\" data-e-type=\"widget\" data-widget_type=\"heading.default\">\n\t\t\t\t<div class=\"elementor-widget-container\">\n\t\t\t\t\t<h1 class=\"elementor-heading-title elementor-size-default\">Entdeckung und Einf\u00fchrung<\/h1>\t\t\t\t<\/div>\n\t\t\t\t<\/div>\n\t\t\t\t<div class=\"elementor-element elementor-element-02d1ed7 elementor-widget elementor-widget-text-editor\" data-id=\"02d1ed7\" data-element_type=\"widget\" data-e-type=\"widget\" data-widget_type=\"text-editor.default\">\n\t\t\t\t<div class=\"elementor-widget-container\">\n\t\t\t\t\t\t\t\t\t<p>Golfeinf\u00fchrungen f\u00fcr Gruppen und Firmen mit unserem Golflehrer sind nach vorheriger Reservierung direkt bei unserem Sekretariat m\u00f6glich.<\/p>\n<ul>\n<li>Dauer: 1 h 30<\/li>\n<li>Tarif: CHF 250.\u2013<\/li>\n<li>Basispaket f\u00fcr 5 Personen (jede weitere Person CHF 30.\u2013)<\/li>\n<\/ul>\n\t\t\t\t\t\t\t\t<\/div>\n\t\t\t\t<\/div>\n\t\t\t\t<div class=\"elementor-element elementor-element-202ea245 elementor-widget elementor-widget-text-editor\" data-id=\"202ea245\" data-element_type=\"widget\" data-e-type=\"widget\" data-widget_type=\"text-editor.default\">\n\t\t\t\t<div class=\"elementor-widget-container\">\n\t\t\t\t\t\t\t\t\t<p><strong>Dieser umfasst:<\/strong><\/p>\n<ul>\n<li>das Ausleihen von Material<\/li>\n<li>die Trainingsb\u00e4lle<\/li>\n<li>das Honorar des Lehrers<\/li>\n<\/ul>\n\t\t\t\t\t\t\t\t<\/div>\n\t\t\t\t<\/div>\n\t\t\t\t<div class=\"elementor-element elementor-element-86aad35 elementor-widget elementor-widget-button\" data-id=\"86aad35\" data-element_type=\"widget\" data-e-type=\"widget\" data-widget_type=\"button.default\">\n\t\t\t\t<div class=\"elementor-widget-container\">\n\t\t\t\t\t\t\t\t\t<div class=\"elementor-button-wrapper\">\n\t\t\t\t\t<a class=\"elementor-button elementor-button-link elementor-size-sm\" href=\"\/wp-content\/uploads\/2022\/02\/Flyer-initiation.pdf\">\n\t\t\t\t\t\t<span class=\"elementor-button-content-wrapper\">\n\t\t\t\t\t\t<span class=\"elementor-button-icon\">\n\t\t\t\t<i aria-hidden=\"true\" class=\"far fa-file-pdf\"><\/i>\t\t\t<\/span>\n\t\t\t\t\t\t\t\t\t<span class=\"elementor-button-text\">Flyer herunterladen<\/span>\n\t\t\t\t\t<\/span>\n\t\t\t\t\t<\/a>\n\t\t\t\t<\/div>\n\t\t\t\t\t\t\t\t<\/div>\n\t\t\t\t<\/div>\n\t\t\t\t\t<\/div>\n\t\t<\/div>\n\t\t\t\t<div class=\"elementor-column elementor-col-50 elementor-top-column elementor-element elementor-element-9e7c0bc\" data-id=\"9e7c0bc\" data-element_type=\"column\" data-e-type=\"column\">\n\t\t\t<div class=\"elementor-widget-wrap elementor-element-populated\">\n\t\t\t\t\t\t<div class=\"elementor-element elementor-element-e2d6af1 dce_masking-none elementor-widget elementor-widget-video\" data-id=\"e2d6af1\" data-element_type=\"widget\" data-e-type=\"widget\" data-settings=\"{&quot;video_type&quot;:&quot;hosted&quot;,&quot;controls&quot;:&quot;yes&quot;}\" data-widget_type=\"video.default\">\n\t\t\t\t<div class=\"elementor-widget-container\">\n\t\t\t\t\t\t\t<div class=\"e-hosted-video elementor-wrapper elementor-open-inline\">\n\t\t\t\t\t<video class=\"elementor-video\" src=\"https:\/\/golflesbois.ch\/wp-content\/uploads\/2022\/02\/Portes-ouvertes-Golf-club-les-Bois.mp4\" controls=\"\" preload=\"metadata\" controlsList=\"nodownload\" poster=\"https:\/\/golflesbois.ch\/wp-content\/uploads\/2022\/02\/initiation-golf.png\"><\/video>\n\t\t\t\t<\/div>\n\t\t\t\t\t\t<\/div>\n\t\t\t\t<\/div>\n\t\t\t\t\t<\/div>\n\t\t<\/div>\n\t\t\t\t\t<\/div>\n\t\t<\/section>\n\t\t\t\t<\/div>\n\t\t","protected":false},"excerpt":{"rendered":"<p>Entdeckung und Einf\u00fchrung Golfeinf\u00fchrungen f\u00fcr Gruppen und Firmen mit unserem Golflehrer sind nach vorheriger Reservierung direkt bei unserem Sekretariat m\u00f6glich. Dauer: 1 h 30 Tarif: CHF 250.\u2013 Basispaket f\u00fcr 5 Personen (jede weitere Person CHF 30.\u2013) Dieser umfasst: das Ausleihen von Material die Trainingsb\u00e4lle das Honorar des Lehrers Flyer herunterladen https:\/\/golflesbois.ch\/wp-content\/uploads\/2022\/02\/Portes-ouvertes-Golf-club-les-Bois.mp4<\/p>\n","protected":false},"author":1,"featured_media":0,"parent":26297,"menu_order":4,"comment_status":"closed","ping_status":"closed","template":"","meta":{"_acf_changed":false,"footnotes":""},"class_list":["post-26320","page","type-page","status-publish","hentry"],"acf":[],"yoast_head":"<!-- This site is optimized with the Yoast SEO plugin v27.4 - https:\/\/yoast.com\/product\/yoast-seo-wordpress\/ -->\n<title>D\u00e9couverte et initiation - Golf Club Les Bois<\/title>\n<meta name=\"robots\" content=\"index, follow, max-snippet:-1, max-image-preview:large, max-video-preview:-1\" \/>\n<link rel=\"canonical\" href=\"https:\/\/golflesbois.ch\/enseignement\/decouverte-et-initiations\/\" \/>\n<meta property=\"og:locale\" content=\"de_DE\" \/>\n<meta property=\"og:type\" content=\"article\" \/>\n<meta property=\"og:title\" content=\"D\u00e9couverte et initiation - Golf Club Les Bois\" \/>\n<meta property=\"og:description\" content=\"Entdeckung und Einf\u00fchrung Golfeinf\u00fchrungen f\u00fcr Gruppen und Firmen mit unserem Golflehrer sind nach vorheriger Reservierung direkt bei unserem Sekretariat m\u00f6glich. Dauer: 1 h 30 Tarif: CHF 250.\u2013 Basispaket f\u00fcr 5 Personen (jede weitere Person CHF 30.\u2013) Dieser umfasst: das Ausleihen von Material die Trainingsb\u00e4lle das Honorar des Lehrers Flyer herunterladen https:\/\/golflesbois.ch\/wp-content\/uploads\/2022\/02\/Portes-ouvertes-Golf-club-les-Bois.mp4\" \/>\n<meta property=\"og:url\" content=\"https:\/\/golflesbois.ch\/enseignement\/decouverte-et-initiations\/\" \/>\n<meta property=\"og:site_name\" content=\"Golf Club Les Bois\" \/>\n<meta property=\"article:modified_time\" content=\"2024-05-20T08:43:37+00:00\" \/>\n<meta name=\"twitter:card\" content=\"summary_large_image\" \/>\n<script type=\"application\/ld+json\" class=\"yoast-schema-graph\">{\"@context\":\"https:\\\/\\\/schema.org\",\"@graph\":[{\"@type\":\"WebPage\",\"@id\":\"https:\\\/\\\/golflesbois.ch\\\/enseignement\\\/decouverte-et-initiations\\\/\",\"url\":\"https:\\\/\\\/golflesbois.ch\\\/enseignement\\\/decouverte-et-initiations\\\/\",\"name\":\"D\u00e9couverte et initiation - Golf Club Les Bois\",\"isPartOf\":{\"@id\":\"https:\\\/\\\/golflesbois.ch\\\/#website\"},\"datePublished\":\"2013-04-09T06:21:28+00:00\",\"dateModified\":\"2024-05-20T08:43:37+00:00\",\"breadcrumb\":{\"@id\":\"https:\\\/\\\/golflesbois.ch\\\/enseignement\\\/decouverte-et-initiations\\\/#breadcrumb\"},\"inLanguage\":\"de\",\"potentialAction\":[{\"@type\":\"ReadAction\",\"target\":[\"https:\\\/\\\/golflesbois.ch\\\/enseignement\\\/decouverte-et-initiations\\\/\"]}]},{\"@type\":\"BreadcrumbList\",\"@id\":\"https:\\\/\\\/golflesbois.ch\\\/enseignement\\\/decouverte-et-initiations\\\/#breadcrumb\",\"itemListElement\":[{\"@type\":\"ListItem\",\"position\":1,\"name\":\"Accueil\",\"item\":\"https:\\\/\\\/golflesbois.ch\\\/\"},{\"@type\":\"ListItem\",\"position\":2,\"name\":\"Enseignement\",\"item\":\"https:\\\/\\\/golflesbois.ch\\\/de\\\/enseignement\\\/\"},{\"@type\":\"ListItem\",\"position\":3,\"name\":\"D\u00e9couverte et initiation\"}]},{\"@type\":\"WebSite\",\"@id\":\"https:\\\/\\\/golflesbois.ch\\\/#website\",\"url\":\"https:\\\/\\\/golflesbois.ch\\\/\",\"name\":\"Golf Club Les Bois\",\"description\":\"\",\"publisher\":{\"@id\":\"https:\\\/\\\/golflesbois.ch\\\/#organization\"},\"potentialAction\":[{\"@type\":\"SearchAction\",\"target\":{\"@type\":\"EntryPoint\",\"urlTemplate\":\"https:\\\/\\\/golflesbois.ch\\\/?s={search_term_string}\"},\"query-input\":{\"@type\":\"PropertyValueSpecification\",\"valueRequired\":true,\"valueName\":\"search_term_string\"}}],\"inLanguage\":\"de\"},{\"@type\":\"Organization\",\"@id\":\"https:\\\/\\\/golflesbois.ch\\\/#organization\",\"name\":\"Golf Club Les Bois\",\"url\":\"https:\\\/\\\/golflesbois.ch\\\/\",\"logo\":{\"@type\":\"ImageObject\",\"inLanguage\":\"de\",\"@id\":\"https:\\\/\\\/golflesbois.ch\\\/#\\\/schema\\\/logo\\\/image\\\/\",\"url\":\"https:\\\/\\\/golflesbois.ch\\\/wp-content\\\/uploads\\\/2021\\\/12\\\/LesBois.png\",\"contentUrl\":\"https:\\\/\\\/golflesbois.ch\\\/wp-content\\\/uploads\\\/2021\\\/12\\\/LesBois.png\",\"width\":130,\"height\":130,\"caption\":\"Golf Club Les Bois\"},\"image\":{\"@id\":\"https:\\\/\\\/golflesbois.ch\\\/#\\\/schema\\\/logo\\\/image\\\/\"}}]}<\/script>\n<!-- \/ Yoast SEO plugin. -->","yoast_head_json":{"title":"D\u00e9couverte et initiation - Golf Club Les Bois","robots":{"index":"index","follow":"follow","max-snippet":"max-snippet:-1","max-image-preview":"max-image-preview:large","max-video-preview":"max-video-preview:-1"},"canonical":"https:\/\/golflesbois.ch\/enseignement\/decouverte-et-initiations\/","og_locale":"de_DE","og_type":"article","og_title":"D\u00e9couverte et initiation - Golf Club Les Bois","og_description":"Entdeckung und Einf\u00fchrung Golfeinf\u00fchrungen f\u00fcr Gruppen und Firmen mit unserem Golflehrer sind nach vorheriger Reservierung direkt bei unserem Sekretariat m\u00f6glich. Dauer: 1 h 30 Tarif: CHF 250.\u2013 Basispaket f\u00fcr 5 Personen (jede weitere Person CHF 30.\u2013) Dieser umfasst: das Ausleihen von Material die Trainingsb\u00e4lle das Honorar des Lehrers Flyer herunterladen https:\/\/golflesbois.ch\/wp-content\/uploads\/2022\/02\/Portes-ouvertes-Golf-club-les-Bois.mp4","og_url":"https:\/\/golflesbois.ch\/enseignement\/decouverte-et-initiations\/","og_site_name":"Golf Club Les Bois","article_modified_time":"2024-05-20T08:43:37+00:00","twitter_card":"summary_large_image","schema":{"@context":"https:\/\/schema.org","@graph":[{"@type":"WebPage","@id":"https:\/\/golflesbois.ch\/enseignement\/decouverte-et-initiations\/","url":"https:\/\/golflesbois.ch\/enseignement\/decouverte-et-initiations\/","name":"D\u00e9couverte et initiation - Golf Club Les Bois","isPartOf":{"@id":"https:\/\/golflesbois.ch\/#website"},"datePublished":"2013-04-09T06:21:28+00:00","dateModified":"2024-05-20T08:43:37+00:00","breadcrumb":{"@id":"https:\/\/golflesbois.ch\/enseignement\/decouverte-et-initiations\/#breadcrumb"},"inLanguage":"de","potentialAction":[{"@type":"ReadAction","target":["https:\/\/golflesbois.ch\/enseignement\/decouverte-et-initiations\/"]}]},{"@type":"BreadcrumbList","@id":"https:\/\/golflesbois.ch\/enseignement\/decouverte-et-initiations\/#breadcrumb","itemListElement":[{"@type":"ListItem","position":1,"name":"Accueil","item":"https:\/\/golflesbois.ch\/"},{"@type":"ListItem","position":2,"name":"Enseignement","item":"https:\/\/golflesbois.ch\/de\/enseignement\/"},{"@type":"ListItem","position":3,"name":"D\u00e9couverte et initiation"}]},{"@type":"WebSite","@id":"https:\/\/golflesbois.ch\/#website","url":"https:\/\/golflesbois.ch\/","name":"Golf Club Les Bois","description":"","publisher":{"@id":"https:\/\/golflesbois.ch\/#organization"},"potentialAction":[{"@type":"SearchAction","target":{"@type":"EntryPoint","urlTemplate":"https:\/\/golflesbois.ch\/?s={search_term_string}"},"query-input":{"@type":"PropertyValueSpecification","valueRequired":true,"valueName":"search_term_string"}}],"inLanguage":"de"},{"@type":"Organization","@id":"https:\/\/golflesbois.ch\/#organization","name":"Golf Club Les Bois","url":"https:\/\/golflesbois.ch\/","logo":{"@type":"ImageObject","inLanguage":"de","@id":"https:\/\/golflesbois.ch\/#\/schema\/logo\/image\/","url":"https:\/\/golflesbois.ch\/wp-content\/uploads\/2021\/12\/LesBois.png","contentUrl":"https:\/\/golflesbois.ch\/wp-content\/uploads\/2021\/12\/LesBois.png","width":130,"height":130,"caption":"Golf Club Les Bois"},"image":{"@id":"https:\/\/golflesbois.ch\/#\/schema\/logo\/image\/"}}]}},"rttpg_featured_image_url":null,"rttpg_author":{"display_name":"siteweb","author_link":"https:\/\/golflesbois.ch\/de\/author\/siteweb\/"},"rttpg_comment":0,"rttpg_category":" <a href=\"https:\/\/golflesbois.ch\/de\/?taxonomy=translation_priority&#038;term=optional\" rel=\"tag\">Optional<\/a>","rttpg_excerpt":"Entdeckung und Einf\u00fchrung Golfeinf\u00fchrungen f\u00fcr Gruppen und Firmen mit unserem Golflehrer sind nach vorheriger Reservierung direkt bei unserem Sekretariat m\u00f6glich. Dauer: 1 h 30 Tarif: CHF 250.\u2013 Basispaket f\u00fcr 5 Personen (jede weitere Person CHF 30.\u2013) Dieser umfasst: das Ausleihen von Material die Trainingsb\u00e4lle das Honorar des Lehrers Flyer herunterladen https:\/\/golflesbois.ch\/wp-content\/uploads\/2022\/02\/Portes-ouvertes-Golf-club-les-Bois.mp4","_links":{"self":[{"href":"https:\/\/golflesbois.ch\/de\/wp-json\/wp\/v2\/pages\/26320","targetHints":{"allow":["GET"]}}],"collection":[{"href":"https:\/\/golflesbois.ch\/de\/wp-json\/wp\/v2\/pages"}],"about":[{"href":"https:\/\/golflesbois.ch\/de\/wp-json\/wp\/v2\/types\/page"}],"author":[{"embeddable":true,"href":"https:\/\/golflesbois.ch\/de\/wp-json\/wp\/v2\/users\/1"}],"replies":[{"embeddable":true,"href":"https:\/\/golflesbois.ch\/de\/wp-json\/wp\/v2\/comments?post=26320"}],"version-history":[{"count":5,"href":"https:\/\/golflesbois.ch\/de\/wp-json\/wp\/v2\/pages\/26320\/revisions"}],"predecessor-version":[{"id":28137,"href":"https:\/\/golflesbois.ch\/de\/wp-json\/wp\/v2\/pages\/26320\/revisions\/28137"}],"up":[{"embeddable":true,"href":"https:\/\/golflesbois.ch\/de\/wp-json\/wp\/v2\/pages\/26297"}],"wp:attachment":[{"href":"https:\/\/golflesbois.ch\/de\/wp-json\/wp\/v2\/media?parent=26320"}],"curies":[{"name":"wp","href":"https:\/\/api.w.org\/{rel}","templated":true}]}}