{"id":26360,"date":"2022-10-04T21:09:49","date_gmt":"2022-10-04T19:09:49","guid":{"rendered":"https:\/\/golflesbois.ch\/la-chasse\/"},"modified":"2024-12-02T09:57:50","modified_gmt":"2024-12-02T08:57:50","slug":"la-chasse","status":"publish","type":"page","link":"https:\/\/golflesbois.ch\/de\/la-chasse\/","title":{"rendered":"La chasse"},"content":{"rendered":"\t\t<div data-elementor-type=\"wp-page\" data-elementor-id=\"26360\" class=\"elementor elementor-26360 elementor-23406\" data-elementor-post-type=\"page\">\n\t\t\t\t\t\t<section class=\"elementor-section elementor-top-section elementor-element elementor-element-d3963ae elementor-section-boxed elementor-section-height-default elementor-section-height-default\" data-id=\"d3963ae\" data-element_type=\"section\" data-e-type=\"section\" data-settings=\"{&quot;jet_parallax_layout_list&quot;:[]}\">\n\t\t\t\t\t\t<div class=\"elementor-container elementor-column-gap-default\">\n\t\t\t\t\t<div class=\"elementor-column elementor-col-100 elementor-top-column elementor-element elementor-element-54de5d0\" data-id=\"54de5d0\" data-element_type=\"column\" data-e-type=\"column\">\n\t\t\t<div class=\"elementor-widget-wrap elementor-element-populated\">\n\t\t\t\t\t\t<div class=\"elementor-element elementor-element-3b9d642 elementor-widget elementor-widget-heading\" data-id=\"3b9d642\" data-element_type=\"widget\" data-e-type=\"widget\" data-widget_type=\"heading.default\">\n\t\t\t\t<div class=\"elementor-widget-container\">\n\t\t\t\t\t<h2 class=\"elementor-heading-title elementor-size-default\">Das wilde Reh in die Freiberge<\/h2>\t\t\t\t<\/div>\n\t\t\t\t<\/div>\n\t\t\t\t\t<\/div>\n\t\t<\/div>\n\t\t\t\t\t<\/div>\n\t\t<\/section>\n\t\t\t\t<section class=\"elementor-section elementor-top-section elementor-element elementor-element-1ee9f11 elementor-section-boxed elementor-section-height-default elementor-section-height-default\" data-id=\"1ee9f11\" data-element_type=\"section\" data-e-type=\"section\" data-settings=\"{&quot;jet_parallax_layout_list&quot;:[]}\">\n\t\t\t\t\t\t<div class=\"elementor-container elementor-column-gap-default\">\n\t\t\t\t\t<div class=\"elementor-column elementor-col-50 elementor-top-column elementor-element elementor-element-db1746d\" data-id=\"db1746d\" data-element_type=\"column\" data-e-type=\"column\">\n\t\t\t<div class=\"elementor-widget-wrap elementor-element-populated\">\n\t\t\t\t\t\t<div class=\"elementor-element elementor-element-3e24d0f7 elementor-widget elementor-widget-text-editor\" data-id=\"3e24d0f7\" data-element_type=\"widget\" data-e-type=\"widget\" data-widget_type=\"text-editor.default\">\n\t\t\t\t<div class=\"elementor-widget-container\">\n\t\t\t\t\t\t\t\t\t<strong>PGA-Men\u00fc: <\/strong>.\r\n\r\nVorspeise der Saison\r\n\r\nRehmedaillon nach Art des K\u00fcchenchefs\r\n\r\nGesellige K\u00e4seplatte und Dessert der Saison\r\n\r\n&nbsp;\t\t\t\t\t\t\t\t<\/div>\n\t\t\t\t<\/div>\n\t\t\t\t\t<\/div>\n\t\t<\/div>\n\t\t\t\t<div class=\"elementor-column elementor-col-50 elementor-top-column elementor-element elementor-element-fd93dfa\" data-id=\"fd93dfa\" data-element_type=\"column\" data-e-type=\"column\">\n\t\t\t<div class=\"elementor-widget-wrap elementor-element-populated\">\n\t\t\t\t\t\t<div class=\"elementor-element elementor-element-26ba569 elementor-widget elementor-widget-text-editor\" data-id=\"26ba569\" data-element_type=\"widget\" data-e-type=\"widget\" data-widget_type=\"text-editor.default\">\n\t\t\t\t<div class=\"elementor-widget-container\">\n\t\t\t\t\t\t\t\t\t<p><strong>Rehsattel aus den Franches-Montagnes\u00a0 <\/strong><\/p>\n<p>Zwei Gerichte<\/p>\n<p>Nur mit Reservierung<\/p>\n<p>CHF 65.00 pro Person<\/p>\n\t\t\t\t\t\t\t\t<\/div>\n\t\t\t\t<\/div>\n\t\t\t\t\t<\/div>\n\t\t<\/div>\n\t\t\t\t\t<\/div>\n\t\t<\/section>\n\t\t\t\t<section class=\"elementor-section elementor-top-section elementor-element elementor-element-2fbe8fb0 elementor-section-boxed elementor-section-height-default elementor-section-height-default\" data-id=\"2fbe8fb0\" data-element_type=\"section\" data-e-type=\"section\" data-settings=\"{&quot;jet_parallax_layout_list&quot;:[]}\">\n\t\t\t\t\t\t<div class=\"elementor-container elementor-column-gap-default\">\n\t\t\t\t\t<div class=\"elementor-column elementor-col-100 elementor-top-column elementor-element elementor-element-6edf001a\" data-id=\"6edf001a\" data-element_type=\"column\" data-e-type=\"column\">\n\t\t\t<div class=\"elementor-widget-wrap elementor-element-populated\">\n\t\t\t\t\t\t<div class=\"elementor-element elementor-element-3567709 dce_masking-none elementor-widget elementor-widget-image\" data-id=\"3567709\" data-element_type=\"widget\" data-e-type=\"widget\" data-widget_type=\"image.default\">\n\t\t\t\t<div class=\"elementor-widget-container\">\n\t\t\t\t\t\t\t\t\t\t\t\t\t\t\t<img fetchpriority=\"high\" decoding=\"async\" width=\"663\" height=\"875\" src=\"https:\/\/golflesbois.ch\/wp-content\/uploads\/2024\/09\/chasse-2024.png\" class=\"attachment-large size-large wp-image-28984\" alt=\"\" srcset=\"https:\/\/golflesbois.ch\/wp-content\/uploads\/2024\/09\/chasse-2024.png 663w, https:\/\/golflesbois.ch\/wp-content\/uploads\/2024\/09\/chasse-2024-600x792.png 600w, https:\/\/golflesbois.ch\/wp-content\/uploads\/2024\/09\/chasse-2024-227x300.png 227w\" sizes=\"(max-width: 663px) 100vw, 663px\" \/>\t\t\t\t\t\t\t\t\t\t\t\t\t\t\t<\/div>\n\t\t\t\t<\/div>\n\t\t\t\t\t<\/div>\n\t\t<\/div>\n\t\t\t\t\t<\/div>\n\t\t<\/section>\n\t\t\t\t<\/div>\n\t\t","protected":false},"excerpt":{"rendered":"<p>Das wilde Reh in die Freiberge PGA-Men\u00fc: . Vorspeise der Saison Rehmedaillon nach Art des K\u00fcchenchefs Gesellige K\u00e4seplatte und Dessert der Saison &nbsp; Rehsattel aus den Franches-Montagnes\u00a0 Zwei Gerichte Nur mit Reservierung CHF 65.00 pro Person<\/p>\n","protected":false},"author":1,"featured_media":0,"parent":0,"menu_order":0,"comment_status":"closed","ping_status":"closed","template":"","meta":{"_acf_changed":false,"footnotes":""},"class_list":["post-26360","page","type-page","status-publish","hentry"],"acf":[],"yoast_head":"<!-- This site is optimized with the Yoast SEO plugin v27.6 - https:\/\/yoast.com\/product\/yoast-seo-wordpress\/ -->\n<title>La chasse - Golf Club Les Bois<\/title>\n<meta name=\"robots\" content=\"index, follow, max-snippet:-1, max-image-preview:large, max-video-preview:-1\" \/>\n<link rel=\"canonical\" href=\"https:\/\/golflesbois.ch\/la-chasse\/\" \/>\n<meta property=\"og:locale\" content=\"de_DE\" \/>\n<meta property=\"og:type\" content=\"article\" \/>\n<meta property=\"og:title\" content=\"La chasse - Golf Club Les Bois\" \/>\n<meta property=\"og:description\" content=\"Das wilde Reh in die Freiberge PGA-Men\u00fc: . Vorspeise der Saison Rehmedaillon nach Art des K\u00fcchenchefs Gesellige K\u00e4seplatte und Dessert der Saison &nbsp; Rehsattel aus den Franches-Montagnes\u00a0 Zwei Gerichte Nur mit Reservierung CHF 65.00 pro Person\" \/>\n<meta property=\"og:url\" content=\"https:\/\/golflesbois.ch\/la-chasse\/\" \/>\n<meta property=\"og:site_name\" content=\"Golf Club Les Bois\" \/>\n<meta property=\"article:modified_time\" content=\"2024-12-02T08:57:50+00:00\" \/>\n<meta property=\"og:image\" content=\"https:\/\/golflesbois.ch\/wp-content\/uploads\/2024\/09\/chasse-2024.png\" \/>\n\t<meta property=\"og:image:width\" content=\"663\" \/>\n\t<meta property=\"og:image:height\" content=\"875\" \/>\n\t<meta property=\"og:image:type\" content=\"image\/png\" \/>\n<meta name=\"twitter:card\" content=\"summary_large_image\" \/>\n<script type=\"application\/ld+json\" class=\"yoast-schema-graph\">{\"@context\":\"https:\\\/\\\/schema.org\",\"@graph\":[{\"@type\":\"WebPage\",\"@id\":\"https:\\\/\\\/golflesbois.ch\\\/la-chasse\\\/\",\"url\":\"https:\\\/\\\/golflesbois.ch\\\/la-chasse\\\/\",\"name\":\"La chasse - Golf Club Les Bois\",\"isPartOf\":{\"@id\":\"https:\\\/\\\/golflesbois.ch\\\/#website\"},\"primaryImageOfPage\":{\"@id\":\"https:\\\/\\\/golflesbois.ch\\\/la-chasse\\\/#primaryimage\"},\"image\":{\"@id\":\"https:\\\/\\\/golflesbois.ch\\\/la-chasse\\\/#primaryimage\"},\"thumbnailUrl\":\"https:\\\/\\\/golflesbois.ch\\\/wp-content\\\/uploads\\\/2024\\\/09\\\/chasse-2024.png\",\"datePublished\":\"2022-10-04T19:09:49+00:00\",\"dateModified\":\"2024-12-02T08:57:50+00:00\",\"breadcrumb\":{\"@id\":\"https:\\\/\\\/golflesbois.ch\\\/la-chasse\\\/#breadcrumb\"},\"inLanguage\":\"de\",\"potentialAction\":[{\"@type\":\"ReadAction\",\"target\":[\"https:\\\/\\\/golflesbois.ch\\\/la-chasse\\\/\"]}]},{\"@type\":\"ImageObject\",\"inLanguage\":\"de\",\"@id\":\"https:\\\/\\\/golflesbois.ch\\\/la-chasse\\\/#primaryimage\",\"url\":\"https:\\\/\\\/golflesbois.ch\\\/wp-content\\\/uploads\\\/2024\\\/09\\\/chasse-2024.png\",\"contentUrl\":\"https:\\\/\\\/golflesbois.ch\\\/wp-content\\\/uploads\\\/2024\\\/09\\\/chasse-2024.png\"},{\"@type\":\"BreadcrumbList\",\"@id\":\"https:\\\/\\\/golflesbois.ch\\\/la-chasse\\\/#breadcrumb\",\"itemListElement\":[{\"@type\":\"ListItem\",\"position\":1,\"name\":\"Accueil\",\"item\":\"https:\\\/\\\/golflesbois.ch\\\/\"},{\"@type\":\"ListItem\",\"position\":2,\"name\":\"La chasse\"}]},{\"@type\":\"WebSite\",\"@id\":\"https:\\\/\\\/golflesbois.ch\\\/#website\",\"url\":\"https:\\\/\\\/golflesbois.ch\\\/\",\"name\":\"Golf Club Les Bois\",\"description\":\"\",\"publisher\":{\"@id\":\"https:\\\/\\\/golflesbois.ch\\\/#organization\"},\"potentialAction\":[{\"@type\":\"SearchAction\",\"target\":{\"@type\":\"EntryPoint\",\"urlTemplate\":\"https:\\\/\\\/golflesbois.ch\\\/?s={search_term_string}\"},\"query-input\":{\"@type\":\"PropertyValueSpecification\",\"valueRequired\":true,\"valueName\":\"search_term_string\"}}],\"inLanguage\":\"de\"},{\"@type\":\"Organization\",\"@id\":\"https:\\\/\\\/golflesbois.ch\\\/#organization\",\"name\":\"Golf Club Les Bois\",\"url\":\"https:\\\/\\\/golflesbois.ch\\\/\",\"logo\":{\"@type\":\"ImageObject\",\"inLanguage\":\"de\",\"@id\":\"https:\\\/\\\/golflesbois.ch\\\/#\\\/schema\\\/logo\\\/image\\\/\",\"url\":\"https:\\\/\\\/golflesbois.ch\\\/wp-content\\\/uploads\\\/2021\\\/12\\\/LesBois.png\",\"contentUrl\":\"https:\\\/\\\/golflesbois.ch\\\/wp-content\\\/uploads\\\/2021\\\/12\\\/LesBois.png\",\"width\":130,\"height\":130,\"caption\":\"Golf Club Les Bois\"},\"image\":{\"@id\":\"https:\\\/\\\/golflesbois.ch\\\/#\\\/schema\\\/logo\\\/image\\\/\"}}]}<\/script>\n<!-- \/ Yoast SEO plugin. -->","yoast_head_json":{"title":"La chasse - Golf Club Les Bois","robots":{"index":"index","follow":"follow","max-snippet":"max-snippet:-1","max-image-preview":"max-image-preview:large","max-video-preview":"max-video-preview:-1"},"canonical":"https:\/\/golflesbois.ch\/la-chasse\/","og_locale":"de_DE","og_type":"article","og_title":"La chasse - Golf Club Les Bois","og_description":"Das wilde Reh in die Freiberge PGA-Men\u00fc: . Vorspeise der Saison Rehmedaillon nach Art des K\u00fcchenchefs Gesellige K\u00e4seplatte und Dessert der Saison &nbsp; Rehsattel aus den Franches-Montagnes\u00a0 Zwei Gerichte Nur mit Reservierung CHF 65.00 pro Person","og_url":"https:\/\/golflesbois.ch\/la-chasse\/","og_site_name":"Golf Club Les Bois","article_modified_time":"2024-12-02T08:57:50+00:00","og_image":[{"width":663,"height":875,"url":"https:\/\/golflesbois.ch\/wp-content\/uploads\/2024\/09\/chasse-2024.png","type":"image\/png"}],"twitter_card":"summary_large_image","schema":{"@context":"https:\/\/schema.org","@graph":[{"@type":"WebPage","@id":"https:\/\/golflesbois.ch\/la-chasse\/","url":"https:\/\/golflesbois.ch\/la-chasse\/","name":"La chasse - Golf Club Les Bois","isPartOf":{"@id":"https:\/\/golflesbois.ch\/#website"},"primaryImageOfPage":{"@id":"https:\/\/golflesbois.ch\/la-chasse\/#primaryimage"},"image":{"@id":"https:\/\/golflesbois.ch\/la-chasse\/#primaryimage"},"thumbnailUrl":"https:\/\/golflesbois.ch\/wp-content\/uploads\/2024\/09\/chasse-2024.png","datePublished":"2022-10-04T19:09:49+00:00","dateModified":"2024-12-02T08:57:50+00:00","breadcrumb":{"@id":"https:\/\/golflesbois.ch\/la-chasse\/#breadcrumb"},"inLanguage":"de","potentialAction":[{"@type":"ReadAction","target":["https:\/\/golflesbois.ch\/la-chasse\/"]}]},{"@type":"ImageObject","inLanguage":"de","@id":"https:\/\/golflesbois.ch\/la-chasse\/#primaryimage","url":"https:\/\/golflesbois.ch\/wp-content\/uploads\/2024\/09\/chasse-2024.png","contentUrl":"https:\/\/golflesbois.ch\/wp-content\/uploads\/2024\/09\/chasse-2024.png"},{"@type":"BreadcrumbList","@id":"https:\/\/golflesbois.ch\/la-chasse\/#breadcrumb","itemListElement":[{"@type":"ListItem","position":1,"name":"Accueil","item":"https:\/\/golflesbois.ch\/"},{"@type":"ListItem","position":2,"name":"La chasse"}]},{"@type":"WebSite","@id":"https:\/\/golflesbois.ch\/#website","url":"https:\/\/golflesbois.ch\/","name":"Golf Club Les Bois","description":"","publisher":{"@id":"https:\/\/golflesbois.ch\/#organization"},"potentialAction":[{"@type":"SearchAction","target":{"@type":"EntryPoint","urlTemplate":"https:\/\/golflesbois.ch\/?s={search_term_string}"},"query-input":{"@type":"PropertyValueSpecification","valueRequired":true,"valueName":"search_term_string"}}],"inLanguage":"de"},{"@type":"Organization","@id":"https:\/\/golflesbois.ch\/#organization","name":"Golf Club Les Bois","url":"https:\/\/golflesbois.ch\/","logo":{"@type":"ImageObject","inLanguage":"de","@id":"https:\/\/golflesbois.ch\/#\/schema\/logo\/image\/","url":"https:\/\/golflesbois.ch\/wp-content\/uploads\/2021\/12\/LesBois.png","contentUrl":"https:\/\/golflesbois.ch\/wp-content\/uploads\/2021\/12\/LesBois.png","width":130,"height":130,"caption":"Golf Club Les Bois"},"image":{"@id":"https:\/\/golflesbois.ch\/#\/schema\/logo\/image\/"}}]}},"rttpg_featured_image_url":null,"rttpg_author":{"display_name":"siteweb","author_link":"https:\/\/golflesbois.ch\/de\/author\/siteweb\/"},"rttpg_comment":0,"rttpg_category":" <a href=\"https:\/\/golflesbois.ch\/de\/?taxonomy=translation_priority&#038;term=optional\" rel=\"tag\">Optional<\/a>","rttpg_excerpt":"Das wilde Reh in die Freiberge PGA-Men\u00fc: . Vorspeise der Saison Rehmedaillon nach Art des K\u00fcchenchefs Gesellige K\u00e4seplatte und Dessert der Saison &nbsp; Rehsattel aus den Franches-Montagnes\u00a0 Zwei Gerichte Nur mit Reservierung CHF 65.00 pro Person","_links":{"self":[{"href":"https:\/\/golflesbois.ch\/de\/wp-json\/wp\/v2\/pages\/26360","targetHints":{"allow":["GET"]}}],"collection":[{"href":"https:\/\/golflesbois.ch\/de\/wp-json\/wp\/v2\/pages"}],"about":[{"href":"https:\/\/golflesbois.ch\/de\/wp-json\/wp\/v2\/types\/page"}],"author":[{"embeddable":true,"href":"https:\/\/golflesbois.ch\/de\/wp-json\/wp\/v2\/users\/1"}],"replies":[{"embeddable":true,"href":"https:\/\/golflesbois.ch\/de\/wp-json\/wp\/v2\/comments?post=26360"}],"version-history":[{"count":3,"href":"https:\/\/golflesbois.ch\/de\/wp-json\/wp\/v2\/pages\/26360\/revisions"}],"predecessor-version":[{"id":29598,"href":"https:\/\/golflesbois.ch\/de\/wp-json\/wp\/v2\/pages\/26360\/revisions\/29598"}],"wp:attachment":[{"href":"https:\/\/golflesbois.ch\/de\/wp-json\/wp\/v2\/media?parent=26360"}],"curies":[{"name":"wp","href":"https:\/\/api.w.org\/{rel}","templated":true}]}}