{"id":26524,"date":"2018-02-15T23:49:40","date_gmt":"2018-02-15T22:49:40","guid":{"rendered":"https:\/\/golflesbois.ch\/restaurant\/"},"modified":"2024-05-23T10:14:09","modified_gmt":"2024-05-23T08:14:09","slug":"restaurant","status":"publish","type":"page","link":"https:\/\/golflesbois.ch\/de\/restaurant\/","title":{"rendered":"Restaurant"},"content":{"rendered":"\t\t<div data-elementor-type=\"wp-page\" data-elementor-id=\"26524\" class=\"elementor elementor-26524 elementor-5709\" data-elementor-post-type=\"page\">\n\t\t\t\t\t\t<section data-dce-background-image-url=\"https:\/\/golflesbois.ch\/wp-content\/uploads\/2022\/02\/IMG_2770-1-scaled.jpg\" class=\"elementor-section elementor-top-section elementor-element elementor-element-4cb7e01 elementor-section-height-min-height elementor-section-boxed elementor-section-height-default elementor-section-items-middle\" data-id=\"4cb7e01\" data-element_type=\"section\" data-e-type=\"section\" data-settings=\"{&quot;jet_parallax_layout_list&quot;:[],&quot;background_background&quot;:&quot;classic&quot;}\">\n\t\t\t\t\t\t<div class=\"elementor-container elementor-column-gap-default\">\n\t\t\t\t\t<div class=\"elementor-column elementor-col-100 elementor-top-column elementor-element elementor-element-71e122a\" data-id=\"71e122a\" data-element_type=\"column\" data-e-type=\"column\">\n\t\t\t<div class=\"elementor-widget-wrap\">\n\t\t\t\t\t\t\t<\/div>\n\t\t<\/div>\n\t\t\t\t\t<\/div>\n\t\t<\/section>\n\t\t\t\t<section class=\"elementor-section elementor-top-section elementor-element elementor-element-50e71a5 elementor-section-boxed elementor-section-height-default elementor-section-height-default\" data-id=\"50e71a5\" data-element_type=\"section\" data-e-type=\"section\" data-settings=\"{&quot;jet_parallax_layout_list&quot;:[]}\">\n\t\t\t\t\t\t<div class=\"elementor-container elementor-column-gap-default\">\n\t\t\t\t\t<div class=\"elementor-column elementor-col-25 elementor-top-column elementor-element elementor-element-5a26e3c\" data-id=\"5a26e3c\" data-element_type=\"column\" data-e-type=\"column\">\n\t\t\t<div class=\"elementor-widget-wrap\">\n\t\t\t\t\t\t\t<\/div>\n\t\t<\/div>\n\t\t\t\t<div class=\"elementor-column elementor-col-50 elementor-top-column elementor-element elementor-element-bb761ff\" data-id=\"bb761ff\" data-element_type=\"column\" data-e-type=\"column\">\n\t\t\t<div class=\"elementor-widget-wrap elementor-element-populated\">\n\t\t\t\t\t\t<div class=\"elementor-element elementor-element-731274e elementor-widget elementor-widget-heading\" data-id=\"731274e\" data-element_type=\"widget\" data-e-type=\"widget\" data-widget_type=\"heading.default\">\n\t\t\t\t<div class=\"elementor-widget-container\">\n\t\t\t\t\t<h1 class=\"elementor-heading-title elementor-size-default\">Osterfeiertage, Whisky and Dine, Muttertag<\/h1>\t\t\t\t<\/div>\n\t\t\t\t<\/div>\n\t\t\t\t<div data-dce-text-color=\"#FF0000\" class=\"elementor-element elementor-element-8f44244 elementor-widget elementor-widget-text-editor\" data-id=\"8f44244\" data-element_type=\"widget\" data-e-type=\"widget\" data-widget_type=\"text-editor.default\">\n\t\t\t\t<div class=\"elementor-widget-container\">\n\t\t\t\t\t\t\t\t\t<p>Das Restaurant des Golf les Bois ist t\u00e4glich von 8:00 bis 23:00 Uhr ge\u00f6ffnet. Die K\u00fcche ist von 11:30 Uhr nonstop bis 22:00 Uhr ge\u00f6ffnet.<\/p>\n\t\t\t\t\t\t\t\t<\/div>\n\t\t\t\t<\/div>\n\t\t\t\t<div class=\"elementor-element elementor-element-34843f5 elementor-widget elementor-widget-text-editor\" data-id=\"34843f5\" data-element_type=\"widget\" data-e-type=\"widget\" data-widget_type=\"text-editor.default\">\n\t\t\t\t<div class=\"elementor-widget-container\">\n\t\t\t\t\t\t\t\t\t<p>Wir freuen uns darauf, Sie in der Saison 2024 wiederzusehen.<\/p>\n<p>Wir stehen Ihnen f\u00fcr eine Tischreservierung oder f\u00fcr die Organisation einer Veranstaltung in dieser Saison 2024 gerne zur Verf\u00fcgung.<\/p>\n<p>E-mail: info@restaurantdugolflesbois.ch oder per Telefon 032 961 18 26.<\/p>\n<p>Im gem\u00fctlichen Rahmen eines renovierten alten jurassischen Bauernhauses freuen sich Fabian Adam und sein Team, Sie mit einer abwechslungsreichen Karte zu empfangen, die Ihre Geschmacksnerven wecken wird.<\/p>\n\t\t\t\t\t\t\t\t<\/div>\n\t\t\t\t<\/div>\n\t\t\t\t<div class=\"elementor-element elementor-element-443919f elementor-widget elementor-widget-text-editor\" data-id=\"443919f\" data-element_type=\"widget\" data-e-type=\"widget\" data-widget_type=\"text-editor.default\">\n\t\t\t\t<div class=\"elementor-widget-container\">\n\t\t\t\t\t\t\t\t\t<p><strong>Das Restaurant besteht aus :<\/strong><\/p>\n<ul>\n<li>einem Bar-\/Brasseriebereich mit 25 bis 30 Pl\u00e4tzen<\/li>\n<li>einem Ess-\/Loungebereich mit 80 bis 150 Pl\u00e4tzen und einer Lounge mit 20 Pl\u00e4tzen<\/li>\n<li>einem Veranda-Speisesaal mit 80 bis 150 Pl\u00e4tzen.<\/li>\n<li>Bankett von 10 Personen bis 300 Personen<\/li>\n<li>einer wundersch\u00f6nen Terrasse mit 100 Pl\u00e4tzen, die direkt mit dem Speisesaal verbunden ist.<\/li>\n<li>einem Seminarraum mit Videoprojektor und Leinwand f\u00fcr 10 bis 60 Personen.<\/li>\n<li>Eine ideale Adresse, um zu jeder Tageszeit zu speisen.<\/li>\n<\/ul>\n\t\t\t\t\t\t\t\t<\/div>\n\t\t\t\t<\/div>\n\t\t\t\t<div class=\"elementor-element elementor-element-1552dc9 elementor-widget elementor-widget-text-editor\" data-id=\"1552dc9\" data-element_type=\"widget\" data-e-type=\"widget\" data-widget_type=\"text-editor.default\">\n\t\t\t\t<div class=\"elementor-widget-container\">\n\t\t\t\t\t\t\t\t\t<p>Nach Ihrer Golfrunde sollten Sie unbedingt die herrliche Terrasse mit einem au\u00dfergew\u00f6hnlichen Blick auf das Gr\u00fcn von 18 genie\u00dfen. Das Restaurant ist w\u00e4hrend der \u00d6ffnungszeiten des Golfplatzes t\u00e4glich ab 8:30 Uhr ge\u00f6ffnet. Besucher sind herzlich willkommen.<\/p>\n\t\t\t\t\t\t\t\t<\/div>\n\t\t\t\t<\/div>\n\t\t\t\t\t<\/div>\n\t\t<\/div>\n\t\t\t\t<div class=\"elementor-column elementor-col-25 elementor-top-column elementor-element elementor-element-f42081f\" data-id=\"f42081f\" data-element_type=\"column\" data-e-type=\"column\">\n\t\t\t<div class=\"elementor-widget-wrap\">\n\t\t\t\t\t\t\t<\/div>\n\t\t<\/div>\n\t\t\t\t\t<\/div>\n\t\t<\/section>\n\t\t\t\t<\/div>\n\t\t","protected":false},"excerpt":{"rendered":"<p>Osterfeiertage, Whisky and Dine, Muttertag Das Restaurant des Golf les Bois ist t\u00e4glich von 8:00 bis 23:00 Uhr ge\u00f6ffnet. Die K\u00fcche ist von 11:30 Uhr nonstop bis 22:00 Uhr ge\u00f6ffnet. Wir freuen uns darauf, Sie in der Saison 2024 wiederzusehen. Wir stehen Ihnen f\u00fcr eine Tischreservierung oder f\u00fcr die Organisation einer Veranstaltung in dieser Saison [&hellip;]<\/p>\n","protected":false},"author":2,"featured_media":0,"parent":0,"menu_order":0,"comment_status":"closed","ping_status":"closed","template":"","meta":{"_acf_changed":false,"footnotes":""},"class_list":["post-26524","page","type-page","status-publish","hentry"],"acf":[],"yoast_head":"<!-- This site is optimized with the Yoast SEO plugin v27.5 - https:\/\/yoast.com\/product\/yoast-seo-wordpress\/ -->\n<title>Restaurant - Golf Club Les Bois<\/title>\n<meta name=\"robots\" content=\"index, follow, max-snippet:-1, max-image-preview:large, max-video-preview:-1\" \/>\n<link rel=\"canonical\" href=\"https:\/\/golflesbois.ch\/restaurant\/\" \/>\n<meta property=\"og:locale\" content=\"de_DE\" \/>\n<meta property=\"og:type\" content=\"article\" \/>\n<meta property=\"og:title\" content=\"Restaurant - Golf Club Les Bois\" \/>\n<meta property=\"og:description\" content=\"Osterfeiertage, Whisky and Dine, Muttertag Das Restaurant des Golf les Bois ist t\u00e4glich von 8:00 bis 23:00 Uhr ge\u00f6ffnet. Die K\u00fcche ist von 11:30 Uhr nonstop bis 22:00 Uhr ge\u00f6ffnet. Wir freuen uns darauf, Sie in der Saison 2024 wiederzusehen. Wir stehen Ihnen f\u00fcr eine Tischreservierung oder f\u00fcr die Organisation einer Veranstaltung in dieser Saison [&hellip;]\" \/>\n<meta property=\"og:url\" content=\"https:\/\/golflesbois.ch\/restaurant\/\" \/>\n<meta property=\"og:site_name\" content=\"Golf Club Les Bois\" \/>\n<meta property=\"article:modified_time\" content=\"2024-05-23T08:14:09+00:00\" \/>\n<meta name=\"twitter:card\" content=\"summary_large_image\" \/>\n<meta name=\"twitter:label1\" content=\"Gesch\u00e4tzte Lesezeit\" \/>\n\t<meta name=\"twitter:data1\" content=\"1\u00a0Minute\" \/>\n<script type=\"application\/ld+json\" class=\"yoast-schema-graph\">{\"@context\":\"https:\\\/\\\/schema.org\",\"@graph\":[{\"@type\":\"WebPage\",\"@id\":\"https:\\\/\\\/golflesbois.ch\\\/restaurant\\\/\",\"url\":\"https:\\\/\\\/golflesbois.ch\\\/restaurant\\\/\",\"name\":\"Restaurant - Golf Club Les Bois\",\"isPartOf\":{\"@id\":\"https:\\\/\\\/golflesbois.ch\\\/#website\"},\"datePublished\":\"2018-02-15T22:49:40+00:00\",\"dateModified\":\"2024-05-23T08:14:09+00:00\",\"breadcrumb\":{\"@id\":\"https:\\\/\\\/golflesbois.ch\\\/restaurant\\\/#breadcrumb\"},\"inLanguage\":\"de\",\"potentialAction\":[{\"@type\":\"ReadAction\",\"target\":[\"https:\\\/\\\/golflesbois.ch\\\/restaurant\\\/\"]}]},{\"@type\":\"BreadcrumbList\",\"@id\":\"https:\\\/\\\/golflesbois.ch\\\/restaurant\\\/#breadcrumb\",\"itemListElement\":[{\"@type\":\"ListItem\",\"position\":1,\"name\":\"Accueil\",\"item\":\"https:\\\/\\\/golflesbois.ch\\\/\"},{\"@type\":\"ListItem\",\"position\":2,\"name\":\"Restaurant\"}]},{\"@type\":\"WebSite\",\"@id\":\"https:\\\/\\\/golflesbois.ch\\\/#website\",\"url\":\"https:\\\/\\\/golflesbois.ch\\\/\",\"name\":\"Golf Club Les Bois\",\"description\":\"\",\"publisher\":{\"@id\":\"https:\\\/\\\/golflesbois.ch\\\/#organization\"},\"potentialAction\":[{\"@type\":\"SearchAction\",\"target\":{\"@type\":\"EntryPoint\",\"urlTemplate\":\"https:\\\/\\\/golflesbois.ch\\\/?s={search_term_string}\"},\"query-input\":{\"@type\":\"PropertyValueSpecification\",\"valueRequired\":true,\"valueName\":\"search_term_string\"}}],\"inLanguage\":\"de\"},{\"@type\":\"Organization\",\"@id\":\"https:\\\/\\\/golflesbois.ch\\\/#organization\",\"name\":\"Golf Club Les Bois\",\"url\":\"https:\\\/\\\/golflesbois.ch\\\/\",\"logo\":{\"@type\":\"ImageObject\",\"inLanguage\":\"de\",\"@id\":\"https:\\\/\\\/golflesbois.ch\\\/#\\\/schema\\\/logo\\\/image\\\/\",\"url\":\"https:\\\/\\\/golflesbois.ch\\\/wp-content\\\/uploads\\\/2021\\\/12\\\/LesBois.png\",\"contentUrl\":\"https:\\\/\\\/golflesbois.ch\\\/wp-content\\\/uploads\\\/2021\\\/12\\\/LesBois.png\",\"width\":130,\"height\":130,\"caption\":\"Golf Club Les Bois\"},\"image\":{\"@id\":\"https:\\\/\\\/golflesbois.ch\\\/#\\\/schema\\\/logo\\\/image\\\/\"}}]}<\/script>\n<!-- \/ Yoast SEO plugin. -->","yoast_head_json":{"title":"Restaurant - Golf Club Les Bois","robots":{"index":"index","follow":"follow","max-snippet":"max-snippet:-1","max-image-preview":"max-image-preview:large","max-video-preview":"max-video-preview:-1"},"canonical":"https:\/\/golflesbois.ch\/restaurant\/","og_locale":"de_DE","og_type":"article","og_title":"Restaurant - Golf Club Les Bois","og_description":"Osterfeiertage, Whisky and Dine, Muttertag Das Restaurant des Golf les Bois ist t\u00e4glich von 8:00 bis 23:00 Uhr ge\u00f6ffnet. Die K\u00fcche ist von 11:30 Uhr nonstop bis 22:00 Uhr ge\u00f6ffnet. Wir freuen uns darauf, Sie in der Saison 2024 wiederzusehen. Wir stehen Ihnen f\u00fcr eine Tischreservierung oder f\u00fcr die Organisation einer Veranstaltung in dieser Saison [&hellip;]","og_url":"https:\/\/golflesbois.ch\/restaurant\/","og_site_name":"Golf Club Les Bois","article_modified_time":"2024-05-23T08:14:09+00:00","twitter_card":"summary_large_image","twitter_misc":{"Gesch\u00e4tzte Lesezeit":"1\u00a0Minute"},"schema":{"@context":"https:\/\/schema.org","@graph":[{"@type":"WebPage","@id":"https:\/\/golflesbois.ch\/restaurant\/","url":"https:\/\/golflesbois.ch\/restaurant\/","name":"Restaurant - Golf Club Les Bois","isPartOf":{"@id":"https:\/\/golflesbois.ch\/#website"},"datePublished":"2018-02-15T22:49:40+00:00","dateModified":"2024-05-23T08:14:09+00:00","breadcrumb":{"@id":"https:\/\/golflesbois.ch\/restaurant\/#breadcrumb"},"inLanguage":"de","potentialAction":[{"@type":"ReadAction","target":["https:\/\/golflesbois.ch\/restaurant\/"]}]},{"@type":"BreadcrumbList","@id":"https:\/\/golflesbois.ch\/restaurant\/#breadcrumb","itemListElement":[{"@type":"ListItem","position":1,"name":"Accueil","item":"https:\/\/golflesbois.ch\/"},{"@type":"ListItem","position":2,"name":"Restaurant"}]},{"@type":"WebSite","@id":"https:\/\/golflesbois.ch\/#website","url":"https:\/\/golflesbois.ch\/","name":"Golf Club Les Bois","description":"","publisher":{"@id":"https:\/\/golflesbois.ch\/#organization"},"potentialAction":[{"@type":"SearchAction","target":{"@type":"EntryPoint","urlTemplate":"https:\/\/golflesbois.ch\/?s={search_term_string}"},"query-input":{"@type":"PropertyValueSpecification","valueRequired":true,"valueName":"search_term_string"}}],"inLanguage":"de"},{"@type":"Organization","@id":"https:\/\/golflesbois.ch\/#organization","name":"Golf Club Les Bois","url":"https:\/\/golflesbois.ch\/","logo":{"@type":"ImageObject","inLanguage":"de","@id":"https:\/\/golflesbois.ch\/#\/schema\/logo\/image\/","url":"https:\/\/golflesbois.ch\/wp-content\/uploads\/2021\/12\/LesBois.png","contentUrl":"https:\/\/golflesbois.ch\/wp-content\/uploads\/2021\/12\/LesBois.png","width":130,"height":130,"caption":"Golf Club Les Bois"},"image":{"@id":"https:\/\/golflesbois.ch\/#\/schema\/logo\/image\/"}}]}},"rttpg_featured_image_url":null,"rttpg_author":{"display_name":"golfrestaurant","author_link":"https:\/\/golflesbois.ch\/de\/author\/golfrestaurant\/"},"rttpg_comment":0,"rttpg_category":" <a href=\"https:\/\/golflesbois.ch\/de\/?taxonomy=translation_priority&#038;term=optional\" rel=\"tag\">Optional<\/a>","rttpg_excerpt":"Osterfeiertage, Whisky and Dine, Muttertag Das Restaurant des Golf les Bois ist t\u00e4glich von 8:00 bis 23:00 Uhr ge\u00f6ffnet. Die K\u00fcche ist von 11:30 Uhr nonstop bis 22:00 Uhr ge\u00f6ffnet. Wir freuen uns darauf, Sie in der Saison 2024 wiederzusehen. Wir stehen Ihnen f\u00fcr eine Tischreservierung oder f\u00fcr die Organisation einer Veranstaltung in dieser Saison&hellip;","_links":{"self":[{"href":"https:\/\/golflesbois.ch\/de\/wp-json\/wp\/v2\/pages\/26524","targetHints":{"allow":["GET"]}}],"collection":[{"href":"https:\/\/golflesbois.ch\/de\/wp-json\/wp\/v2\/pages"}],"about":[{"href":"https:\/\/golflesbois.ch\/de\/wp-json\/wp\/v2\/types\/page"}],"author":[{"embeddable":true,"href":"https:\/\/golflesbois.ch\/de\/wp-json\/wp\/v2\/users\/2"}],"replies":[{"embeddable":true,"href":"https:\/\/golflesbois.ch\/de\/wp-json\/wp\/v2\/comments?post=26524"}],"version-history":[{"count":6,"href":"https:\/\/golflesbois.ch\/de\/wp-json\/wp\/v2\/pages\/26524\/revisions"}],"predecessor-version":[{"id":28149,"href":"https:\/\/golflesbois.ch\/de\/wp-json\/wp\/v2\/pages\/26524\/revisions\/28149"}],"wp:attachment":[{"href":"https:\/\/golflesbois.ch\/de\/wp-json\/wp\/v2\/media?parent=26524"}],"curies":[{"name":"wp","href":"https:\/\/api.w.org\/{rel}","templated":true}]}}