{"id":26530,"date":"2022-02-21T19:27:37","date_gmt":"2022-02-21T18:27:37","guid":{"rendered":"https:\/\/golflesbois.ch\/restaurant\/banquet-seminaire\/"},"modified":"2024-10-31T08:52:35","modified_gmt":"2024-10-31T07:52:35","slug":"banquet-seminaire","status":"publish","type":"page","link":"https:\/\/golflesbois.ch\/de\/restaurant\/banquet-seminaire\/","title":{"rendered":"Banquet &#038; s\u00e9minaire"},"content":{"rendered":"\t\t<div data-elementor-type=\"wp-page\" data-elementor-id=\"26530\" class=\"elementor elementor-26530 elementor-21746\" data-elementor-post-type=\"page\">\n\t\t\t\t\t\t<section data-dce-background-image-url=\"https:\/\/golflesbois.ch\/wp-content\/uploads\/2022\/02\/DSC_0005-scaled.jpg\" class=\"elementor-section elementor-top-section elementor-element elementor-element-4cb7e01 elementor-section-height-min-height elementor-section-boxed elementor-section-height-default elementor-section-items-middle\" data-id=\"4cb7e01\" data-element_type=\"section\" data-e-type=\"section\" data-settings=\"{&quot;jet_parallax_layout_list&quot;:[],&quot;background_background&quot;:&quot;classic&quot;}\">\n\t\t\t\t\t\t<div class=\"elementor-container elementor-column-gap-default\">\n\t\t\t\t\t<div class=\"elementor-column elementor-col-100 elementor-top-column elementor-element elementor-element-71e122a\" data-id=\"71e122a\" data-element_type=\"column\" data-e-type=\"column\">\n\t\t\t<div class=\"elementor-widget-wrap\">\n\t\t\t\t\t\t\t<\/div>\n\t\t<\/div>\n\t\t\t\t\t<\/div>\n\t\t<\/section>\n\t\t\t\t<section class=\"elementor-section elementor-top-section elementor-element elementor-element-50e71a5 elementor-section-boxed elementor-section-height-default elementor-section-height-default\" data-id=\"50e71a5\" data-element_type=\"section\" data-e-type=\"section\" data-settings=\"{&quot;jet_parallax_layout_list&quot;:[]}\">\n\t\t\t\t\t\t<div class=\"elementor-container elementor-column-gap-default\">\n\t\t\t\t\t<div class=\"elementor-column elementor-col-25 elementor-top-column elementor-element elementor-element-5a26e3c\" data-id=\"5a26e3c\" data-element_type=\"column\" data-e-type=\"column\">\n\t\t\t<div class=\"elementor-widget-wrap\">\n\t\t\t\t\t\t\t<\/div>\n\t\t<\/div>\n\t\t\t\t<div class=\"elementor-column elementor-col-50 elementor-top-column elementor-element elementor-element-bb761ff\" data-id=\"bb761ff\" data-element_type=\"column\" data-e-type=\"column\">\n\t\t\t<div class=\"elementor-widget-wrap elementor-element-populated\">\n\t\t\t\t\t\t<div class=\"elementor-element elementor-element-731274e elementor-widget elementor-widget-heading\" data-id=\"731274e\" data-element_type=\"widget\" data-e-type=\"widget\" data-widget_type=\"heading.default\">\n\t\t\t\t<div class=\"elementor-widget-container\">\n\t\t\t\t\t<h1 class=\"elementor-heading-title elementor-size-default\">Bankett<\/h1>\t\t\t\t<\/div>\n\t\t\t\t<\/div>\n\t\t\t\t<div class=\"elementor-element elementor-element-443919f elementor-widget elementor-widget-text-editor\" data-id=\"443919f\" data-element_type=\"widget\" data-e-type=\"widget\" data-widget_type=\"text-editor.default\">\n\t\t\t\t<div class=\"elementor-widget-container\">\n\t\t\t\t\t\t\t\t\t<p>Unser Restaurant ist der ideale Ort f\u00fcr Ihre Veranstaltungen wie Geburtstage, Gesch\u00e4ftsessen, Versammlungen von Zeitgenossen oder andere Events.<\/p>\n<p>Unser kulinarisches Konzept beruht auf dem Respekt vor den Jahreszeiten, frischen Produkten aus der Region, wenn m\u00f6glich von uns selbst gekocht. Deshalb erstellen wir ma\u00dfgeschneiderte Angebote je nach Ihrem Budget und Ihren W\u00fcnschen oder Vorstellungen.<\/p>\n<p>Wir stehen Ihnen vor Ort, telefonisch oder per E-Mail zur Verf\u00fcgung, um Sie bei der Organisation Ihrer Veranstaltung zu beraten.<\/p>\n<p><strong>Das Restaurant besteht aus :<\/strong><\/p>\n<ul>\n<li>einem Bar-\/Brasseriebereich mit 25 bis 30 Pl\u00e4tzen<\/li>\n<li>einem Speisesaal und einer Lounge mit 80 bis 150 Pl\u00e4tzen und einer Lounge mit 20 Pl\u00e4tzen<\/li>\n<li>einem Veranda-Speisesaal mit 80 bis 150 Pl\u00e4tzen<\/li>\n<li>einer wundersch\u00f6nen Terrasse mit 100 Pl\u00e4tzen, die direkt an den Speisesaal angeschlossen ist<\/li>\n<li>einem Seminarraum mit Beamer und Projektionswand f\u00fcr 10 bis 120 Pl\u00e4tze<\/li>\n<\/ul>\n<p>Eine ideale Adresse, um zu jeder Tageszeit etwas zu essen.<\/p>\n\t\t\t\t\t\t\t\t<\/div>\n\t\t\t\t<\/div>\n\t\t\t\t\t<\/div>\n\t\t<\/div>\n\t\t\t\t<div class=\"elementor-column elementor-col-25 elementor-top-column elementor-element elementor-element-f42081f\" data-id=\"f42081f\" data-element_type=\"column\" data-e-type=\"column\">\n\t\t\t<div class=\"elementor-widget-wrap\">\n\t\t\t\t\t\t\t<\/div>\n\t\t<\/div>\n\t\t\t\t\t<\/div>\n\t\t<\/section>\n\t\t\t\t<section data-dce-background-image-url=\"https:\/\/golflesbois.ch\/wp-content\/uploads\/2022\/02\/GH6_F.jpg\" class=\"elementor-section elementor-top-section elementor-element elementor-element-87a99b7 elementor-section-height-min-height elementor-section-boxed elementor-section-height-default elementor-section-items-middle\" data-id=\"87a99b7\" data-element_type=\"section\" data-e-type=\"section\" data-settings=\"{&quot;jet_parallax_layout_list&quot;:[],&quot;background_background&quot;:&quot;classic&quot;}\">\n\t\t\t\t\t\t<div class=\"elementor-container elementor-column-gap-default\">\n\t\t\t\t\t<div class=\"elementor-column elementor-col-100 elementor-top-column elementor-element elementor-element-a5c1ec0\" data-id=\"a5c1ec0\" data-element_type=\"column\" data-e-type=\"column\">\n\t\t\t<div class=\"elementor-widget-wrap\">\n\t\t\t\t\t\t\t<\/div>\n\t\t<\/div>\n\t\t\t\t\t<\/div>\n\t\t<\/section>\n\t\t\t\t<section class=\"elementor-section elementor-top-section elementor-element elementor-element-649d382 elementor-section-boxed elementor-section-height-default elementor-section-height-default\" data-id=\"649d382\" data-element_type=\"section\" data-e-type=\"section\" data-settings=\"{&quot;jet_parallax_layout_list&quot;:[]}\">\n\t\t\t\t\t\t<div class=\"elementor-container elementor-column-gap-default\">\n\t\t\t\t\t<div class=\"elementor-column elementor-col-25 elementor-top-column elementor-element elementor-element-a613b2b\" data-id=\"a613b2b\" data-element_type=\"column\" data-e-type=\"column\">\n\t\t\t<div class=\"elementor-widget-wrap\">\n\t\t\t\t\t\t\t<\/div>\n\t\t<\/div>\n\t\t\t\t<div class=\"elementor-column elementor-col-50 elementor-top-column elementor-element elementor-element-51ef6b2\" data-id=\"51ef6b2\" data-element_type=\"column\" data-e-type=\"column\">\n\t\t\t<div class=\"elementor-widget-wrap elementor-element-populated\">\n\t\t\t\t\t\t<div class=\"elementor-element elementor-element-bbcc189 elementor-widget elementor-widget-heading\" data-id=\"bbcc189\" data-element_type=\"widget\" data-e-type=\"widget\" data-widget_type=\"heading.default\">\n\t\t\t\t<div class=\"elementor-widget-container\">\n\t\t\t\t\t<h1 class=\"elementor-heading-title elementor-size-default\">Seminar und Konferenz<\/h1>\t\t\t\t<\/div>\n\t\t\t\t<\/div>\n\t\t\t\t<div class=\"elementor-element elementor-element-0774dfd elementor-widget elementor-widget-text-editor\" data-id=\"0774dfd\" data-element_type=\"widget\" data-e-type=\"widget\" data-widget_type=\"text-editor.default\">\n\t\t\t\t<div class=\"elementor-widget-container\">\n\t\t\t\t\t\t\t\t\tWir haben 2 Seminarr\u00e4ume, die komplett ausgestattet sind: Beamer + Leinwand, Flipchart und Filzstift, Wifi.\r\nDer gro\u00dfe Saal hat eine Kapazit\u00e4t von 10 bis 60 Personen f\u00fcr ein Seminar im Schulformat und bis zu 120 Personen im Theaterformat.\r\nDer kleine Saal hat eine Kapazit\u00e4t von 4 bis 12 Personen f\u00fcr ein Seminar im Schulformat oder einen rechteckigen Tisch.\r\n\r\n<strong>Wir bieten Ihnen unsere folgenden Pauschalangebote an:<\/strong>\r\n<ul>\r\n \t<li>Preis All-in-One Seminar und Konferenz<\/li>\r\n \t<li>Ganzer Tag CHF 115.- pro Person<\/li>\r\n \t<li>Halber Tag CHF 90.- pro Person<\/li>\r\n<\/ul>\r\n<strong>\r\nGanzer Tag<\/strong>\r\n<ul>\r\n \t<li>Empfang mit Kaffee und Croissant<\/li>\r\n \t<li>Raum mit nat\u00fcrlichem Licht<\/li>\r\n \t<li>Individuelles Raumlayout<\/li>\r\n \t<li>Projektionsausr\u00fcstung (Beamer und Leinwand)<\/li>\r\n \t<li>Flipchart mit Papier und Filzstiften<\/li>\r\n \t<li>Notizblock und Stifte<\/li>\r\n \t<li>Wifi-Zugang<\/li>\r\n \t<li>Mineralwasser auf den Seminartischen<\/li>\r\n \t<li>Kaffeemaschine im Raum<\/li>\r\n \t<li>Frischer Obstkorb, M\u00fcslizweige und hausgemachter Kuchen<\/li>\r\n \t<li>3-G\u00e4nge-Mittagsmen\u00fc (ohne Getr\u00e4nke)<\/li>\r\n \t<li>1 Kaffeepause und 1 Kugel Eis nachmittags<\/li>\r\n<\/ul>\r\n<strong>\r\nHalber Tag<\/strong>\r\n<ul>\r\n \t<li>Empfang mit Kaffee und Croissant oder Kaffeepause + italienisches Eis am Nachmittag<\/li>\r\n \t<li>Raum mit nat\u00fcrlichem Licht<\/li>\r\n \t<li>Individuelles Raumlayout<\/li>\r\n \t<li>Projektionsausr\u00fcstung (Beamer und Leinwand)<\/li>\r\n \t<li>Flipchart mit Papier und Filzstiften<\/li>\r\n \t<li>Notizbl\u00f6cke und Stifte<\/li>\r\n \t<li>Wifi-Zugang<\/li>\r\n \t<li>Mineralwasser auf den Seminartischen<\/li>\r\n \t<li>Kaffeemaschine im Raum<\/li>\r\n \t<li>Korb mit frischem Obst, M\u00fcslizweigen und hausgemachtem Kuchen<\/li>\r\n \t<li>3-G\u00e4nge-Mittagessen (ohne Getr\u00e4nke)<\/li>\r\n<\/ul>\r\n<strong>\r\nWir bieten Ihnen zus\u00e4tzlich an:<\/strong>\r\n<ul>\r\n \t<li>PGA-Men\u00fc anstelle des Mittagessens 3 G\u00e4nge + 28.00 pro Person (ohne Getr\u00e4nke)<\/li>\r\n \t<li>Aperitif am Ende des Seminars: Trilogie von hausgemachten Cro\u00fbtons im Laufe der Jahreszeiten + 7.50 pro Person (Getr\u00e4nke \u00e0 la carte)<\/li>\r\n \t<li>Aperitif und K\u00e4sefondue am Ende des Seminars: Aperitifteller + Sterchi K\u00e4sefondue + Damassine Sorbet mit Wasser 43.00 pro Person<\/li>\r\n \t<li>Ma\u00dfgeschneidertes Angebot: Aperitif oder Men\u00fc nach Ihren W\u00fcnschen<\/li>\r\n<\/ul>\t\t\t\t\t\t\t\t<\/div>\n\t\t\t\t<\/div>\n\t\t\t\t\t<\/div>\n\t\t<\/div>\n\t\t\t\t<div class=\"elementor-column elementor-col-25 elementor-top-column elementor-element elementor-element-fa25a68\" data-id=\"fa25a68\" data-element_type=\"column\" data-e-type=\"column\">\n\t\t\t<div class=\"elementor-widget-wrap\">\n\t\t\t\t\t\t\t<\/div>\n\t\t<\/div>\n\t\t\t\t\t<\/div>\n\t\t<\/section>\n\t\t\t\t<\/div>\n\t\t","protected":false},"excerpt":{"rendered":"<p>Bankett Unser Restaurant ist der ideale Ort f\u00fcr Ihre Veranstaltungen wie Geburtstage, Gesch\u00e4ftsessen, Versammlungen von Zeitgenossen oder andere Events. Unser kulinarisches Konzept beruht auf dem Respekt vor den Jahreszeiten, frischen Produkten aus der Region, wenn m\u00f6glich von uns selbst gekocht. Deshalb erstellen wir ma\u00dfgeschneiderte Angebote je nach Ihrem Budget und Ihren W\u00fcnschen oder Vorstellungen. Wir [&hellip;]<\/p>\n","protected":false},"author":2,"featured_media":0,"parent":26524,"menu_order":0,"comment_status":"closed","ping_status":"closed","template":"","meta":{"_acf_changed":false,"footnotes":""},"class_list":["post-26530","page","type-page","status-publish","hentry"],"acf":[],"yoast_head":"<!-- This site is optimized with the Yoast SEO plugin v27.5 - https:\/\/yoast.com\/product\/yoast-seo-wordpress\/ -->\n<title>Banquet &amp; s\u00e9minaire - Golf Club Les Bois<\/title>\n<meta name=\"robots\" content=\"index, follow, max-snippet:-1, max-image-preview:large, max-video-preview:-1\" \/>\n<link rel=\"canonical\" href=\"https:\/\/golflesbois.ch\/restaurant\/banquet-seminaire\/\" \/>\n<meta property=\"og:locale\" content=\"de_DE\" \/>\n<meta property=\"og:type\" content=\"article\" \/>\n<meta property=\"og:title\" content=\"Banquet &amp; s\u00e9minaire - Golf Club Les Bois\" \/>\n<meta property=\"og:description\" content=\"Bankett Unser Restaurant ist der ideale Ort f\u00fcr Ihre Veranstaltungen wie Geburtstage, Gesch\u00e4ftsessen, Versammlungen von Zeitgenossen oder andere Events. Unser kulinarisches Konzept beruht auf dem Respekt vor den Jahreszeiten, frischen Produkten aus der Region, wenn m\u00f6glich von uns selbst gekocht. Deshalb erstellen wir ma\u00dfgeschneiderte Angebote je nach Ihrem Budget und Ihren W\u00fcnschen oder Vorstellungen. Wir [&hellip;]\" \/>\n<meta property=\"og:url\" content=\"https:\/\/golflesbois.ch\/restaurant\/banquet-seminaire\/\" \/>\n<meta property=\"og:site_name\" content=\"Golf Club Les Bois\" \/>\n<meta property=\"article:modified_time\" content=\"2024-10-31T07:52:35+00:00\" \/>\n<meta name=\"twitter:card\" content=\"summary_large_image\" \/>\n<meta name=\"twitter:label1\" content=\"Gesch\u00e4tzte Lesezeit\" \/>\n\t<meta name=\"twitter:data1\" content=\"2\u00a0Minuten\" \/>\n<script type=\"application\/ld+json\" class=\"yoast-schema-graph\">{\"@context\":\"https:\\\/\\\/schema.org\",\"@graph\":[{\"@type\":\"WebPage\",\"@id\":\"https:\\\/\\\/golflesbois.ch\\\/restaurant\\\/banquet-seminaire\\\/\",\"url\":\"https:\\\/\\\/golflesbois.ch\\\/restaurant\\\/banquet-seminaire\\\/\",\"name\":\"Banquet & s\u00e9minaire - Golf Club Les Bois\",\"isPartOf\":{\"@id\":\"https:\\\/\\\/golflesbois.ch\\\/#website\"},\"datePublished\":\"2022-02-21T18:27:37+00:00\",\"dateModified\":\"2024-10-31T07:52:35+00:00\",\"breadcrumb\":{\"@id\":\"https:\\\/\\\/golflesbois.ch\\\/restaurant\\\/banquet-seminaire\\\/#breadcrumb\"},\"inLanguage\":\"de\",\"potentialAction\":[{\"@type\":\"ReadAction\",\"target\":[\"https:\\\/\\\/golflesbois.ch\\\/restaurant\\\/banquet-seminaire\\\/\"]}]},{\"@type\":\"BreadcrumbList\",\"@id\":\"https:\\\/\\\/golflesbois.ch\\\/restaurant\\\/banquet-seminaire\\\/#breadcrumb\",\"itemListElement\":[{\"@type\":\"ListItem\",\"position\":1,\"name\":\"Accueil\",\"item\":\"https:\\\/\\\/golflesbois.ch\\\/\"},{\"@type\":\"ListItem\",\"position\":2,\"name\":\"Restaurant\",\"item\":\"https:\\\/\\\/golflesbois.ch\\\/restaurant\\\/\"},{\"@type\":\"ListItem\",\"position\":3,\"name\":\"Banquet &#038; s\u00e9minaire\"}]},{\"@type\":\"WebSite\",\"@id\":\"https:\\\/\\\/golflesbois.ch\\\/#website\",\"url\":\"https:\\\/\\\/golflesbois.ch\\\/\",\"name\":\"Golf Club Les Bois\",\"description\":\"\",\"publisher\":{\"@id\":\"https:\\\/\\\/golflesbois.ch\\\/#organization\"},\"potentialAction\":[{\"@type\":\"SearchAction\",\"target\":{\"@type\":\"EntryPoint\",\"urlTemplate\":\"https:\\\/\\\/golflesbois.ch\\\/?s={search_term_string}\"},\"query-input\":{\"@type\":\"PropertyValueSpecification\",\"valueRequired\":true,\"valueName\":\"search_term_string\"}}],\"inLanguage\":\"de\"},{\"@type\":\"Organization\",\"@id\":\"https:\\\/\\\/golflesbois.ch\\\/#organization\",\"name\":\"Golf Club Les Bois\",\"url\":\"https:\\\/\\\/golflesbois.ch\\\/\",\"logo\":{\"@type\":\"ImageObject\",\"inLanguage\":\"de\",\"@id\":\"https:\\\/\\\/golflesbois.ch\\\/#\\\/schema\\\/logo\\\/image\\\/\",\"url\":\"https:\\\/\\\/golflesbois.ch\\\/wp-content\\\/uploads\\\/2021\\\/12\\\/LesBois.png\",\"contentUrl\":\"https:\\\/\\\/golflesbois.ch\\\/wp-content\\\/uploads\\\/2021\\\/12\\\/LesBois.png\",\"width\":130,\"height\":130,\"caption\":\"Golf Club Les Bois\"},\"image\":{\"@id\":\"https:\\\/\\\/golflesbois.ch\\\/#\\\/schema\\\/logo\\\/image\\\/\"}}]}<\/script>\n<!-- \/ Yoast SEO plugin. -->","yoast_head_json":{"title":"Banquet & s\u00e9minaire - Golf Club Les Bois","robots":{"index":"index","follow":"follow","max-snippet":"max-snippet:-1","max-image-preview":"max-image-preview:large","max-video-preview":"max-video-preview:-1"},"canonical":"https:\/\/golflesbois.ch\/restaurant\/banquet-seminaire\/","og_locale":"de_DE","og_type":"article","og_title":"Banquet & s\u00e9minaire - Golf Club Les Bois","og_description":"Bankett Unser Restaurant ist der ideale Ort f\u00fcr Ihre Veranstaltungen wie Geburtstage, Gesch\u00e4ftsessen, Versammlungen von Zeitgenossen oder andere Events. Unser kulinarisches Konzept beruht auf dem Respekt vor den Jahreszeiten, frischen Produkten aus der Region, wenn m\u00f6glich von uns selbst gekocht. Deshalb erstellen wir ma\u00dfgeschneiderte Angebote je nach Ihrem Budget und Ihren W\u00fcnschen oder Vorstellungen. Wir [&hellip;]","og_url":"https:\/\/golflesbois.ch\/restaurant\/banquet-seminaire\/","og_site_name":"Golf Club Les Bois","article_modified_time":"2024-10-31T07:52:35+00:00","twitter_card":"summary_large_image","twitter_misc":{"Gesch\u00e4tzte Lesezeit":"2\u00a0Minuten"},"schema":{"@context":"https:\/\/schema.org","@graph":[{"@type":"WebPage","@id":"https:\/\/golflesbois.ch\/restaurant\/banquet-seminaire\/","url":"https:\/\/golflesbois.ch\/restaurant\/banquet-seminaire\/","name":"Banquet & s\u00e9minaire - Golf Club Les Bois","isPartOf":{"@id":"https:\/\/golflesbois.ch\/#website"},"datePublished":"2022-02-21T18:27:37+00:00","dateModified":"2024-10-31T07:52:35+00:00","breadcrumb":{"@id":"https:\/\/golflesbois.ch\/restaurant\/banquet-seminaire\/#breadcrumb"},"inLanguage":"de","potentialAction":[{"@type":"ReadAction","target":["https:\/\/golflesbois.ch\/restaurant\/banquet-seminaire\/"]}]},{"@type":"BreadcrumbList","@id":"https:\/\/golflesbois.ch\/restaurant\/banquet-seminaire\/#breadcrumb","itemListElement":[{"@type":"ListItem","position":1,"name":"Accueil","item":"https:\/\/golflesbois.ch\/"},{"@type":"ListItem","position":2,"name":"Restaurant","item":"https:\/\/golflesbois.ch\/restaurant\/"},{"@type":"ListItem","position":3,"name":"Banquet &#038; s\u00e9minaire"}]},{"@type":"WebSite","@id":"https:\/\/golflesbois.ch\/#website","url":"https:\/\/golflesbois.ch\/","name":"Golf Club Les Bois","description":"","publisher":{"@id":"https:\/\/golflesbois.ch\/#organization"},"potentialAction":[{"@type":"SearchAction","target":{"@type":"EntryPoint","urlTemplate":"https:\/\/golflesbois.ch\/?s={search_term_string}"},"query-input":{"@type":"PropertyValueSpecification","valueRequired":true,"valueName":"search_term_string"}}],"inLanguage":"de"},{"@type":"Organization","@id":"https:\/\/golflesbois.ch\/#organization","name":"Golf Club Les Bois","url":"https:\/\/golflesbois.ch\/","logo":{"@type":"ImageObject","inLanguage":"de","@id":"https:\/\/golflesbois.ch\/#\/schema\/logo\/image\/","url":"https:\/\/golflesbois.ch\/wp-content\/uploads\/2021\/12\/LesBois.png","contentUrl":"https:\/\/golflesbois.ch\/wp-content\/uploads\/2021\/12\/LesBois.png","width":130,"height":130,"caption":"Golf Club Les Bois"},"image":{"@id":"https:\/\/golflesbois.ch\/#\/schema\/logo\/image\/"}}]}},"rttpg_featured_image_url":null,"rttpg_author":{"display_name":"golfrestaurant","author_link":"https:\/\/golflesbois.ch\/de\/author\/golfrestaurant\/"},"rttpg_comment":0,"rttpg_category":" <a href=\"https:\/\/golflesbois.ch\/de\/?taxonomy=translation_priority&#038;term=optional\" rel=\"tag\">Optional<\/a>","rttpg_excerpt":"Bankett Unser Restaurant ist der ideale Ort f\u00fcr Ihre Veranstaltungen wie Geburtstage, Gesch\u00e4ftsessen, Versammlungen von Zeitgenossen oder andere Events. Unser kulinarisches Konzept beruht auf dem Respekt vor den Jahreszeiten, frischen Produkten aus der Region, wenn m\u00f6glich von uns selbst gekocht. Deshalb erstellen wir ma\u00dfgeschneiderte Angebote je nach Ihrem Budget und Ihren W\u00fcnschen oder Vorstellungen. Wir&hellip;","_links":{"self":[{"href":"https:\/\/golflesbois.ch\/de\/wp-json\/wp\/v2\/pages\/26530","targetHints":{"allow":["GET"]}}],"collection":[{"href":"https:\/\/golflesbois.ch\/de\/wp-json\/wp\/v2\/pages"}],"about":[{"href":"https:\/\/golflesbois.ch\/de\/wp-json\/wp\/v2\/types\/page"}],"author":[{"embeddable":true,"href":"https:\/\/golflesbois.ch\/de\/wp-json\/wp\/v2\/users\/2"}],"replies":[{"embeddable":true,"href":"https:\/\/golflesbois.ch\/de\/wp-json\/wp\/v2\/comments?post=26530"}],"version-history":[{"count":4,"href":"https:\/\/golflesbois.ch\/de\/wp-json\/wp\/v2\/pages\/26530\/revisions"}],"predecessor-version":[{"id":29491,"href":"https:\/\/golflesbois.ch\/de\/wp-json\/wp\/v2\/pages\/26530\/revisions\/29491"}],"up":[{"embeddable":true,"href":"https:\/\/golflesbois.ch\/de\/wp-json\/wp\/v2\/pages\/26524"}],"wp:attachment":[{"href":"https:\/\/golflesbois.ch\/de\/wp-json\/wp\/v2\/media?parent=26530"}],"curies":[{"name":"wp","href":"https:\/\/api.w.org\/{rel}","templated":true}]}}