{"id":26573,"date":"2013-04-04T09:18:06","date_gmt":"2013-04-04T07:18:06","guid":{"rendered":"https:\/\/golflesbois.ch\/club\/"},"modified":"2023-08-06T16:36:47","modified_gmt":"2023-08-06T14:36:47","slug":"club","status":"publish","type":"page","link":"https:\/\/golflesbois.ch\/de\/club\/","title":{"rendered":"Club"},"content":{"rendered":"\t\t<div data-elementor-type=\"wp-page\" data-elementor-id=\"26573\" class=\"elementor elementor-26573 elementor-107\" data-elementor-post-type=\"page\">\n\t\t\t\t\t\t<section class=\"elementor-section elementor-top-section elementor-element elementor-element-77edb1b4 elementor-reverse-mobile elementor-reverse-tablet elementor-section-boxed elementor-section-height-default elementor-section-height-default\" data-id=\"77edb1b4\" data-element_type=\"section\" data-e-type=\"section\" data-settings=\"{&quot;jet_parallax_layout_list&quot;:[]}\">\n\t\t\t\t\t\t<div class=\"elementor-container elementor-column-gap-wider\">\n\t\t\t\t\t<div class=\"elementor-column elementor-col-50 elementor-top-column elementor-element elementor-element-311bddd7\" data-id=\"311bddd7\" data-element_type=\"column\" data-e-type=\"column\">\n\t\t\t<div class=\"elementor-widget-wrap elementor-element-populated\">\n\t\t\t\t\t\t<div class=\"elementor-element elementor-element-bec9f72 elementor-widget elementor-widget-heading\" data-id=\"bec9f72\" data-element_type=\"widget\" data-e-type=\"widget\" data-widget_type=\"heading.default\">\n\t\t\t\t<div class=\"elementor-widget-container\">\n\t\t\t\t\t<h1 class=\"elementor-heading-title elementor-size-default\">Club<\/h1>\t\t\t\t<\/div>\n\t\t\t\t<\/div>\n\t\t\t\t<div class=\"elementor-element elementor-element-46552dbf elementor-widget elementor-widget-text-editor\" data-id=\"46552dbf\" data-element_type=\"widget\" data-e-type=\"widget\" data-widget_type=\"text-editor.default\">\n\t\t\t\t<div class=\"elementor-widget-container\">\n\t\t\t\t\t\t\t\t\t<p style=\"text-align: justify;\">Im Herzen der Freiberge, in einer fabelhaften Landschaft mit bewaldeten Weiden, finden Sie einen der sch\u00f6nsten Golfpl\u00e4tze der Schweiz.<br \/>Das Know-how des Architekten Jeremy Pern hat diesen 18-Loch-Platz, der in zwei Etappen angelegt wurde, perfekt homogen gemacht.<\/p>\n<p style=\"text-align: justify;\">Die 1999 er\u00f6ffneten L\u00f6cher 1 bis 9 bieten sch\u00f6ne Golfperspektiven, insbesondere der strategisch platzierte Teich zwischen den L\u00f6chern 4-6-7.<br \/>Die L\u00f6cher 10 bis 18, die bereits 1995 inmitten hundertj\u00e4hriger Tannen er\u00f6ffnet wurden, finden ihre Apotheose an den L\u00f6chern 14-15-16, die allein schon die Reise wert sind.<\/p>\n<p style=\"text-align: justify;\">Golfer aller Niveaus sch\u00e4tzen die technische Qualit\u00e4t des Parcours, die Ruhe und die nat\u00fcrliche Sch\u00f6nheit des Ortes sowie den herzlichen Empfang, der ihnen bereitet wird. Deshalb werden Sie gerne nach Les Bois kommen, um zu spielen und wieder zu spielen!<\/p>\n<p style=\"text-align: center;\"><a href=\"https:\/\/golflesbois.ch\/wp-content\/uploads\/2022\/02\/Flyer-2018.pdf\" target=\"_blank\" rel=\"noopener\">Pr\u00e4sentations-Flyer<\/a><\/p>\n<p style=\"text-align: center;\">\u00a0<\/p>\n\t\t\t\t\t\t\t\t<\/div>\n\t\t\t\t<\/div>\n\t\t\t\t\t<\/div>\n\t\t<\/div>\n\t\t\t\t<div class=\"elementor-column elementor-col-50 elementor-top-column elementor-element elementor-element-7f9c294\" data-id=\"7f9c294\" data-element_type=\"column\" data-e-type=\"column\" data-settings=\"{&quot;background_background&quot;:&quot;slideshow&quot;,&quot;background_slideshow_gallery&quot;:[{&quot;id&quot;:18796,&quot;url&quot;:&quot;http:\\\/\\\/golflesbois.ch\\\/wp-content\\\/uploads\\\/2021\\\/12\\\/Pro_Am-Web_1.jpg&quot;},{&quot;id&quot;:18797,&quot;url&quot;:&quot;http:\\\/\\\/golflesbois.ch\\\/wp-content\\\/uploads\\\/2021\\\/12\\\/IMG_1021-e1580294191673.jpg&quot;},{&quot;id&quot;:18798,&quot;url&quot;:&quot;http:\\\/\\\/golflesbois.ch\\\/wp-content\\\/uploads\\\/2021\\\/12\\\/IMG_7899-e1580293880331.jpg&quot;}],&quot;background_slideshow_slide_duration&quot;:3000,&quot;background_slideshow_loop&quot;:&quot;yes&quot;,&quot;background_slideshow_slide_transition&quot;:&quot;fade&quot;,&quot;background_slideshow_transition_duration&quot;:500}\">\n\t\t\t<div class=\"elementor-widget-wrap elementor-element-populated\">\n\t\t\t\t\t\t<div class=\"elementor-element elementor-element-7db43d0 elementor-widget elementor-widget-spacer\" data-id=\"7db43d0\" data-element_type=\"widget\" data-e-type=\"widget\" data-widget_type=\"spacer.default\">\n\t\t\t\t<div class=\"elementor-widget-container\">\n\t\t\t\t\t\t\t<div class=\"elementor-spacer\">\n\t\t\t<div class=\"elementor-spacer-inner\"><\/div>\n\t\t<\/div>\n\t\t\t\t\t\t<\/div>\n\t\t\t\t<\/div>\n\t\t\t\t\t<\/div>\n\t\t<\/div>\n\t\t\t\t\t<\/div>\n\t\t<\/section>\n\t\t\t\t<\/div>\n\t\t","protected":false},"excerpt":{"rendered":"<p>Club Im Herzen der Freiberge, in einer fabelhaften Landschaft mit bewaldeten Weiden, finden Sie einen der sch\u00f6nsten Golfpl\u00e4tze der Schweiz.Das Know-how des Architekten Jeremy Pern hat diesen 18-Loch-Platz, der in zwei Etappen angelegt wurde, perfekt homogen gemacht. Die 1999 er\u00f6ffneten L\u00f6cher 1 bis 9 bieten sch\u00f6ne Golfperspektiven, insbesondere der strategisch platzierte Teich zwischen den L\u00f6chern [&hellip;]<\/p>\n","protected":false},"author":1,"featured_media":0,"parent":0,"menu_order":1,"comment_status":"closed","ping_status":"closed","template":"","meta":{"_acf_changed":false,"footnotes":""},"class_list":["post-26573","page","type-page","status-publish","hentry"],"acf":[],"yoast_head":"<!-- This site is optimized with the Yoast SEO plugin v27.6 - https:\/\/yoast.com\/product\/yoast-seo-wordpress\/ -->\n<title>Club - Golf Club Les Bois<\/title>\n<meta name=\"robots\" content=\"index, follow, max-snippet:-1, max-image-preview:large, max-video-preview:-1\" \/>\n<link rel=\"canonical\" href=\"https:\/\/golflesbois.ch\/club\/\" \/>\n<meta property=\"og:locale\" content=\"de_DE\" \/>\n<meta property=\"og:type\" content=\"article\" \/>\n<meta property=\"og:title\" content=\"Club - Golf Club Les Bois\" \/>\n<meta property=\"og:description\" content=\"Club Im Herzen der Freiberge, in einer fabelhaften Landschaft mit bewaldeten Weiden, finden Sie einen der sch\u00f6nsten Golfpl\u00e4tze der Schweiz.Das Know-how des Architekten Jeremy Pern hat diesen 18-Loch-Platz, der in zwei Etappen angelegt wurde, perfekt homogen gemacht. Die 1999 er\u00f6ffneten L\u00f6cher 1 bis 9 bieten sch\u00f6ne Golfperspektiven, insbesondere der strategisch platzierte Teich zwischen den L\u00f6chern [&hellip;]\" \/>\n<meta property=\"og:url\" content=\"https:\/\/golflesbois.ch\/club\/\" \/>\n<meta property=\"og:site_name\" content=\"Golf Club Les Bois\" \/>\n<meta property=\"article:modified_time\" content=\"2023-08-06T14:36:47+00:00\" \/>\n<meta name=\"twitter:card\" content=\"summary_large_image\" \/>\n<meta name=\"twitter:label1\" content=\"Gesch\u00e4tzte Lesezeit\" \/>\n\t<meta name=\"twitter:data1\" content=\"1\u00a0Minute\" \/>\n<script type=\"application\/ld+json\" class=\"yoast-schema-graph\">{\"@context\":\"https:\\\/\\\/schema.org\",\"@graph\":[{\"@type\":\"WebPage\",\"@id\":\"https:\\\/\\\/golflesbois.ch\\\/club\\\/\",\"url\":\"https:\\\/\\\/golflesbois.ch\\\/club\\\/\",\"name\":\"Club - Golf Club Les Bois\",\"isPartOf\":{\"@id\":\"https:\\\/\\\/golflesbois.ch\\\/#website\"},\"datePublished\":\"2013-04-04T07:18:06+00:00\",\"dateModified\":\"2023-08-06T14:36:47+00:00\",\"breadcrumb\":{\"@id\":\"https:\\\/\\\/golflesbois.ch\\\/club\\\/#breadcrumb\"},\"inLanguage\":\"de\",\"potentialAction\":[{\"@type\":\"ReadAction\",\"target\":[\"https:\\\/\\\/golflesbois.ch\\\/club\\\/\"]}]},{\"@type\":\"BreadcrumbList\",\"@id\":\"https:\\\/\\\/golflesbois.ch\\\/club\\\/#breadcrumb\",\"itemListElement\":[{\"@type\":\"ListItem\",\"position\":1,\"name\":\"Accueil\",\"item\":\"https:\\\/\\\/golflesbois.ch\\\/\"},{\"@type\":\"ListItem\",\"position\":2,\"name\":\"Club\"}]},{\"@type\":\"WebSite\",\"@id\":\"https:\\\/\\\/golflesbois.ch\\\/#website\",\"url\":\"https:\\\/\\\/golflesbois.ch\\\/\",\"name\":\"Golf Club Les Bois\",\"description\":\"\",\"publisher\":{\"@id\":\"https:\\\/\\\/golflesbois.ch\\\/#organization\"},\"potentialAction\":[{\"@type\":\"SearchAction\",\"target\":{\"@type\":\"EntryPoint\",\"urlTemplate\":\"https:\\\/\\\/golflesbois.ch\\\/?s={search_term_string}\"},\"query-input\":{\"@type\":\"PropertyValueSpecification\",\"valueRequired\":true,\"valueName\":\"search_term_string\"}}],\"inLanguage\":\"de\"},{\"@type\":\"Organization\",\"@id\":\"https:\\\/\\\/golflesbois.ch\\\/#organization\",\"name\":\"Golf Club Les Bois\",\"url\":\"https:\\\/\\\/golflesbois.ch\\\/\",\"logo\":{\"@type\":\"ImageObject\",\"inLanguage\":\"de\",\"@id\":\"https:\\\/\\\/golflesbois.ch\\\/#\\\/schema\\\/logo\\\/image\\\/\",\"url\":\"https:\\\/\\\/golflesbois.ch\\\/wp-content\\\/uploads\\\/2021\\\/12\\\/LesBois.png\",\"contentUrl\":\"https:\\\/\\\/golflesbois.ch\\\/wp-content\\\/uploads\\\/2021\\\/12\\\/LesBois.png\",\"width\":130,\"height\":130,\"caption\":\"Golf Club Les Bois\"},\"image\":{\"@id\":\"https:\\\/\\\/golflesbois.ch\\\/#\\\/schema\\\/logo\\\/image\\\/\"}}]}<\/script>\n<!-- \/ Yoast SEO plugin. -->","yoast_head_json":{"title":"Club - Golf Club Les Bois","robots":{"index":"index","follow":"follow","max-snippet":"max-snippet:-1","max-image-preview":"max-image-preview:large","max-video-preview":"max-video-preview:-1"},"canonical":"https:\/\/golflesbois.ch\/club\/","og_locale":"de_DE","og_type":"article","og_title":"Club - Golf Club Les Bois","og_description":"Club Im Herzen der Freiberge, in einer fabelhaften Landschaft mit bewaldeten Weiden, finden Sie einen der sch\u00f6nsten Golfpl\u00e4tze der Schweiz.Das Know-how des Architekten Jeremy Pern hat diesen 18-Loch-Platz, der in zwei Etappen angelegt wurde, perfekt homogen gemacht. Die 1999 er\u00f6ffneten L\u00f6cher 1 bis 9 bieten sch\u00f6ne Golfperspektiven, insbesondere der strategisch platzierte Teich zwischen den L\u00f6chern [&hellip;]","og_url":"https:\/\/golflesbois.ch\/club\/","og_site_name":"Golf Club Les Bois","article_modified_time":"2023-08-06T14:36:47+00:00","twitter_card":"summary_large_image","twitter_misc":{"Gesch\u00e4tzte Lesezeit":"1\u00a0Minute"},"schema":{"@context":"https:\/\/schema.org","@graph":[{"@type":"WebPage","@id":"https:\/\/golflesbois.ch\/club\/","url":"https:\/\/golflesbois.ch\/club\/","name":"Club - Golf Club Les Bois","isPartOf":{"@id":"https:\/\/golflesbois.ch\/#website"},"datePublished":"2013-04-04T07:18:06+00:00","dateModified":"2023-08-06T14:36:47+00:00","breadcrumb":{"@id":"https:\/\/golflesbois.ch\/club\/#breadcrumb"},"inLanguage":"de","potentialAction":[{"@type":"ReadAction","target":["https:\/\/golflesbois.ch\/club\/"]}]},{"@type":"BreadcrumbList","@id":"https:\/\/golflesbois.ch\/club\/#breadcrumb","itemListElement":[{"@type":"ListItem","position":1,"name":"Accueil","item":"https:\/\/golflesbois.ch\/"},{"@type":"ListItem","position":2,"name":"Club"}]},{"@type":"WebSite","@id":"https:\/\/golflesbois.ch\/#website","url":"https:\/\/golflesbois.ch\/","name":"Golf Club Les Bois","description":"","publisher":{"@id":"https:\/\/golflesbois.ch\/#organization"},"potentialAction":[{"@type":"SearchAction","target":{"@type":"EntryPoint","urlTemplate":"https:\/\/golflesbois.ch\/?s={search_term_string}"},"query-input":{"@type":"PropertyValueSpecification","valueRequired":true,"valueName":"search_term_string"}}],"inLanguage":"de"},{"@type":"Organization","@id":"https:\/\/golflesbois.ch\/#organization","name":"Golf Club Les Bois","url":"https:\/\/golflesbois.ch\/","logo":{"@type":"ImageObject","inLanguage":"de","@id":"https:\/\/golflesbois.ch\/#\/schema\/logo\/image\/","url":"https:\/\/golflesbois.ch\/wp-content\/uploads\/2021\/12\/LesBois.png","contentUrl":"https:\/\/golflesbois.ch\/wp-content\/uploads\/2021\/12\/LesBois.png","width":130,"height":130,"caption":"Golf Club Les Bois"},"image":{"@id":"https:\/\/golflesbois.ch\/#\/schema\/logo\/image\/"}}]}},"rttpg_featured_image_url":null,"rttpg_author":{"display_name":"siteweb","author_link":"https:\/\/golflesbois.ch\/de\/author\/siteweb\/"},"rttpg_comment":0,"rttpg_category":" <a href=\"https:\/\/golflesbois.ch\/de\/?taxonomy=translation_priority&#038;term=optional\" rel=\"tag\">Optional<\/a>","rttpg_excerpt":"Club Im Herzen der Freiberge, in einer fabelhaften Landschaft mit bewaldeten Weiden, finden Sie einen der sch\u00f6nsten Golfpl\u00e4tze der Schweiz.Das Know-how des Architekten Jeremy Pern hat diesen 18-Loch-Platz, der in zwei Etappen angelegt wurde, perfekt homogen gemacht. Die 1999 er\u00f6ffneten L\u00f6cher 1 bis 9 bieten sch\u00f6ne Golfperspektiven, insbesondere der strategisch platzierte Teich zwischen den L\u00f6chern&hellip;","_links":{"self":[{"href":"https:\/\/golflesbois.ch\/de\/wp-json\/wp\/v2\/pages\/26573","targetHints":{"allow":["GET"]}}],"collection":[{"href":"https:\/\/golflesbois.ch\/de\/wp-json\/wp\/v2\/pages"}],"about":[{"href":"https:\/\/golflesbois.ch\/de\/wp-json\/wp\/v2\/types\/page"}],"author":[{"embeddable":true,"href":"https:\/\/golflesbois.ch\/de\/wp-json\/wp\/v2\/users\/1"}],"replies":[{"embeddable":true,"href":"https:\/\/golflesbois.ch\/de\/wp-json\/wp\/v2\/comments?post=26573"}],"version-history":[{"count":3,"href":"https:\/\/golflesbois.ch\/de\/wp-json\/wp\/v2\/pages\/26573\/revisions"}],"predecessor-version":[{"id":26576,"href":"https:\/\/golflesbois.ch\/de\/wp-json\/wp\/v2\/pages\/26573\/revisions\/26576"}],"wp:attachment":[{"href":"https:\/\/golflesbois.ch\/de\/wp-json\/wp\/v2\/media?parent=26573"}],"curies":[{"name":"wp","href":"https:\/\/api.w.org\/{rel}","templated":true}]}}