{"id":26577,"date":"2013-04-04T09:19:03","date_gmt":"2013-04-04T07:19:03","guid":{"rendered":"https:\/\/golflesbois.ch\/club\/comite\/"},"modified":"2023-08-06T16:44:35","modified_gmt":"2023-08-06T14:44:35","slug":"comite","status":"publish","type":"page","link":"https:\/\/golflesbois.ch\/de\/club\/comite\/","title":{"rendered":"Comit\u00e9"},"content":{"rendered":"\t\t<div data-elementor-type=\"wp-page\" data-elementor-id=\"26577\" class=\"elementor elementor-26577 elementor-112\" data-elementor-post-type=\"page\">\n\t\t\t\t\t\t<section class=\"elementor-section elementor-top-section elementor-element elementor-element-39dd060 elementor-section-boxed elementor-section-height-default elementor-section-height-default\" data-id=\"39dd060\" data-element_type=\"section\" data-e-type=\"section\" data-settings=\"{&quot;jet_parallax_layout_list&quot;:[]}\">\n\t\t\t\t\t\t<div class=\"elementor-container elementor-column-gap-default\">\n\t\t\t\t\t<div class=\"elementor-column elementor-col-100 elementor-top-column elementor-element elementor-element-200654b3\" data-id=\"200654b3\" data-element_type=\"column\" data-e-type=\"column\">\n\t\t\t<div class=\"elementor-widget-wrap elementor-element-populated\">\n\t\t\t\t\t\t<div class=\"elementor-element elementor-element-ffb4fdd elementor-widget elementor-widget-heading\" data-id=\"ffb4fdd\" data-element_type=\"widget\" data-e-type=\"widget\" data-widget_type=\"heading.default\">\n\t\t\t\t<div class=\"elementor-widget-container\">\n\t\t\t\t\t<h1 class=\"elementor-heading-title elementor-size-default\">Comit\u00e9<\/h1>\t\t\t\t<\/div>\n\t\t\t\t<\/div>\n\t\t\t\t<div class=\"elementor-element elementor-element-1da3dd76 elementor-widget elementor-widget-text-editor\" data-id=\"1da3dd76\" data-element_type=\"widget\" data-e-type=\"widget\" data-widget_type=\"text-editor.default\">\n\t\t\t\t<div class=\"elementor-widget-container\">\n\t\t\t\t\t\t\t\t\t<h2><span style=\"color: var( --e-global-color-text ); font-family: var( --e-global-typography-text-font-family ), Sans-serif; font-weight: var( --e-global-typography-text-font-weight ); font-size: 1rem;\">Der Vorstand des Golf-Clubs Les Bois besteht aus 7 Personen.<\/span><\/h2>\n\t\t\t\t\t\t\t\t<\/div>\n\t\t\t\t<\/div>\n\t\t\t\t\t<\/div>\n\t\t<\/div>\n\t\t\t\t\t<\/div>\n\t\t<\/section>\n\t\t\t\t<section class=\"elementor-section elementor-top-section elementor-element elementor-element-d5fc776 elementor-section-boxed elementor-section-height-default elementor-section-height-default\" data-id=\"d5fc776\" data-element_type=\"section\" data-e-type=\"section\" data-settings=\"{&quot;jet_parallax_layout_list&quot;:[]}\">\n\t\t\t\t\t\t<div class=\"elementor-container elementor-column-gap-default\">\n\t\t\t\t\t<div class=\"elementor-column elementor-col-25 elementor-top-column elementor-element elementor-element-0fd5c9c\" data-id=\"0fd5c9c\" data-element_type=\"column\" data-e-type=\"column\">\n\t\t\t<div class=\"elementor-widget-wrap elementor-element-populated\">\n\t\t\t\t\t\t<div class=\"elementor-element elementor-element-ee7567a dce_masking-none elementor-widget elementor-widget-image\" data-id=\"ee7567a\" data-element_type=\"widget\" data-e-type=\"widget\" data-widget_type=\"image.default\">\n\t\t\t\t<div class=\"elementor-widget-container\">\n\t\t\t\t\t\t\t\t\t\t\t\t\t\t\t<img fetchpriority=\"high\" decoding=\"async\" width=\"400\" height=\"267\" src=\"https:\/\/golflesbois.ch\/wp-content\/uploads\/2022\/04\/Dalzottof.jpg\" class=\"attachment-large size-large wp-image-25523\" alt=\"\" srcset=\"https:\/\/golflesbois.ch\/wp-content\/uploads\/2022\/04\/Dalzottof.jpg 400w, https:\/\/golflesbois.ch\/wp-content\/uploads\/2022\/04\/Dalzottof-300x200.jpg 300w\" sizes=\"(max-width: 400px) 100vw, 400px\" \/>\t\t\t\t\t\t\t\t\t\t\t\t\t\t\t<\/div>\n\t\t\t\t<\/div>\n\t\t\t\t<div class=\"elementor-element elementor-element-bdea7c4 elementor-widget elementor-widget-text-editor\" data-id=\"bdea7c4\" data-element_type=\"widget\" data-e-type=\"widget\" data-widget_type=\"text-editor.default\">\n\t\t\t\t<div class=\"elementor-widget-container\">\n\t\t\t\t\t\t\t\t\t<p>Dal Zotto, Fernando<br \/>Clubpr\u00e4sident<\/p>\n\t\t\t\t\t\t\t\t<\/div>\n\t\t\t\t<\/div>\n\t\t\t\t\t<\/div>\n\t\t<\/div>\n\t\t\t\t<div class=\"elementor-column elementor-col-25 elementor-top-column elementor-element elementor-element-a677168\" data-id=\"a677168\" data-element_type=\"column\" data-e-type=\"column\">\n\t\t\t<div class=\"elementor-widget-wrap elementor-element-populated\">\n\t\t\t\t\t\t<div class=\"elementor-element elementor-element-b7788cd dce_masking-none elementor-widget elementor-widget-image\" data-id=\"b7788cd\" data-element_type=\"widget\" data-e-type=\"widget\" data-widget_type=\"image.default\">\n\t\t\t\t<div class=\"elementor-widget-container\">\n\t\t\t\t\t\t\t\t\t\t\t\t\t\t\t<img decoding=\"async\" width=\"400\" height=\"267\" src=\"https:\/\/golflesbois.ch\/wp-content\/uploads\/2021\/12\/Houriet-Yves-400x267-1.jpg\" class=\"attachment-large size-large wp-image-24646\" alt=\"\" srcset=\"https:\/\/golflesbois.ch\/wp-content\/uploads\/2021\/12\/Houriet-Yves-400x267-1.jpg 400w, https:\/\/golflesbois.ch\/wp-content\/uploads\/2021\/12\/Houriet-Yves-400x267-1-300x200.jpg 300w\" sizes=\"(max-width: 400px) 100vw, 400px\" \/>\t\t\t\t\t\t\t\t\t\t\t\t\t\t\t<\/div>\n\t\t\t\t<\/div>\n\t\t\t\t<div class=\"elementor-element elementor-element-3f298b7 elementor-widget elementor-widget-text-editor\" data-id=\"3f298b7\" data-element_type=\"widget\" data-e-type=\"widget\" data-widget_type=\"text-editor.default\">\n\t\t\t\t<div class=\"elementor-widget-container\">\n\t\t\t\t\t\t\t\t\t<p>Houriet, Yves<br \/>Vizepr\u00e4sident &amp; Schatzmeister<\/p>\n\t\t\t\t\t\t\t\t<\/div>\n\t\t\t\t<\/div>\n\t\t\t\t\t<\/div>\n\t\t<\/div>\n\t\t\t\t<div class=\"elementor-column elementor-col-25 elementor-top-column elementor-element elementor-element-05ce584\" data-id=\"05ce584\" data-element_type=\"column\" data-e-type=\"column\">\n\t\t\t<div class=\"elementor-widget-wrap elementor-element-populated\">\n\t\t\t\t\t\t<div class=\"elementor-element elementor-element-98758e8 dce_masking-none elementor-widget elementor-widget-image\" data-id=\"98758e8\" data-element_type=\"widget\" data-e-type=\"widget\" data-widget_type=\"image.default\">\n\t\t\t\t<div class=\"elementor-widget-container\">\n\t\t\t\t\t\t\t\t\t\t\t\t\t\t\t<img decoding=\"async\" width=\"400\" height=\"267\" src=\"https:\/\/golflesbois.ch\/wp-content\/uploads\/2021\/12\/photo_jrkaiser-400x267-1.jpg\" class=\"attachment-large size-large wp-image-24643\" alt=\"\" srcset=\"https:\/\/golflesbois.ch\/wp-content\/uploads\/2021\/12\/photo_jrkaiser-400x267-1.jpg 400w, https:\/\/golflesbois.ch\/wp-content\/uploads\/2021\/12\/photo_jrkaiser-400x267-1-300x200.jpg 300w\" sizes=\"(max-width: 400px) 100vw, 400px\" \/>\t\t\t\t\t\t\t\t\t\t\t\t\t\t\t<\/div>\n\t\t\t\t<\/div>\n\t\t\t\t<div class=\"elementor-element elementor-element-d4c7cd5 elementor-widget elementor-widget-text-editor\" data-id=\"d4c7cd5\" data-element_type=\"widget\" data-e-type=\"widget\" data-widget_type=\"text-editor.default\">\n\t\t\t\t<div class=\"elementor-widget-container\">\n\t\t\t\t\t\t\t\t\t<p>Kaiser, Jean-Ren\u00e9<br \/>Kapit\u00e4n des Clubs<\/p>\n\t\t\t\t\t\t\t\t<\/div>\n\t\t\t\t<\/div>\n\t\t\t\t\t<\/div>\n\t\t<\/div>\n\t\t\t\t<div class=\"elementor-column elementor-col-25 elementor-top-column elementor-element elementor-element-4641a47\" data-id=\"4641a47\" data-element_type=\"column\" data-e-type=\"column\">\n\t\t\t<div class=\"elementor-widget-wrap elementor-element-populated\">\n\t\t\t\t\t\t<div class=\"elementor-element elementor-element-935115f dce_masking-none elementor-widget elementor-widget-image\" data-id=\"935115f\" data-element_type=\"widget\" data-e-type=\"widget\" data-widget_type=\"image.default\">\n\t\t\t\t<div class=\"elementor-widget-container\">\n\t\t\t\t\t\t\t\t\t\t\t\t\t\t\t<img loading=\"lazy\" decoding=\"async\" width=\"400\" height=\"266\" src=\"https:\/\/golflesbois.ch\/wp-content\/uploads\/2022\/04\/Landertjm.jpg\" class=\"attachment-large size-large wp-image-25524\" alt=\"\" srcset=\"https:\/\/golflesbois.ch\/wp-content\/uploads\/2022\/04\/Landertjm.jpg 400w, https:\/\/golflesbois.ch\/wp-content\/uploads\/2022\/04\/Landertjm-300x200.jpg 300w\" sizes=\"(max-width: 400px) 100vw, 400px\" \/>\t\t\t\t\t\t\t\t\t\t\t\t\t\t\t<\/div>\n\t\t\t\t<\/div>\n\t\t\t\t<div class=\"elementor-element elementor-element-ad15a1c elementor-widget elementor-widget-text-editor\" data-id=\"ad15a1c\" data-element_type=\"widget\" data-e-type=\"widget\" data-widget_type=\"text-editor.default\">\n\t\t\t\t<div class=\"elementor-widget-container\">\n\t\t\t\t\t\t\t\t\t<p>Landert, Jean-Michel<br \/>Kapit\u00e4n Senioren<\/p>\n\t\t\t\t\t\t\t\t<\/div>\n\t\t\t\t<\/div>\n\t\t\t\t\t<\/div>\n\t\t<\/div>\n\t\t\t\t\t<\/div>\n\t\t<\/section>\n\t\t\t\t<section class=\"elementor-section elementor-top-section elementor-element elementor-element-8e810af elementor-section-boxed elementor-section-height-default elementor-section-height-default\" data-id=\"8e810af\" data-element_type=\"section\" data-e-type=\"section\" data-settings=\"{&quot;jet_parallax_layout_list&quot;:[]}\">\n\t\t\t\t\t\t<div class=\"elementor-container elementor-column-gap-default\">\n\t\t\t\t\t<div class=\"elementor-column elementor-col-25 elementor-top-column elementor-element elementor-element-05cf560\" data-id=\"05cf560\" data-element_type=\"column\" data-e-type=\"column\">\n\t\t\t<div class=\"elementor-widget-wrap elementor-element-populated\">\n\t\t\t\t\t\t<div class=\"elementor-element elementor-element-c072c51 dce_masking-none elementor-widget elementor-widget-image\" data-id=\"c072c51\" data-element_type=\"widget\" data-e-type=\"widget\" data-widget_type=\"image.default\">\n\t\t\t\t<div class=\"elementor-widget-container\">\n\t\t\t\t\t\t\t\t\t\t\t\t\t\t\t<img loading=\"lazy\" decoding=\"async\" width=\"400\" height=\"267\" src=\"https:\/\/golflesbois.ch\/wp-content\/uploads\/2021\/12\/Voirol-Francoise-400x267-1.jpg\" class=\"attachment-large size-large wp-image-24644\" alt=\"\" srcset=\"https:\/\/golflesbois.ch\/wp-content\/uploads\/2021\/12\/Voirol-Francoise-400x267-1.jpg 400w, https:\/\/golflesbois.ch\/wp-content\/uploads\/2021\/12\/Voirol-Francoise-400x267-1-300x200.jpg 300w\" sizes=\"(max-width: 400px) 100vw, 400px\" \/>\t\t\t\t\t\t\t\t\t\t\t\t\t\t\t<\/div>\n\t\t\t\t<\/div>\n\t\t\t\t<div class=\"elementor-element elementor-element-89f4bf5 elementor-widget elementor-widget-text-editor\" data-id=\"89f4bf5\" data-element_type=\"widget\" data-e-type=\"widget\" data-widget_type=\"text-editor.default\">\n\t\t\t\t<div class=\"elementor-widget-container\">\n\t\t\t\t\t\t\t\t\t<p>Voirol, Fran\u00e7oise<br \/>Kapit\u00e4nin Damen<\/p>\n\t\t\t\t\t\t\t\t<\/div>\n\t\t\t\t<\/div>\n\t\t\t\t\t<\/div>\n\t\t<\/div>\n\t\t\t\t<div class=\"elementor-column elementor-col-25 elementor-top-column elementor-element elementor-element-40763df\" data-id=\"40763df\" data-element_type=\"column\" data-e-type=\"column\">\n\t\t\t<div class=\"elementor-widget-wrap elementor-element-populated\">\n\t\t\t\t\t\t<div class=\"elementor-element elementor-element-f1d18ff dce_masking-none elementor-widget elementor-widget-image\" data-id=\"f1d18ff\" data-element_type=\"widget\" data-e-type=\"widget\" data-widget_type=\"image.default\">\n\t\t\t\t<div class=\"elementor-widget-container\">\n\t\t\t\t\t\t\t\t\t\t\t\t\t\t\t<img decoding=\"async\" src=\"https:\/\/golflesbois.ch\/wp-content\/uploads\/elementor\/thumbs\/tp_Yann_Meyer2-q6css9lwbbfzy1wyfa9jp8cjv9pko3ewkbts8io75a.jpg\" title=\"tp_Yann_Meyer2\" alt=\"tp_Yann_Meyer2\" loading=\"lazy\" \/>\t\t\t\t\t\t\t\t\t\t\t\t\t\t\t<\/div>\n\t\t\t\t<\/div>\n\t\t\t\t<div class=\"elementor-element elementor-element-cb5fb3c elementor-widget elementor-widget-text-editor\" data-id=\"cb5fb3c\" data-element_type=\"widget\" data-e-type=\"widget\" data-widget_type=\"text-editor.default\">\n\t\t\t\t<div class=\"elementor-widget-container\">\n\t\t\t\t\t\t\t\t\t<p>Meyer, Yann<br \/>Mitglied<\/p>\n\t\t\t\t\t\t\t\t<\/div>\n\t\t\t\t<\/div>\n\t\t\t\t\t<\/div>\n\t\t<\/div>\n\t\t\t\t<div class=\"elementor-column elementor-col-25 elementor-top-column elementor-element elementor-element-8bb1b8f\" data-id=\"8bb1b8f\" data-element_type=\"column\" data-e-type=\"column\">\n\t\t\t<div class=\"elementor-widget-wrap elementor-element-populated\">\n\t\t\t\t\t\t<div class=\"elementor-element elementor-element-b1f2cb3 dce_masking-none elementor-widget elementor-widget-image\" data-id=\"b1f2cb3\" data-element_type=\"widget\" data-e-type=\"widget\" data-widget_type=\"image.default\">\n\t\t\t\t<div class=\"elementor-widget-container\">\n\t\t\t\t\t\t\t\t\t\t\t\t\t\t\t<img decoding=\"async\" src=\"https:\/\/golflesbois.ch\/wp-content\/uploads\/elementor\/thumbs\/icone-q693993d6v05gsde0fd399jq6mve4lweztek7y2vxq.jpg\" title=\"icone\" alt=\"icone\" loading=\"lazy\" \/>\t\t\t\t\t\t\t\t\t\t\t\t\t\t\t<\/div>\n\t\t\t\t<\/div>\n\t\t\t\t<div class=\"elementor-element elementor-element-954b8ec elementor-widget elementor-widget-text-editor\" data-id=\"954b8ec\" data-element_type=\"widget\" data-e-type=\"widget\" data-widget_type=\"text-editor.default\">\n\t\t\t\t<div class=\"elementor-widget-container\">\n\t\t\t\t\t\t\t\t\t<p>Gobat, Ga\u00ebl<br \/>Mitglied<\/p>\n\t\t\t\t\t\t\t\t<\/div>\n\t\t\t\t<\/div>\n\t\t\t\t\t<\/div>\n\t\t<\/div>\n\t\t\t\t<div class=\"elementor-column elementor-col-25 elementor-top-column elementor-element elementor-element-0cab4d4\" data-id=\"0cab4d4\" data-element_type=\"column\" data-e-type=\"column\">\n\t\t\t<div class=\"elementor-widget-wrap elementor-element-populated\">\n\t\t\t\t\t\t\t<\/div>\n\t\t<\/div>\n\t\t\t\t\t<\/div>\n\t\t<\/section>\n\t\t\t\t<\/div>\n\t\t","protected":false},"excerpt":{"rendered":"<p>Comit\u00e9 Der Vorstand des Golf-Clubs Les Bois besteht aus 7 Personen. Dal Zotto, FernandoClubpr\u00e4sident Houriet, YvesVizepr\u00e4sident &amp; Schatzmeister Kaiser, Jean-Ren\u00e9Kapit\u00e4n des Clubs Landert, Jean-MichelKapit\u00e4n Senioren Voirol, Fran\u00e7oiseKapit\u00e4nin Damen Meyer, YannMitglied Gobat, Ga\u00eblMitglied<\/p>\n","protected":false},"author":1,"featured_media":0,"parent":26573,"menu_order":1,"comment_status":"closed","ping_status":"closed","template":"","meta":{"_acf_changed":false,"footnotes":""},"class_list":["post-26577","page","type-page","status-publish","hentry"],"acf":[],"yoast_head":"<!-- This site is optimized with the Yoast SEO plugin v27.4 - https:\/\/yoast.com\/product\/yoast-seo-wordpress\/ -->\n<title>Comit\u00e9 - Golf Club Les Bois<\/title>\n<meta name=\"robots\" content=\"index, follow, max-snippet:-1, max-image-preview:large, max-video-preview:-1\" \/>\n<link rel=\"canonical\" href=\"https:\/\/golflesbois.ch\/club\/comite\/\" \/>\n<meta property=\"og:locale\" content=\"de_DE\" \/>\n<meta property=\"og:type\" content=\"article\" \/>\n<meta property=\"og:title\" content=\"Comit\u00e9 - Golf Club Les Bois\" \/>\n<meta property=\"og:description\" content=\"Comit\u00e9 Der Vorstand des Golf-Clubs Les Bois besteht aus 7 Personen. Dal Zotto, FernandoClubpr\u00e4sident Houriet, YvesVizepr\u00e4sident &amp; Schatzmeister Kaiser, Jean-Ren\u00e9Kapit\u00e4n des Clubs Landert, Jean-MichelKapit\u00e4n Senioren Voirol, Fran\u00e7oiseKapit\u00e4nin Damen Meyer, YannMitglied Gobat, Ga\u00eblMitglied\" \/>\n<meta property=\"og:url\" content=\"https:\/\/golflesbois.ch\/club\/comite\/\" \/>\n<meta property=\"og:site_name\" content=\"Golf Club Les Bois\" \/>\n<meta property=\"article:modified_time\" content=\"2023-08-06T14:44:35+00:00\" \/>\n<meta property=\"og:image\" content=\"https:\/\/golflesbois.ch\/wp-content\/uploads\/2022\/04\/Dalzottof.jpg\" \/>\n<meta name=\"twitter:card\" content=\"summary_large_image\" \/>\n<script type=\"application\/ld+json\" class=\"yoast-schema-graph\">{\"@context\":\"https:\\\/\\\/schema.org\",\"@graph\":[{\"@type\":\"WebPage\",\"@id\":\"https:\\\/\\\/golflesbois.ch\\\/club\\\/comite\\\/\",\"url\":\"https:\\\/\\\/golflesbois.ch\\\/club\\\/comite\\\/\",\"name\":\"Comit\u00e9 - Golf Club Les Bois\",\"isPartOf\":{\"@id\":\"https:\\\/\\\/golflesbois.ch\\\/#website\"},\"primaryImageOfPage\":{\"@id\":\"https:\\\/\\\/golflesbois.ch\\\/club\\\/comite\\\/#primaryimage\"},\"image\":{\"@id\":\"https:\\\/\\\/golflesbois.ch\\\/club\\\/comite\\\/#primaryimage\"},\"thumbnailUrl\":\"https:\\\/\\\/golflesbois.ch\\\/wp-content\\\/uploads\\\/2022\\\/04\\\/Dalzottof.jpg\",\"datePublished\":\"2013-04-04T07:19:03+00:00\",\"dateModified\":\"2023-08-06T14:44:35+00:00\",\"breadcrumb\":{\"@id\":\"https:\\\/\\\/golflesbois.ch\\\/club\\\/comite\\\/#breadcrumb\"},\"inLanguage\":\"de\",\"potentialAction\":[{\"@type\":\"ReadAction\",\"target\":[\"https:\\\/\\\/golflesbois.ch\\\/club\\\/comite\\\/\"]}]},{\"@type\":\"ImageObject\",\"inLanguage\":\"de\",\"@id\":\"https:\\\/\\\/golflesbois.ch\\\/club\\\/comite\\\/#primaryimage\",\"url\":\"https:\\\/\\\/golflesbois.ch\\\/wp-content\\\/uploads\\\/2022\\\/04\\\/Dalzottof.jpg\",\"contentUrl\":\"https:\\\/\\\/golflesbois.ch\\\/wp-content\\\/uploads\\\/2022\\\/04\\\/Dalzottof.jpg\"},{\"@type\":\"BreadcrumbList\",\"@id\":\"https:\\\/\\\/golflesbois.ch\\\/club\\\/comite\\\/#breadcrumb\",\"itemListElement\":[{\"@type\":\"ListItem\",\"position\":1,\"name\":\"Accueil\",\"item\":\"https:\\\/\\\/golflesbois.ch\\\/\"},{\"@type\":\"ListItem\",\"position\":2,\"name\":\"Club\",\"item\":\"https:\\\/\\\/golflesbois.ch\\\/club\\\/\"},{\"@type\":\"ListItem\",\"position\":3,\"name\":\"Comit\u00e9\"}]},{\"@type\":\"WebSite\",\"@id\":\"https:\\\/\\\/golflesbois.ch\\\/#website\",\"url\":\"https:\\\/\\\/golflesbois.ch\\\/\",\"name\":\"Golf Club Les Bois\",\"description\":\"\",\"publisher\":{\"@id\":\"https:\\\/\\\/golflesbois.ch\\\/#organization\"},\"potentialAction\":[{\"@type\":\"SearchAction\",\"target\":{\"@type\":\"EntryPoint\",\"urlTemplate\":\"https:\\\/\\\/golflesbois.ch\\\/?s={search_term_string}\"},\"query-input\":{\"@type\":\"PropertyValueSpecification\",\"valueRequired\":true,\"valueName\":\"search_term_string\"}}],\"inLanguage\":\"de\"},{\"@type\":\"Organization\",\"@id\":\"https:\\\/\\\/golflesbois.ch\\\/#organization\",\"name\":\"Golf Club Les Bois\",\"url\":\"https:\\\/\\\/golflesbois.ch\\\/\",\"logo\":{\"@type\":\"ImageObject\",\"inLanguage\":\"de\",\"@id\":\"https:\\\/\\\/golflesbois.ch\\\/#\\\/schema\\\/logo\\\/image\\\/\",\"url\":\"https:\\\/\\\/golflesbois.ch\\\/wp-content\\\/uploads\\\/2021\\\/12\\\/LesBois.png\",\"contentUrl\":\"https:\\\/\\\/golflesbois.ch\\\/wp-content\\\/uploads\\\/2021\\\/12\\\/LesBois.png\",\"width\":130,\"height\":130,\"caption\":\"Golf Club Les Bois\"},\"image\":{\"@id\":\"https:\\\/\\\/golflesbois.ch\\\/#\\\/schema\\\/logo\\\/image\\\/\"}}]}<\/script>\n<!-- \/ Yoast SEO plugin. -->","yoast_head_json":{"title":"Comit\u00e9 - Golf Club Les Bois","robots":{"index":"index","follow":"follow","max-snippet":"max-snippet:-1","max-image-preview":"max-image-preview:large","max-video-preview":"max-video-preview:-1"},"canonical":"https:\/\/golflesbois.ch\/club\/comite\/","og_locale":"de_DE","og_type":"article","og_title":"Comit\u00e9 - Golf Club Les Bois","og_description":"Comit\u00e9 Der Vorstand des Golf-Clubs Les Bois besteht aus 7 Personen. Dal Zotto, FernandoClubpr\u00e4sident Houriet, YvesVizepr\u00e4sident &amp; Schatzmeister Kaiser, Jean-Ren\u00e9Kapit\u00e4n des Clubs Landert, Jean-MichelKapit\u00e4n Senioren Voirol, Fran\u00e7oiseKapit\u00e4nin Damen Meyer, YannMitglied Gobat, Ga\u00eblMitglied","og_url":"https:\/\/golflesbois.ch\/club\/comite\/","og_site_name":"Golf Club Les Bois","article_modified_time":"2023-08-06T14:44:35+00:00","og_image":[{"url":"https:\/\/golflesbois.ch\/wp-content\/uploads\/2022\/04\/Dalzottof.jpg","type":"","width":"","height":""}],"twitter_card":"summary_large_image","schema":{"@context":"https:\/\/schema.org","@graph":[{"@type":"WebPage","@id":"https:\/\/golflesbois.ch\/club\/comite\/","url":"https:\/\/golflesbois.ch\/club\/comite\/","name":"Comit\u00e9 - Golf Club Les Bois","isPartOf":{"@id":"https:\/\/golflesbois.ch\/#website"},"primaryImageOfPage":{"@id":"https:\/\/golflesbois.ch\/club\/comite\/#primaryimage"},"image":{"@id":"https:\/\/golflesbois.ch\/club\/comite\/#primaryimage"},"thumbnailUrl":"https:\/\/golflesbois.ch\/wp-content\/uploads\/2022\/04\/Dalzottof.jpg","datePublished":"2013-04-04T07:19:03+00:00","dateModified":"2023-08-06T14:44:35+00:00","breadcrumb":{"@id":"https:\/\/golflesbois.ch\/club\/comite\/#breadcrumb"},"inLanguage":"de","potentialAction":[{"@type":"ReadAction","target":["https:\/\/golflesbois.ch\/club\/comite\/"]}]},{"@type":"ImageObject","inLanguage":"de","@id":"https:\/\/golflesbois.ch\/club\/comite\/#primaryimage","url":"https:\/\/golflesbois.ch\/wp-content\/uploads\/2022\/04\/Dalzottof.jpg","contentUrl":"https:\/\/golflesbois.ch\/wp-content\/uploads\/2022\/04\/Dalzottof.jpg"},{"@type":"BreadcrumbList","@id":"https:\/\/golflesbois.ch\/club\/comite\/#breadcrumb","itemListElement":[{"@type":"ListItem","position":1,"name":"Accueil","item":"https:\/\/golflesbois.ch\/"},{"@type":"ListItem","position":2,"name":"Club","item":"https:\/\/golflesbois.ch\/club\/"},{"@type":"ListItem","position":3,"name":"Comit\u00e9"}]},{"@type":"WebSite","@id":"https:\/\/golflesbois.ch\/#website","url":"https:\/\/golflesbois.ch\/","name":"Golf Club Les Bois","description":"","publisher":{"@id":"https:\/\/golflesbois.ch\/#organization"},"potentialAction":[{"@type":"SearchAction","target":{"@type":"EntryPoint","urlTemplate":"https:\/\/golflesbois.ch\/?s={search_term_string}"},"query-input":{"@type":"PropertyValueSpecification","valueRequired":true,"valueName":"search_term_string"}}],"inLanguage":"de"},{"@type":"Organization","@id":"https:\/\/golflesbois.ch\/#organization","name":"Golf Club Les Bois","url":"https:\/\/golflesbois.ch\/","logo":{"@type":"ImageObject","inLanguage":"de","@id":"https:\/\/golflesbois.ch\/#\/schema\/logo\/image\/","url":"https:\/\/golflesbois.ch\/wp-content\/uploads\/2021\/12\/LesBois.png","contentUrl":"https:\/\/golflesbois.ch\/wp-content\/uploads\/2021\/12\/LesBois.png","width":130,"height":130,"caption":"Golf Club Les Bois"},"image":{"@id":"https:\/\/golflesbois.ch\/#\/schema\/logo\/image\/"}}]}},"rttpg_featured_image_url":null,"rttpg_author":{"display_name":"siteweb","author_link":"https:\/\/golflesbois.ch\/de\/author\/siteweb\/"},"rttpg_comment":0,"rttpg_category":" <a href=\"https:\/\/golflesbois.ch\/?taxonomy=translation_priority&#038;term=facultatif\" rel=\"tag\">Facultatif<\/a><a href=\"https:\/\/golflesbois.ch\/de\/?taxonomy=translation_priority&#038;term=optional\" rel=\"tag\">Optional<\/a>","rttpg_excerpt":"Comit\u00e9 Der Vorstand des Golf-Clubs Les Bois besteht aus 7 Personen. Dal Zotto, FernandoClubpr\u00e4sident Houriet, YvesVizepr\u00e4sident &amp; Schatzmeister Kaiser, Jean-Ren\u00e9Kapit\u00e4n des Clubs Landert, Jean-MichelKapit\u00e4n Senioren Voirol, Fran\u00e7oiseKapit\u00e4nin Damen Meyer, YannMitglied Gobat, Ga\u00eblMitglied","_links":{"self":[{"href":"https:\/\/golflesbois.ch\/de\/wp-json\/wp\/v2\/pages\/26577","targetHints":{"allow":["GET"]}}],"collection":[{"href":"https:\/\/golflesbois.ch\/de\/wp-json\/wp\/v2\/pages"}],"about":[{"href":"https:\/\/golflesbois.ch\/de\/wp-json\/wp\/v2\/types\/page"}],"author":[{"embeddable":true,"href":"https:\/\/golflesbois.ch\/de\/wp-json\/wp\/v2\/users\/1"}],"replies":[{"embeddable":true,"href":"https:\/\/golflesbois.ch\/de\/wp-json\/wp\/v2\/comments?post=26577"}],"version-history":[{"count":3,"href":"https:\/\/golflesbois.ch\/de\/wp-json\/wp\/v2\/pages\/26577\/revisions"}],"predecessor-version":[{"id":26580,"href":"https:\/\/golflesbois.ch\/de\/wp-json\/wp\/v2\/pages\/26577\/revisions\/26580"}],"up":[{"embeddable":true,"href":"https:\/\/golflesbois.ch\/de\/wp-json\/wp\/v2\/pages\/26573"}],"wp:attachment":[{"href":"https:\/\/golflesbois.ch\/de\/wp-json\/wp\/v2\/media?parent=26577"}],"curies":[{"name":"wp","href":"https:\/\/api.w.org\/{rel}","templated":true}]}}