{"id":26639,"date":"2018-02-17T00:22:01","date_gmt":"2018-02-16T23:22:01","guid":{"rendered":"https:\/\/golflesbois.ch\/club\/membres\/tarifs-et-conditions\/"},"modified":"2025-10-31T15:13:24","modified_gmt":"2025-10-31T14:13:24","slug":"tarifs-et-conditions","status":"publish","type":"page","link":"https:\/\/golflesbois.ch\/de\/club\/membres\/tarifs-et-conditions\/","title":{"rendered":"Preise und Bedingungen"},"content":{"rendered":"\t\t<div data-elementor-type=\"wp-page\" data-elementor-id=\"26639\" class=\"elementor elementor-26639 elementor-6032\" data-elementor-post-type=\"page\">\n\t\t\t\t\t\t<section class=\"elementor-section elementor-top-section elementor-element elementor-element-5b36c9f3 elementor-section-boxed elementor-section-height-default elementor-section-height-default\" data-id=\"5b36c9f3\" data-element_type=\"section\" data-e-type=\"section\" data-settings=\"{&quot;jet_parallax_layout_list&quot;:[]}\">\n\t\t\t\t\t\t<div class=\"elementor-container elementor-column-gap-default\">\n\t\t\t\t\t<div class=\"elementor-column elementor-col-100 elementor-top-column elementor-element elementor-element-295a4ce8\" data-id=\"295a4ce8\" data-element_type=\"column\" data-e-type=\"column\">\n\t\t\t<div class=\"elementor-widget-wrap elementor-element-populated\">\n\t\t\t\t\t\t<div class=\"elementor-element elementor-element-a42b9b8 elementor-widget elementor-widget-heading\" data-id=\"a42b9b8\" data-element_type=\"widget\" data-e-type=\"widget\" data-widget_type=\"heading.default\">\n\t\t\t\t<div class=\"elementor-widget-container\">\n\t\t\t\t\t<h2 class=\"elementor-heading-title elementor-size-default\">Preise und Bedingungen<\/h2>\t\t\t\t<\/div>\n\t\t\t\t<\/div>\n\t\t\t\t<div class=\"elementor-element elementor-element-165b7b6 elementor-widget elementor-widget-text-editor\" data-id=\"165b7b6\" data-element_type=\"widget\" data-e-type=\"widget\" data-widget_type=\"text-editor.default\">\n\t\t\t\t<div class=\"elementor-widget-container\">\n\t\t\t\t\t\t\t\t\t<p style=\"text-align: justify;\">Der Golf-Club Les Bois ist besonders gesellig, sein erstklassiger Parcours, seine Infrastruktur und seine Umgebung sorgen daf\u00fcr, dass Sie sich schnell wie zu Hause f\u00fchlen werden. Der Vorstand w\u00fcrde sich freuen, Sie als Mitglied des Clubs begr\u00fc\u00dfen zu d\u00fcrfen und pr\u00fcft sehr gerne neue Beitrittsgesuche.<\/p>\n\t\t\t\t\t\t\t\t<\/div>\n\t\t\t\t<\/div>\n\t\t\t\t\t<\/div>\n\t\t<\/div>\n\t\t\t\t\t<\/div>\n\t\t<\/section>\n\t\t\t\t<section class=\"elementor-section elementor-top-section elementor-element elementor-element-51b8265 elementor-section-boxed elementor-section-height-default elementor-section-height-default\" data-id=\"51b8265\" data-element_type=\"section\" data-e-type=\"section\" data-settings=\"{&quot;jet_parallax_layout_list&quot;:[]}\">\n\t\t\t\t\t\t<div class=\"elementor-container elementor-column-gap-default\">\n\t\t\t\t\t<div class=\"elementor-column elementor-col-50 elementor-top-column elementor-element elementor-element-f897748\" data-id=\"f897748\" data-element_type=\"column\" data-e-type=\"column\">\n\t\t\t<div class=\"elementor-widget-wrap elementor-element-populated\">\n\t\t\t\t\t\t<div class=\"elementor-element elementor-element-a4ad33b dce_masking-none elementor-widget elementor-widget-image\" data-id=\"a4ad33b\" data-element_type=\"widget\" data-e-type=\"widget\" data-widget_type=\"image.default\">\n\t\t\t\t<div class=\"elementor-widget-container\">\n\t\t\t\t\t\t\t\t\t\t\t\t\t\t\t<img fetchpriority=\"high\" decoding=\"async\" width=\"800\" height=\"533\" src=\"https:\/\/golflesbois.ch\/wp-content\/uploads\/2022\/02\/IMG_1230-e1518701789641-1024x682.jpg\" class=\"attachment-large size-large wp-image-25478\" alt=\"\" srcset=\"https:\/\/golflesbois.ch\/wp-content\/uploads\/2022\/02\/IMG_1230-e1518701789641-1024x682.jpg 1024w, https:\/\/golflesbois.ch\/wp-content\/uploads\/2022\/02\/IMG_1230-e1518701789641-600x400.jpg 600w, https:\/\/golflesbois.ch\/wp-content\/uploads\/2022\/02\/IMG_1230-e1518701789641-300x200.jpg 300w, https:\/\/golflesbois.ch\/wp-content\/uploads\/2022\/02\/IMG_1230-e1518701789641-768x512.jpg 768w, https:\/\/golflesbois.ch\/wp-content\/uploads\/2022\/02\/IMG_1230-e1518701789641.jpg 1280w\" sizes=\"(max-width: 800px) 100vw, 800px\" \/>\t\t\t\t\t\t\t\t\t\t\t\t\t\t\t<\/div>\n\t\t\t\t<\/div>\n\t\t\t\t\t<\/div>\n\t\t<\/div>\n\t\t\t\t<div class=\"elementor-column elementor-col-50 elementor-top-column elementor-element elementor-element-90742b3\" data-id=\"90742b3\" data-element_type=\"column\" data-e-type=\"column\">\n\t\t\t<div class=\"elementor-widget-wrap elementor-element-populated\">\n\t\t\t\t\t\t<div class=\"elementor-element elementor-element-8388136 elementor-widget elementor-widget-text-editor\" data-id=\"8388136\" data-element_type=\"widget\" data-e-type=\"widget\" data-widget_type=\"text-editor.default\">\n\t\t\t\t<div class=\"elementor-widget-container\">\n\t\t\t\t\t\t\t\t\t<p>Hier unten, finden Sie unsere verschiedene Preise um Mitglied in unserem Club zu werden.<\/p>\n\t\t\t\t\t\t\t\t<\/div>\n\t\t\t\t<\/div>\n\t\t\t\t<div class=\"elementor-element elementor-element-8ff68f5 elementor-widget elementor-widget-accordion\" data-id=\"8ff68f5\" data-element_type=\"widget\" data-e-type=\"widget\" data-widget_type=\"accordion.default\">\n\t\t\t\t<div class=\"elementor-widget-container\">\n\t\t\t\t\t\t\t<div class=\"elementor-accordion\">\n\t\t\t\t\t\t\t<div class=\"elementor-accordion-item\">\n\t\t\t\t\t<div id=\"elementor-tab-title-1501\" class=\"elementor-tab-title\" data-tab=\"1\" role=\"button\" aria-controls=\"elementor-tab-content-1501\" aria-expanded=\"false\">\n\t\t\t\t\t\t\t\t\t\t\t\t\t<span class=\"elementor-accordion-icon elementor-accordion-icon-left\" aria-hidden=\"true\">\n\t\t\t\t\t\t\t\t\t\t\t\t\t\t\t<span class=\"elementor-accordion-icon-closed\"><i class=\"fas fa-plus\"><\/i><\/span>\n\t\t\t\t\t\t\t\t<span class=\"elementor-accordion-icon-opened\"><i class=\"fas fa-minus\"><\/i><\/span>\n\t\t\t\t\t\t\t\t\t\t\t\t\t\t<\/span>\n\t\t\t\t\t\t\t\t\t\t\t\t<a class=\"elementor-accordion-title\" tabindex=\"0\"> Eintrittsgeb\u00fchren<\/a>\n\t\t\t\t\t<\/div>\n\t\t\t\t\t<div id=\"elementor-tab-content-1501\" class=\"elementor-tab-content elementor-clearfix\" data-tab=\"1\" role=\"region\" aria-labelledby=\"elementor-tab-title-1501\"><table class=\"table table-hover\">\n<tbody>\n<tr class=\"row-2\">\n<td class=\"column-1\">einmalige Zahlung, keine R\u00fcckerstattung<\/td>\n<td class=\"column-2\">CHF 5&#8217;000.-<\/td>\n<\/tr>\n<tr class=\"row-3\">\n<td class=\"column-1\">Beteiligung<\/td>\n<td class=\"column-2\">CHF 15&#8217;000.-<\/td>\n<\/tr>\n<\/tbody>\n<\/table>\n<\/div>\n\t\t\t\t<\/div>\n\t\t\t\t\t\t\t<div class=\"elementor-accordion-item\">\n\t\t\t\t\t<div id=\"elementor-tab-title-1502\" class=\"elementor-tab-title\" data-tab=\"2\" role=\"button\" aria-controls=\"elementor-tab-content-1502\" aria-expanded=\"false\">\n\t\t\t\t\t\t\t\t\t\t\t\t\t<span class=\"elementor-accordion-icon elementor-accordion-icon-left\" aria-hidden=\"true\">\n\t\t\t\t\t\t\t\t\t\t\t\t\t\t\t<span class=\"elementor-accordion-icon-closed\"><i class=\"fas fa-plus\"><\/i><\/span>\n\t\t\t\t\t\t\t\t<span class=\"elementor-accordion-icon-opened\"><i class=\"fas fa-minus\"><\/i><\/span>\n\t\t\t\t\t\t\t\t\t\t\t\t\t\t<\/span>\n\t\t\t\t\t\t\t\t\t\t\t\t<a class=\"elementor-accordion-title\" tabindex=\"0\"> Aktive Mitglieder<\/a>\n\t\t\t\t\t<\/div>\n\t\t\t\t\t<div id=\"elementor-tab-content-1502\" class=\"elementor-tab-content elementor-clearfix\" data-tab=\"2\" role=\"region\" aria-labelledby=\"elementor-tab-title-1502\"><table class=\"table table-hover\">\n<tbody>\n<tr class=\"row-2\">\n<td class=\"column-1\">Einzelperson<\/td>\n<td class=\"column-2\">CHF 2133.\u2013<\/td>\n<\/tr>\n<tr class=\"row-3\">\n<td class=\"column-1\">Zweitmitgliedshaft<\/td>\n<td class=\"column-2\">CHF 1070.\u2013<\/td>\n<\/tr>\n<tr class=\"row-4\">\n<td class=\"column-1\">Tempor\u00e4r<\/td>\n<td class=\"column-2\">CHF 2133.\u2013<\/td>\n<\/tr>\n<\/tbody>\n<\/table>\n<p>Dazu kommt die Swiss Golf Card f\u00fcr CHF 80.<\/p>\n<\/div>\n\t\t\t\t<\/div>\n\t\t\t\t\t\t\t<div class=\"elementor-accordion-item\">\n\t\t\t\t\t<div id=\"elementor-tab-title-1503\" class=\"elementor-tab-title\" data-tab=\"3\" role=\"button\" aria-controls=\"elementor-tab-content-1503\" aria-expanded=\"false\">\n\t\t\t\t\t\t\t\t\t\t\t\t\t<span class=\"elementor-accordion-icon elementor-accordion-icon-left\" aria-hidden=\"true\">\n\t\t\t\t\t\t\t\t\t\t\t\t\t\t\t<span class=\"elementor-accordion-icon-closed\"><i class=\"fas fa-plus\"><\/i><\/span>\n\t\t\t\t\t\t\t\t<span class=\"elementor-accordion-icon-opened\"><i class=\"fas fa-minus\"><\/i><\/span>\n\t\t\t\t\t\t\t\t\t\t\t\t\t\t<\/span>\n\t\t\t\t\t\t\t\t\t\t\t\t<a class=\"elementor-accordion-title\" tabindex=\"0\">Jugendliche Mitglieder<\/a>\n\t\t\t\t\t<\/div>\n\t\t\t\t\t<div id=\"elementor-tab-content-1503\" class=\"elementor-tab-content elementor-clearfix\" data-tab=\"3\" role=\"region\" aria-labelledby=\"elementor-tab-title-1503\"><table class=\"table table-hover\">\n<tbody>\n<tr class=\"row-2\">\n<td class=\"column-1\">Von 19 bis 21 Jahren<\/td>\n<td class=\"column-2\">CHF 378.\u2013<\/td>\n<\/tr>\n<tr class=\"row-3\">\n<td class=\"column-1\">Von 22 bis 25 Jahren<\/td>\n<td class=\"column-2\">CHF 810.\u2013<\/td>\n<\/tr>\n<tr class=\"row-3\">\n<td class=\"column-1\">Von 26 bis 30 Jahren<\/td>\n<td class=\"column-2\">CHF 1069.-<\/td>\n<\/tr>\n<\/tbody>\n<\/table>\n<p>Spielerinnen und Spieler bis 30 Jahre, die dem Club beitreten, sind dauerhaft von der Eintrittsgeb\u00fchr befreit. Ab dem 31. Altersjahr wird diese erhoben.<\/p>\n<p>Bei Vorlage des Studenten- oder Lehrlingsausweises wird ein Mitgliedsbeitrag von CHF 810.- erhoben.<\/p>\n<p>Dazu kommt die Swiss Golf Card f\u00fcr CHF 80.-.<\/p>\n<\/div>\n\t\t\t\t<\/div>\n\t\t\t\t\t\t\t<div class=\"elementor-accordion-item\">\n\t\t\t\t\t<div id=\"elementor-tab-title-1504\" class=\"elementor-tab-title\" data-tab=\"4\" role=\"button\" aria-controls=\"elementor-tab-content-1504\" aria-expanded=\"false\">\n\t\t\t\t\t\t\t\t\t\t\t\t\t<span class=\"elementor-accordion-icon elementor-accordion-icon-left\" aria-hidden=\"true\">\n\t\t\t\t\t\t\t\t\t\t\t\t\t\t\t<span class=\"elementor-accordion-icon-closed\"><i class=\"fas fa-plus\"><\/i><\/span>\n\t\t\t\t\t\t\t\t<span class=\"elementor-accordion-icon-opened\"><i class=\"fas fa-minus\"><\/i><\/span>\n\t\t\t\t\t\t\t\t\t\t\t\t\t\t<\/span>\n\t\t\t\t\t\t\t\t\t\t\t\t<a class=\"elementor-accordion-title\" tabindex=\"0\">Junioren Mitglieder<\/a>\n\t\t\t\t\t<\/div>\n\t\t\t\t\t<div id=\"elementor-tab-content-1504\" class=\"elementor-tab-content elementor-clearfix\" data-tab=\"4\" role=\"region\" aria-labelledby=\"elementor-tab-title-1504\"><table class=\"table table-hover\">\n<tbody>\n<tr class=\"row-2\">\n<td class=\"column-1\">Bis 14 Jahre<\/td>\n<td class=\"column-2\">CHF 237.\u2013<\/td>\n<\/tr>\n<tr class=\"row-3\">\n<td class=\"column-1\">Von 15 bis 18 Jahren<\/td>\n<td class=\"column-2\">CHF 270.\u2013<\/td>\n<\/tr>\n<\/tbody>\n<\/table>\n<p>Die Karte von Swiss Golf ist inbegriffen.<\/p>\n<\/div>\n\t\t\t\t<\/div>\n\t\t\t\t\t\t\t\t<\/div>\n\t\t\t\t\t\t<\/div>\n\t\t\t\t<\/div>\n\t\t\t\t<div class=\"elementor-element elementor-element-51576eb elementor-widget elementor-widget-heading\" data-id=\"51576eb\" data-element_type=\"widget\" data-e-type=\"widget\" data-widget_type=\"heading.default\">\n\t\t\t\t<div class=\"elementor-widget-container\">\n\t\t\t\t\t<span class=\"elementor-heading-title elementor-size-default\">Z\u00f6gern Sie nicht, uns f\u00fcr weitere Informationen zu kontaktieren.<\/span>\t\t\t\t<\/div>\n\t\t\t\t<\/div>\n\t\t\t\t\t<\/div>\n\t\t<\/div>\n\t\t\t\t\t<\/div>\n\t\t<\/section>\n\t\t\t\t<\/div>\n\t\t","protected":false},"excerpt":{"rendered":"<p>Preise und Bedingungen Der Golf-Club Les Bois ist besonders gesellig, sein erstklassiger Parcours, seine Infrastruktur und seine Umgebung sorgen daf\u00fcr, dass Sie sich schnell wie zu Hause f\u00fchlen werden. Der Vorstand w\u00fcrde sich freuen, Sie als Mitglied des Clubs begr\u00fc\u00dfen zu d\u00fcrfen und pr\u00fcft sehr gerne neue Beitrittsgesuche. Hier unten, finden Sie unsere verschiedene Preise [&hellip;]<\/p>\n","protected":false},"author":1,"featured_media":0,"parent":26585,"menu_order":3,"comment_status":"closed","ping_status":"closed","template":"","meta":{"_acf_changed":false,"footnotes":""},"class_list":["post-26639","page","type-page","status-publish","hentry"],"acf":[],"yoast_head":"<!-- This site is optimized with the Yoast SEO plugin v27.6 - https:\/\/yoast.com\/product\/yoast-seo-wordpress\/ -->\n<title>Preise und Bedingungen - Golf Club Les Bois<\/title>\n<meta name=\"robots\" content=\"index, follow, max-snippet:-1, max-image-preview:large, max-video-preview:-1\" \/>\n<link rel=\"canonical\" href=\"https:\/\/golflesbois.ch\/club\/membres\/tarifs-et-conditions\/\" \/>\n<meta property=\"og:locale\" content=\"de_DE\" \/>\n<meta property=\"og:type\" content=\"article\" \/>\n<meta property=\"og:title\" content=\"Preise und Bedingungen - Golf Club Les Bois\" \/>\n<meta property=\"og:description\" content=\"Preise und Bedingungen Der Golf-Club Les Bois ist besonders gesellig, sein erstklassiger Parcours, seine Infrastruktur und seine Umgebung sorgen daf\u00fcr, dass Sie sich schnell wie zu Hause f\u00fchlen werden. Der Vorstand w\u00fcrde sich freuen, Sie als Mitglied des Clubs begr\u00fc\u00dfen zu d\u00fcrfen und pr\u00fcft sehr gerne neue Beitrittsgesuche. Hier unten, finden Sie unsere verschiedene Preise [&hellip;]\" \/>\n<meta property=\"og:url\" content=\"https:\/\/golflesbois.ch\/club\/membres\/tarifs-et-conditions\/\" \/>\n<meta property=\"og:site_name\" content=\"Golf Club Les Bois\" \/>\n<meta property=\"article:modified_time\" content=\"2025-10-31T14:13:24+00:00\" \/>\n<meta property=\"og:image\" content=\"https:\/\/golflesbois.ch\/wp-content\/uploads\/2022\/02\/IMG_1230-e1518701789641.jpg\" \/>\n\t<meta property=\"og:image:width\" content=\"1280\" \/>\n\t<meta property=\"og:image:height\" content=\"853\" \/>\n\t<meta property=\"og:image:type\" content=\"image\/jpeg\" \/>\n<meta name=\"twitter:card\" content=\"summary_large_image\" \/>\n<meta name=\"twitter:label1\" content=\"Gesch\u00e4tzte Lesezeit\" \/>\n\t<meta name=\"twitter:data1\" content=\"1\u00a0Minute\" \/>\n<script type=\"application\/ld+json\" class=\"yoast-schema-graph\">{\"@context\":\"https:\\\/\\\/schema.org\",\"@graph\":[{\"@type\":\"WebPage\",\"@id\":\"https:\\\/\\\/golflesbois.ch\\\/club\\\/membres\\\/tarifs-et-conditions\\\/\",\"url\":\"https:\\\/\\\/golflesbois.ch\\\/club\\\/membres\\\/tarifs-et-conditions\\\/\",\"name\":\"Preise und Bedingungen - Golf Club Les Bois\",\"isPartOf\":{\"@id\":\"https:\\\/\\\/golflesbois.ch\\\/#website\"},\"primaryImageOfPage\":{\"@id\":\"https:\\\/\\\/golflesbois.ch\\\/club\\\/membres\\\/tarifs-et-conditions\\\/#primaryimage\"},\"image\":{\"@id\":\"https:\\\/\\\/golflesbois.ch\\\/club\\\/membres\\\/tarifs-et-conditions\\\/#primaryimage\"},\"thumbnailUrl\":\"https:\\\/\\\/golflesbois.ch\\\/wp-content\\\/uploads\\\/2022\\\/02\\\/IMG_1230-e1518701789641-1024x682.jpg\",\"datePublished\":\"2018-02-16T23:22:01+00:00\",\"dateModified\":\"2025-10-31T14:13:24+00:00\",\"breadcrumb\":{\"@id\":\"https:\\\/\\\/golflesbois.ch\\\/club\\\/membres\\\/tarifs-et-conditions\\\/#breadcrumb\"},\"inLanguage\":\"de\",\"potentialAction\":[{\"@type\":\"ReadAction\",\"target\":[\"https:\\\/\\\/golflesbois.ch\\\/club\\\/membres\\\/tarifs-et-conditions\\\/\"]}]},{\"@type\":\"ImageObject\",\"inLanguage\":\"de\",\"@id\":\"https:\\\/\\\/golflesbois.ch\\\/club\\\/membres\\\/tarifs-et-conditions\\\/#primaryimage\",\"url\":\"https:\\\/\\\/golflesbois.ch\\\/wp-content\\\/uploads\\\/2022\\\/02\\\/IMG_1230-e1518701789641-1024x682.jpg\",\"contentUrl\":\"https:\\\/\\\/golflesbois.ch\\\/wp-content\\\/uploads\\\/2022\\\/02\\\/IMG_1230-e1518701789641-1024x682.jpg\"},{\"@type\":\"BreadcrumbList\",\"@id\":\"https:\\\/\\\/golflesbois.ch\\\/club\\\/membres\\\/tarifs-et-conditions\\\/#breadcrumb\",\"itemListElement\":[{\"@type\":\"ListItem\",\"position\":1,\"name\":\"Accueil\",\"item\":\"https:\\\/\\\/golflesbois.ch\\\/\"},{\"@type\":\"ListItem\",\"position\":2,\"name\":\"Club\",\"item\":\"https:\\\/\\\/golflesbois.ch\\\/club\\\/\"},{\"@type\":\"ListItem\",\"position\":3,\"name\":\"Membres\",\"item\":\"https:\\\/\\\/golflesbois.ch\\\/de\\\/club\\\/membres\\\/\"},{\"@type\":\"ListItem\",\"position\":4,\"name\":\"Preise und Bedingungen\"}]},{\"@type\":\"WebSite\",\"@id\":\"https:\\\/\\\/golflesbois.ch\\\/#website\",\"url\":\"https:\\\/\\\/golflesbois.ch\\\/\",\"name\":\"Golf Club Les Bois\",\"description\":\"\",\"publisher\":{\"@id\":\"https:\\\/\\\/golflesbois.ch\\\/#organization\"},\"potentialAction\":[{\"@type\":\"SearchAction\",\"target\":{\"@type\":\"EntryPoint\",\"urlTemplate\":\"https:\\\/\\\/golflesbois.ch\\\/?s={search_term_string}\"},\"query-input\":{\"@type\":\"PropertyValueSpecification\",\"valueRequired\":true,\"valueName\":\"search_term_string\"}}],\"inLanguage\":\"de\"},{\"@type\":\"Organization\",\"@id\":\"https:\\\/\\\/golflesbois.ch\\\/#organization\",\"name\":\"Golf Club Les Bois\",\"url\":\"https:\\\/\\\/golflesbois.ch\\\/\",\"logo\":{\"@type\":\"ImageObject\",\"inLanguage\":\"de\",\"@id\":\"https:\\\/\\\/golflesbois.ch\\\/#\\\/schema\\\/logo\\\/image\\\/\",\"url\":\"https:\\\/\\\/golflesbois.ch\\\/wp-content\\\/uploads\\\/2021\\\/12\\\/LesBois.png\",\"contentUrl\":\"https:\\\/\\\/golflesbois.ch\\\/wp-content\\\/uploads\\\/2021\\\/12\\\/LesBois.png\",\"width\":130,\"height\":130,\"caption\":\"Golf Club Les Bois\"},\"image\":{\"@id\":\"https:\\\/\\\/golflesbois.ch\\\/#\\\/schema\\\/logo\\\/image\\\/\"}}]}<\/script>\n<!-- \/ Yoast SEO plugin. -->","yoast_head_json":{"title":"Preise und Bedingungen - Golf Club Les Bois","robots":{"index":"index","follow":"follow","max-snippet":"max-snippet:-1","max-image-preview":"max-image-preview:large","max-video-preview":"max-video-preview:-1"},"canonical":"https:\/\/golflesbois.ch\/club\/membres\/tarifs-et-conditions\/","og_locale":"de_DE","og_type":"article","og_title":"Preise und Bedingungen - Golf Club Les Bois","og_description":"Preise und Bedingungen Der Golf-Club Les Bois ist besonders gesellig, sein erstklassiger Parcours, seine Infrastruktur und seine Umgebung sorgen daf\u00fcr, dass Sie sich schnell wie zu Hause f\u00fchlen werden. Der Vorstand w\u00fcrde sich freuen, Sie als Mitglied des Clubs begr\u00fc\u00dfen zu d\u00fcrfen und pr\u00fcft sehr gerne neue Beitrittsgesuche. Hier unten, finden Sie unsere verschiedene Preise [&hellip;]","og_url":"https:\/\/golflesbois.ch\/club\/membres\/tarifs-et-conditions\/","og_site_name":"Golf Club Les Bois","article_modified_time":"2025-10-31T14:13:24+00:00","og_image":[{"width":1280,"height":853,"url":"https:\/\/golflesbois.ch\/wp-content\/uploads\/2022\/02\/IMG_1230-e1518701789641.jpg","type":"image\/jpeg"}],"twitter_card":"summary_large_image","twitter_misc":{"Gesch\u00e4tzte Lesezeit":"1\u00a0Minute"},"schema":{"@context":"https:\/\/schema.org","@graph":[{"@type":"WebPage","@id":"https:\/\/golflesbois.ch\/club\/membres\/tarifs-et-conditions\/","url":"https:\/\/golflesbois.ch\/club\/membres\/tarifs-et-conditions\/","name":"Preise und Bedingungen - Golf Club Les Bois","isPartOf":{"@id":"https:\/\/golflesbois.ch\/#website"},"primaryImageOfPage":{"@id":"https:\/\/golflesbois.ch\/club\/membres\/tarifs-et-conditions\/#primaryimage"},"image":{"@id":"https:\/\/golflesbois.ch\/club\/membres\/tarifs-et-conditions\/#primaryimage"},"thumbnailUrl":"https:\/\/golflesbois.ch\/wp-content\/uploads\/2022\/02\/IMG_1230-e1518701789641-1024x682.jpg","datePublished":"2018-02-16T23:22:01+00:00","dateModified":"2025-10-31T14:13:24+00:00","breadcrumb":{"@id":"https:\/\/golflesbois.ch\/club\/membres\/tarifs-et-conditions\/#breadcrumb"},"inLanguage":"de","potentialAction":[{"@type":"ReadAction","target":["https:\/\/golflesbois.ch\/club\/membres\/tarifs-et-conditions\/"]}]},{"@type":"ImageObject","inLanguage":"de","@id":"https:\/\/golflesbois.ch\/club\/membres\/tarifs-et-conditions\/#primaryimage","url":"https:\/\/golflesbois.ch\/wp-content\/uploads\/2022\/02\/IMG_1230-e1518701789641-1024x682.jpg","contentUrl":"https:\/\/golflesbois.ch\/wp-content\/uploads\/2022\/02\/IMG_1230-e1518701789641-1024x682.jpg"},{"@type":"BreadcrumbList","@id":"https:\/\/golflesbois.ch\/club\/membres\/tarifs-et-conditions\/#breadcrumb","itemListElement":[{"@type":"ListItem","position":1,"name":"Accueil","item":"https:\/\/golflesbois.ch\/"},{"@type":"ListItem","position":2,"name":"Club","item":"https:\/\/golflesbois.ch\/club\/"},{"@type":"ListItem","position":3,"name":"Membres","item":"https:\/\/golflesbois.ch\/de\/club\/membres\/"},{"@type":"ListItem","position":4,"name":"Preise und Bedingungen"}]},{"@type":"WebSite","@id":"https:\/\/golflesbois.ch\/#website","url":"https:\/\/golflesbois.ch\/","name":"Golf Club Les Bois","description":"","publisher":{"@id":"https:\/\/golflesbois.ch\/#organization"},"potentialAction":[{"@type":"SearchAction","target":{"@type":"EntryPoint","urlTemplate":"https:\/\/golflesbois.ch\/?s={search_term_string}"},"query-input":{"@type":"PropertyValueSpecification","valueRequired":true,"valueName":"search_term_string"}}],"inLanguage":"de"},{"@type":"Organization","@id":"https:\/\/golflesbois.ch\/#organization","name":"Golf Club Les Bois","url":"https:\/\/golflesbois.ch\/","logo":{"@type":"ImageObject","inLanguage":"de","@id":"https:\/\/golflesbois.ch\/#\/schema\/logo\/image\/","url":"https:\/\/golflesbois.ch\/wp-content\/uploads\/2021\/12\/LesBois.png","contentUrl":"https:\/\/golflesbois.ch\/wp-content\/uploads\/2021\/12\/LesBois.png","width":130,"height":130,"caption":"Golf Club Les Bois"},"image":{"@id":"https:\/\/golflesbois.ch\/#\/schema\/logo\/image\/"}}]}},"rttpg_featured_image_url":null,"rttpg_author":{"display_name":"siteweb","author_link":"https:\/\/golflesbois.ch\/de\/author\/siteweb\/"},"rttpg_comment":0,"rttpg_category":" <a href=\"https:\/\/golflesbois.ch\/de\/?taxonomy=translation_priority&#038;term=optional\" rel=\"tag\">Optional<\/a>","rttpg_excerpt":"Preise und Bedingungen Der Golf-Club Les Bois ist besonders gesellig, sein erstklassiger Parcours, seine Infrastruktur und seine Umgebung sorgen daf\u00fcr, dass Sie sich schnell wie zu Hause f\u00fchlen werden. Der Vorstand w\u00fcrde sich freuen, Sie als Mitglied des Clubs begr\u00fc\u00dfen zu d\u00fcrfen und pr\u00fcft sehr gerne neue Beitrittsgesuche. Hier unten, finden Sie unsere verschiedene Preise&hellip;","_links":{"self":[{"href":"https:\/\/golflesbois.ch\/de\/wp-json\/wp\/v2\/pages\/26639","targetHints":{"allow":["GET"]}}],"collection":[{"href":"https:\/\/golflesbois.ch\/de\/wp-json\/wp\/v2\/pages"}],"about":[{"href":"https:\/\/golflesbois.ch\/de\/wp-json\/wp\/v2\/types\/page"}],"author":[{"embeddable":true,"href":"https:\/\/golflesbois.ch\/de\/wp-json\/wp\/v2\/users\/1"}],"replies":[{"embeddable":true,"href":"https:\/\/golflesbois.ch\/de\/wp-json\/wp\/v2\/comments?post=26639"}],"version-history":[{"count":6,"href":"https:\/\/golflesbois.ch\/de\/wp-json\/wp\/v2\/pages\/26639\/revisions"}],"predecessor-version":[{"id":33202,"href":"https:\/\/golflesbois.ch\/de\/wp-json\/wp\/v2\/pages\/26639\/revisions\/33202"}],"up":[{"embeddable":true,"href":"https:\/\/golflesbois.ch\/de\/wp-json\/wp\/v2\/pages\/26585"}],"wp:attachment":[{"href":"https:\/\/golflesbois.ch\/de\/wp-json\/wp\/v2\/media?parent=26639"}],"curies":[{"name":"wp","href":"https:\/\/api.w.org\/{rel}","templated":true}]}}