{"id":32037,"date":"2025-07-10T09:25:16","date_gmt":"2025-07-10T07:25:16","guid":{"rendered":"https:\/\/golflesbois.ch\/elektro-ladestation\/"},"modified":"2025-08-17T14:21:47","modified_gmt":"2025-08-17T12:21:47","slug":"elektro-ladestation","status":"publish","type":"page","link":"https:\/\/golflesbois.ch\/de\/elektro-ladestation\/","title":{"rendered":"Elektro-Ladestation"},"content":{"rendered":"\t\t<div data-elementor-type=\"wp-page\" data-elementor-id=\"32037\" class=\"elementor elementor-32037 elementor-31788\" data-elementor-post-type=\"page\">\n\t\t\t\t\t\t<section class=\"elementor-section elementor-top-section elementor-element elementor-element-63b7d8f elementor-section-boxed elementor-section-height-default elementor-section-height-default\" data-id=\"63b7d8f\" data-element_type=\"section\" data-e-type=\"section\" data-settings=\"{&quot;jet_parallax_layout_list&quot;:[]}\">\n\t\t\t\t\t\t<div class=\"elementor-container elementor-column-gap-default\">\n\t\t\t\t\t<div class=\"elementor-column elementor-col-100 elementor-top-column elementor-element elementor-element-3ac4ffc\" data-id=\"3ac4ffc\" data-element_type=\"column\" data-e-type=\"column\">\n\t\t\t<div class=\"elementor-widget-wrap elementor-element-populated\">\n\t\t\t\t\t\t<div class=\"elementor-element elementor-element-5bb913e elementor-widget elementor-widget-heading\" data-id=\"5bb913e\" data-element_type=\"widget\" data-e-type=\"widget\" data-widget_type=\"heading.default\">\n\t\t\t\t<div class=\"elementor-widget-container\">\n\t\t\t\t\t<h2 class=\"elementor-heading-title elementor-size-default\">Tankstelle f\u00fcr Elektroautos<\/h2>\t\t\t\t<\/div>\n\t\t\t\t<\/div>\n\t\t\t\t\t<\/div>\n\t\t<\/div>\n\t\t\t\t\t<\/div>\n\t\t<\/section>\n\t\t\t\t<section class=\"elementor-section elementor-top-section elementor-element elementor-element-7890f12 elementor-section-boxed elementor-section-height-default elementor-section-height-default\" data-id=\"7890f12\" data-element_type=\"section\" data-e-type=\"section\" data-settings=\"{&quot;jet_parallax_layout_list&quot;:[]}\">\n\t\t\t\t\t\t<div class=\"elementor-container elementor-column-gap-default\">\n\t\t\t\t\t<div class=\"elementor-column elementor-col-100 elementor-top-column elementor-element elementor-element-e5344ba\" data-id=\"e5344ba\" data-element_type=\"column\" data-e-type=\"column\">\n\t\t\t<div class=\"elementor-widget-wrap elementor-element-populated\">\n\t\t\t\t\t\t<div class=\"elementor-element elementor-element-86ef263 elementor-widget elementor-widget-spacer\" data-id=\"86ef263\" data-element_type=\"widget\" data-e-type=\"widget\" data-widget_type=\"spacer.default\">\n\t\t\t\t<div class=\"elementor-widget-container\">\n\t\t\t\t\t\t\t<div class=\"elementor-spacer\">\n\t\t\t<div class=\"elementor-spacer-inner\"><\/div>\n\t\t<\/div>\n\t\t\t\t\t\t<\/div>\n\t\t\t\t<\/div>\n\t\t\t\t\t<\/div>\n\t\t<\/div>\n\t\t\t\t\t<\/div>\n\t\t<\/section>\n\t\t\t\t<section class=\"elementor-section elementor-top-section elementor-element elementor-element-e5d71da elementor-section-boxed elementor-section-height-default elementor-section-height-default\" data-id=\"e5d71da\" data-element_type=\"section\" data-e-type=\"section\" data-settings=\"{&quot;jet_parallax_layout_list&quot;:[]}\">\n\t\t\t\t\t\t<div class=\"elementor-container elementor-column-gap-default\">\n\t\t\t\t\t<div class=\"elementor-column elementor-col-100 elementor-top-column elementor-element elementor-element-4983cfb\" data-id=\"4983cfb\" data-element_type=\"column\" data-e-type=\"column\">\n\t\t\t<div class=\"elementor-widget-wrap elementor-element-populated\">\n\t\t\t\t\t\t<section class=\"elementor-section elementor-inner-section elementor-element elementor-element-67a2aa5 elementor-section-boxed elementor-section-height-default elementor-section-height-default\" data-id=\"67a2aa5\" data-element_type=\"section\" data-e-type=\"section\" data-settings=\"{&quot;jet_parallax_layout_list&quot;:[]}\">\n\t\t\t\t\t\t<div class=\"elementor-container elementor-column-gap-default\">\n\t\t\t\t\t<div class=\"elementor-column elementor-col-50 elementor-inner-column elementor-element elementor-element-566c42e\" data-id=\"566c42e\" data-element_type=\"column\" data-e-type=\"column\">\n\t\t\t<div class=\"elementor-widget-wrap elementor-element-populated\">\n\t\t\t\t\t\t<div class=\"elementor-element elementor-element-74d5f7d elementor-widget elementor-widget-text-editor\" data-id=\"74d5f7d\" data-element_type=\"widget\" data-e-type=\"widget\" data-widget_type=\"text-editor.default\">\n\t\t\t\t<div class=\"elementor-widget-container\">\n\t\t\t\t\t\t\t\t\t<p>Auf unserem Parkplatz stehen unseren Kunden zwei Ladestationen f\u00fcr vier Elektroautos zur Verf\u00fcgung.<\/p>\n<p><strong>Ladetarif <\/strong><br \/>Einheitspreis: 28.50 CHF<\/p>\n\t\t\t\t\t\t\t\t<\/div>\n\t\t\t\t<\/div>\n\t\t\t\t<div class=\"elementor-element elementor-element-05063c9 elementor-widget__width-initial dce_masking-none elementor-widget elementor-widget-image\" data-id=\"05063c9\" data-element_type=\"widget\" data-e-type=\"widget\" data-widget_type=\"image.default\">\n\t\t\t\t<div class=\"elementor-widget-container\">\n\t\t\t\t\t\t\t\t\t\t\t\t\t\t\t\t<a href=\"https:\/\/www.lagoule.ch\/fr\" target=\"_blank\">\n\t\t\t\t\t\t\t<img decoding=\"async\" width=\"300\" height=\"137\" src=\"https:\/\/golflesbois.ch\/wp-content\/uploads\/2025\/07\/la-goule-300x137.jpg\" class=\"attachment-medium size-medium wp-image-31795\" alt=\"\" srcset=\"https:\/\/golflesbois.ch\/wp-content\/uploads\/2025\/07\/la-goule-300x137.jpg 300w, https:\/\/golflesbois.ch\/wp-content\/uploads\/2025\/07\/la-goule-768x350.jpg 768w, https:\/\/golflesbois.ch\/wp-content\/uploads\/2025\/07\/la-goule-600x274.jpg 600w, https:\/\/golflesbois.ch\/wp-content\/uploads\/2025\/07\/la-goule.jpg 910w\" sizes=\"(max-width: 300px) 100vw, 300px\" \/>\t\t\t\t\t\t\t\t<\/a>\n\t\t\t\t\t\t\t\t\t\t\t\t\t\t\t<\/div>\n\t\t\t\t<\/div>\n\t\t\t\t\t<\/div>\n\t\t<\/div>\n\t\t\t\t<div class=\"elementor-column elementor-col-50 elementor-inner-column elementor-element elementor-element-34fa4f5\" data-id=\"34fa4f5\" data-element_type=\"column\" data-e-type=\"column\">\n\t\t\t<div class=\"elementor-widget-wrap elementor-element-populated\">\n\t\t\t\t\t\t<div class=\"elementor-element elementor-element-b96e860 elementor-widget__width-initial dce_masking-none elementor-widget elementor-widget-image\" data-id=\"b96e860\" data-element_type=\"widget\" data-e-type=\"widget\" data-widget_type=\"image.default\">\n\t\t\t\t<div class=\"elementor-widget-container\">\n\t\t\t\t\t\t\t\t\t\t\t\t\t\t\t<img fetchpriority=\"high\" decoding=\"async\" width=\"800\" height=\"600\" src=\"https:\/\/golflesbois.ch\/wp-content\/uploads\/2025\/08\/DJI_20250813090827_0014_D-1024x768.jpg\" class=\"attachment-large size-large wp-image-32325\" alt=\"\" srcset=\"https:\/\/golflesbois.ch\/wp-content\/uploads\/2025\/08\/DJI_20250813090827_0014_D-1024x768.jpg 1024w, https:\/\/golflesbois.ch\/wp-content\/uploads\/2025\/08\/DJI_20250813090827_0014_D-300x225.jpg 300w, https:\/\/golflesbois.ch\/wp-content\/uploads\/2025\/08\/DJI_20250813090827_0014_D-768x576.jpg 768w, https:\/\/golflesbois.ch\/wp-content\/uploads\/2025\/08\/DJI_20250813090827_0014_D-1536x1152.jpg 1536w, https:\/\/golflesbois.ch\/wp-content\/uploads\/2025\/08\/DJI_20250813090827_0014_D-2048x1536.jpg 2048w, https:\/\/golflesbois.ch\/wp-content\/uploads\/2025\/08\/DJI_20250813090827_0014_D-600x450.jpg 600w\" sizes=\"(max-width: 800px) 100vw, 800px\" \/>\t\t\t\t\t\t\t\t\t\t\t\t\t\t\t<\/div>\n\t\t\t\t<\/div>\n\t\t\t\t\t<\/div>\n\t\t<\/div>\n\t\t\t\t\t<\/div>\n\t\t<\/section>\n\t\t\t\t\t<\/div>\n\t\t<\/div>\n\t\t\t\t\t<\/div>\n\t\t<\/section>\n\t\t\t\t<\/div>\n\t\t","protected":false},"excerpt":{"rendered":"<p>Tankstelle f\u00fcr Elektroautos Auf unserem Parkplatz stehen unseren Kunden zwei Ladestationen f\u00fcr vier Elektroautos zur Verf\u00fcgung. Ladetarif Einheitspreis: 28.50 CHF<\/p>\n","protected":false},"author":3,"featured_media":0,"parent":0,"menu_order":0,"comment_status":"closed","ping_status":"closed","template":"","meta":{"_acf_changed":false,"footnotes":""},"class_list":["post-32037","page","type-page","status-publish","hentry"],"acf":[],"yoast_head":"<!-- This site is optimized with the Yoast SEO plugin v27.4 - https:\/\/yoast.com\/product\/yoast-seo-wordpress\/ -->\n<title>Elektro-Ladestation - Golf Club Les Bois<\/title>\n<meta name=\"robots\" content=\"index, follow, max-snippet:-1, max-image-preview:large, max-video-preview:-1\" \/>\n<link rel=\"canonical\" href=\"https:\/\/golflesbois.ch\/borne-de-recharge-pour-voitures-electriques\/\" \/>\n<meta property=\"og:locale\" content=\"de_DE\" \/>\n<meta property=\"og:type\" content=\"article\" \/>\n<meta property=\"og:title\" content=\"Elektro-Ladestation - Golf Club Les Bois\" \/>\n<meta property=\"og:description\" content=\"Tankstelle f\u00fcr Elektroautos Auf unserem Parkplatz stehen unseren Kunden zwei Ladestationen f\u00fcr vier Elektroautos zur Verf\u00fcgung. Ladetarif Einheitspreis: 28.50 CHF\" \/>\n<meta property=\"og:url\" content=\"https:\/\/golflesbois.ch\/borne-de-recharge-pour-voitures-electriques\/\" \/>\n<meta property=\"og:site_name\" content=\"Golf Club Les Bois\" \/>\n<meta property=\"article:modified_time\" content=\"2025-08-17T12:21:47+00:00\" \/>\n<meta property=\"og:image\" content=\"https:\/\/golflesbois.ch\/wp-content\/uploads\/2025\/07\/la-goule.jpg\" \/>\n\t<meta property=\"og:image:width\" content=\"910\" \/>\n\t<meta property=\"og:image:height\" content=\"415\" \/>\n\t<meta property=\"og:image:type\" content=\"image\/jpeg\" \/>\n<meta name=\"twitter:card\" content=\"summary_large_image\" \/>\n<script type=\"application\/ld+json\" class=\"yoast-schema-graph\">{\"@context\":\"https:\\\/\\\/schema.org\",\"@graph\":[{\"@type\":\"WebPage\",\"@id\":\"https:\\\/\\\/golflesbois.ch\\\/borne-de-recharge-pour-voitures-electriques\\\/\",\"url\":\"https:\\\/\\\/golflesbois.ch\\\/borne-de-recharge-pour-voitures-electriques\\\/\",\"name\":\"Elektro-Ladestation - Golf Club Les Bois\",\"isPartOf\":{\"@id\":\"https:\\\/\\\/golflesbois.ch\\\/#website\"},\"primaryImageOfPage\":{\"@id\":\"https:\\\/\\\/golflesbois.ch\\\/borne-de-recharge-pour-voitures-electriques\\\/#primaryimage\"},\"image\":{\"@id\":\"https:\\\/\\\/golflesbois.ch\\\/borne-de-recharge-pour-voitures-electriques\\\/#primaryimage\"},\"thumbnailUrl\":\"https:\\\/\\\/golflesbois.ch\\\/wp-content\\\/uploads\\\/2025\\\/07\\\/la-goule-300x137.jpg\",\"datePublished\":\"2025-07-10T07:25:16+00:00\",\"dateModified\":\"2025-08-17T12:21:47+00:00\",\"breadcrumb\":{\"@id\":\"https:\\\/\\\/golflesbois.ch\\\/borne-de-recharge-pour-voitures-electriques\\\/#breadcrumb\"},\"inLanguage\":\"de\",\"potentialAction\":[{\"@type\":\"ReadAction\",\"target\":[\"https:\\\/\\\/golflesbois.ch\\\/borne-de-recharge-pour-voitures-electriques\\\/\"]}]},{\"@type\":\"ImageObject\",\"inLanguage\":\"de\",\"@id\":\"https:\\\/\\\/golflesbois.ch\\\/borne-de-recharge-pour-voitures-electriques\\\/#primaryimage\",\"url\":\"https:\\\/\\\/golflesbois.ch\\\/wp-content\\\/uploads\\\/2025\\\/07\\\/la-goule-300x137.jpg\",\"contentUrl\":\"https:\\\/\\\/golflesbois.ch\\\/wp-content\\\/uploads\\\/2025\\\/07\\\/la-goule-300x137.jpg\"},{\"@type\":\"BreadcrumbList\",\"@id\":\"https:\\\/\\\/golflesbois.ch\\\/borne-de-recharge-pour-voitures-electriques\\\/#breadcrumb\",\"itemListElement\":[{\"@type\":\"ListItem\",\"position\":1,\"name\":\"Accueil\",\"item\":\"https:\\\/\\\/golflesbois.ch\\\/\"},{\"@type\":\"ListItem\",\"position\":2,\"name\":\"Elektro-Ladestation\"}]},{\"@type\":\"WebSite\",\"@id\":\"https:\\\/\\\/golflesbois.ch\\\/#website\",\"url\":\"https:\\\/\\\/golflesbois.ch\\\/\",\"name\":\"Golf Club Les Bois\",\"description\":\"\",\"publisher\":{\"@id\":\"https:\\\/\\\/golflesbois.ch\\\/#organization\"},\"potentialAction\":[{\"@type\":\"SearchAction\",\"target\":{\"@type\":\"EntryPoint\",\"urlTemplate\":\"https:\\\/\\\/golflesbois.ch\\\/?s={search_term_string}\"},\"query-input\":{\"@type\":\"PropertyValueSpecification\",\"valueRequired\":true,\"valueName\":\"search_term_string\"}}],\"inLanguage\":\"de\"},{\"@type\":\"Organization\",\"@id\":\"https:\\\/\\\/golflesbois.ch\\\/#organization\",\"name\":\"Golf Club Les Bois\",\"url\":\"https:\\\/\\\/golflesbois.ch\\\/\",\"logo\":{\"@type\":\"ImageObject\",\"inLanguage\":\"de\",\"@id\":\"https:\\\/\\\/golflesbois.ch\\\/#\\\/schema\\\/logo\\\/image\\\/\",\"url\":\"https:\\\/\\\/golflesbois.ch\\\/wp-content\\\/uploads\\\/2021\\\/12\\\/LesBois.png\",\"contentUrl\":\"https:\\\/\\\/golflesbois.ch\\\/wp-content\\\/uploads\\\/2021\\\/12\\\/LesBois.png\",\"width\":130,\"height\":130,\"caption\":\"Golf Club Les Bois\"},\"image\":{\"@id\":\"https:\\\/\\\/golflesbois.ch\\\/#\\\/schema\\\/logo\\\/image\\\/\"}}]}<\/script>\n<!-- \/ Yoast SEO plugin. -->","yoast_head_json":{"title":"Elektro-Ladestation - Golf Club Les Bois","robots":{"index":"index","follow":"follow","max-snippet":"max-snippet:-1","max-image-preview":"max-image-preview:large","max-video-preview":"max-video-preview:-1"},"canonical":"https:\/\/golflesbois.ch\/borne-de-recharge-pour-voitures-electriques\/","og_locale":"de_DE","og_type":"article","og_title":"Elektro-Ladestation - Golf Club Les Bois","og_description":"Tankstelle f\u00fcr Elektroautos Auf unserem Parkplatz stehen unseren Kunden zwei Ladestationen f\u00fcr vier Elektroautos zur Verf\u00fcgung. Ladetarif Einheitspreis: 28.50 CHF","og_url":"https:\/\/golflesbois.ch\/borne-de-recharge-pour-voitures-electriques\/","og_site_name":"Golf Club Les Bois","article_modified_time":"2025-08-17T12:21:47+00:00","og_image":[{"width":910,"height":415,"url":"https:\/\/golflesbois.ch\/wp-content\/uploads\/2025\/07\/la-goule.jpg","type":"image\/jpeg"}],"twitter_card":"summary_large_image","schema":{"@context":"https:\/\/schema.org","@graph":[{"@type":"WebPage","@id":"https:\/\/golflesbois.ch\/borne-de-recharge-pour-voitures-electriques\/","url":"https:\/\/golflesbois.ch\/borne-de-recharge-pour-voitures-electriques\/","name":"Elektro-Ladestation - Golf Club Les Bois","isPartOf":{"@id":"https:\/\/golflesbois.ch\/#website"},"primaryImageOfPage":{"@id":"https:\/\/golflesbois.ch\/borne-de-recharge-pour-voitures-electriques\/#primaryimage"},"image":{"@id":"https:\/\/golflesbois.ch\/borne-de-recharge-pour-voitures-electriques\/#primaryimage"},"thumbnailUrl":"https:\/\/golflesbois.ch\/wp-content\/uploads\/2025\/07\/la-goule-300x137.jpg","datePublished":"2025-07-10T07:25:16+00:00","dateModified":"2025-08-17T12:21:47+00:00","breadcrumb":{"@id":"https:\/\/golflesbois.ch\/borne-de-recharge-pour-voitures-electriques\/#breadcrumb"},"inLanguage":"de","potentialAction":[{"@type":"ReadAction","target":["https:\/\/golflesbois.ch\/borne-de-recharge-pour-voitures-electriques\/"]}]},{"@type":"ImageObject","inLanguage":"de","@id":"https:\/\/golflesbois.ch\/borne-de-recharge-pour-voitures-electriques\/#primaryimage","url":"https:\/\/golflesbois.ch\/wp-content\/uploads\/2025\/07\/la-goule-300x137.jpg","contentUrl":"https:\/\/golflesbois.ch\/wp-content\/uploads\/2025\/07\/la-goule-300x137.jpg"},{"@type":"BreadcrumbList","@id":"https:\/\/golflesbois.ch\/borne-de-recharge-pour-voitures-electriques\/#breadcrumb","itemListElement":[{"@type":"ListItem","position":1,"name":"Accueil","item":"https:\/\/golflesbois.ch\/"},{"@type":"ListItem","position":2,"name":"Elektro-Ladestation"}]},{"@type":"WebSite","@id":"https:\/\/golflesbois.ch\/#website","url":"https:\/\/golflesbois.ch\/","name":"Golf Club Les Bois","description":"","publisher":{"@id":"https:\/\/golflesbois.ch\/#organization"},"potentialAction":[{"@type":"SearchAction","target":{"@type":"EntryPoint","urlTemplate":"https:\/\/golflesbois.ch\/?s={search_term_string}"},"query-input":{"@type":"PropertyValueSpecification","valueRequired":true,"valueName":"search_term_string"}}],"inLanguage":"de"},{"@type":"Organization","@id":"https:\/\/golflesbois.ch\/#organization","name":"Golf Club Les Bois","url":"https:\/\/golflesbois.ch\/","logo":{"@type":"ImageObject","inLanguage":"de","@id":"https:\/\/golflesbois.ch\/#\/schema\/logo\/image\/","url":"https:\/\/golflesbois.ch\/wp-content\/uploads\/2021\/12\/LesBois.png","contentUrl":"https:\/\/golflesbois.ch\/wp-content\/uploads\/2021\/12\/LesBois.png","width":130,"height":130,"caption":"Golf Club Les Bois"},"image":{"@id":"https:\/\/golflesbois.ch\/#\/schema\/logo\/image\/"}}]}},"rttpg_featured_image_url":null,"rttpg_author":{"display_name":"golflesbois","author_link":"https:\/\/golflesbois.ch\/de\/author\/golflesbois\/"},"rttpg_comment":0,"rttpg_category":" <a href=\"https:\/\/golflesbois.ch\/de\/?taxonomy=translation_priority&#038;term=optional\" rel=\"tag\">Optional<\/a>","rttpg_excerpt":"Tankstelle f\u00fcr Elektroautos Auf unserem Parkplatz stehen unseren Kunden zwei Ladestationen f\u00fcr vier Elektroautos zur Verf\u00fcgung. Ladetarif Einheitspreis: 28.50 CHF","_links":{"self":[{"href":"https:\/\/golflesbois.ch\/de\/wp-json\/wp\/v2\/pages\/32037","targetHints":{"allow":["GET"]}}],"collection":[{"href":"https:\/\/golflesbois.ch\/de\/wp-json\/wp\/v2\/pages"}],"about":[{"href":"https:\/\/golflesbois.ch\/de\/wp-json\/wp\/v2\/types\/page"}],"author":[{"embeddable":true,"href":"https:\/\/golflesbois.ch\/de\/wp-json\/wp\/v2\/users\/3"}],"replies":[{"embeddable":true,"href":"https:\/\/golflesbois.ch\/de\/wp-json\/wp\/v2\/comments?post=32037"}],"version-history":[{"count":6,"href":"https:\/\/golflesbois.ch\/de\/wp-json\/wp\/v2\/pages\/32037\/revisions"}],"predecessor-version":[{"id":32329,"href":"https:\/\/golflesbois.ch\/de\/wp-json\/wp\/v2\/pages\/32037\/revisions\/32329"}],"wp:attachment":[{"href":"https:\/\/golflesbois.ch\/de\/wp-json\/wp\/v2\/media?parent=32037"}],"curies":[{"name":"wp","href":"https:\/\/api.w.org\/{rel}","templated":true}]}}