{"id":33889,"date":"2025-11-20T14:22:32","date_gmt":"2025-11-20T13:22:32","guid":{"rendered":"https:\/\/golflesbois.ch\/?post_type=product&#038;p=33889"},"modified":"2025-12-06T02:07:10","modified_gmt":"2025-12-06T01:07:10","slug":"h2no-lite-cart-tasche","status":"publish","type":"product","link":"https:\/\/golflesbois.ch\/de\/produit\/h2no-lite-cart-tasche\/","title":{"rendered":"H2NO Lite Cart Tasche"},"content":{"rendered":"","protected":false},"excerpt":{"rendered":"<p>H2NO \u2013 Die SUPER COOLE und SUPER LEICHTE Tasche.<\/p>\n<p>Neue wasserdichte Designs mit viel Stauraum und vielen Funktionen!<\/p>\n<p>Wasserdichte Materialien und Rei\u00dfverschl\u00fcsse sowie speziell versiegelte N\u00e4hte sch\u00fctzen Ihre Ausr\u00fcstung zuverl\u00e4ssig vor Regen.<\/p>\n","protected":false},"featured_media":33894,"template":"","meta":{"_acf_changed":false},"product_brand":[],"product_cat":[56],"product_tag":[],"class_list":{"0":"post-33889","1":"product","2":"type-product","3":"status-publish","4":"has-post-thumbnail","6":"product_cat-non-classe-de","8":"first","9":"instock","10":"sold-individually","11":"shipping-taxable","12":"purchasable","13":"product-type-variable"},"acf":[],"yoast_head":"<!-- This site is optimized with the Yoast SEO plugin v27.5 - https:\/\/yoast.com\/product\/yoast-seo-wordpress\/ -->\n<title>H2NO Lite Cart Tasche - Golf Club Les Bois<\/title>\n<meta name=\"robots\" content=\"index, follow, max-snippet:-1, max-image-preview:large, max-video-preview:-1\" \/>\n<link rel=\"canonical\" href=\"https:\/\/golflesbois.ch\/de\/produit\/h2no-lite-cart-tasche\/\" \/>\n<meta property=\"og:locale\" content=\"de_DE\" \/>\n<meta property=\"og:type\" content=\"article\" \/>\n<meta property=\"og:title\" content=\"H2NO Lite Cart Tasche - Golf Club Les Bois\" \/>\n<meta property=\"og:description\" content=\"H2NO \u2013 Die SUPER COOLE und SUPER LEICHTE Tasche.  Neue wasserdichte Designs mit viel Stauraum und vielen Funktionen!  Wasserdichte Materialien und Rei\u00dfverschl\u00fcsse sowie speziell versiegelte N\u00e4hte sch\u00fctzen Ihre Ausr\u00fcstung zuverl\u00e4ssig vor Regen.\" \/>\n<meta property=\"og:url\" content=\"https:\/\/golflesbois.ch\/de\/produit\/h2no-lite-cart-tasche\/\" \/>\n<meta property=\"og:site_name\" content=\"Golf Club Les Bois\" \/>\n<meta property=\"article:modified_time\" content=\"2025-12-06T01:07:10+00:00\" \/>\n<meta property=\"og:image\" content=\"https:\/\/golflesbois.ch\/wp-content\/uploads\/2025\/11\/05.12.25-Sac-H2NO-Lite-Cart.jpg\" \/>\n\t<meta property=\"og:image:width\" content=\"1000\" \/>\n\t<meta property=\"og:image:height\" content=\"1000\" \/>\n\t<meta property=\"og:image:type\" content=\"image\/jpeg\" \/>\n<meta name=\"twitter:card\" content=\"summary_large_image\" \/>\n<meta name=\"twitter:label1\" content=\"Gesch\u00e4tzte Lesezeit\" \/>\n\t<meta name=\"twitter:data1\" content=\"1\u00a0Minute\" \/>\n<script type=\"application\/ld+json\" class=\"yoast-schema-graph\">{\"@context\":\"https:\\\/\\\/schema.org\",\"@graph\":[{\"@type\":\"WebPage\",\"@id\":\"https:\\\/\\\/golflesbois.ch\\\/de\\\/produit\\\/h2no-lite-cart-tasche\\\/\",\"url\":\"https:\\\/\\\/golflesbois.ch\\\/de\\\/produit\\\/h2no-lite-cart-tasche\\\/\",\"name\":\"H2NO Lite Cart Tasche - Golf Club Les Bois\",\"isPartOf\":{\"@id\":\"https:\\\/\\\/golflesbois.ch\\\/#website\"},\"primaryImageOfPage\":{\"@id\":\"https:\\\/\\\/golflesbois.ch\\\/de\\\/produit\\\/h2no-lite-cart-tasche\\\/#primaryimage\"},\"image\":{\"@id\":\"https:\\\/\\\/golflesbois.ch\\\/de\\\/produit\\\/h2no-lite-cart-tasche\\\/#primaryimage\"},\"thumbnailUrl\":\"https:\\\/\\\/golflesbois.ch\\\/wp-content\\\/uploads\\\/2025\\\/11\\\/05.12.25-Sac-H2NO-Lite-Cart.jpg\",\"datePublished\":\"2025-11-20T13:22:32+00:00\",\"dateModified\":\"2025-12-06T01:07:10+00:00\",\"breadcrumb\":{\"@id\":\"https:\\\/\\\/golflesbois.ch\\\/de\\\/produit\\\/h2no-lite-cart-tasche\\\/#breadcrumb\"},\"inLanguage\":\"de\",\"potentialAction\":[{\"@type\":\"ReadAction\",\"target\":[\"https:\\\/\\\/golflesbois.ch\\\/de\\\/produit\\\/h2no-lite-cart-tasche\\\/\"]}]},{\"@type\":\"ImageObject\",\"inLanguage\":\"de\",\"@id\":\"https:\\\/\\\/golflesbois.ch\\\/de\\\/produit\\\/h2no-lite-cart-tasche\\\/#primaryimage\",\"url\":\"https:\\\/\\\/golflesbois.ch\\\/wp-content\\\/uploads\\\/2025\\\/11\\\/05.12.25-Sac-H2NO-Lite-Cart.jpg\",\"contentUrl\":\"https:\\\/\\\/golflesbois.ch\\\/wp-content\\\/uploads\\\/2025\\\/11\\\/05.12.25-Sac-H2NO-Lite-Cart.jpg\",\"width\":1000,\"height\":1000},{\"@type\":\"BreadcrumbList\",\"@id\":\"https:\\\/\\\/golflesbois.ch\\\/de\\\/produit\\\/h2no-lite-cart-tasche\\\/#breadcrumb\",\"itemListElement\":[{\"@type\":\"ListItem\",\"position\":1,\"name\":\"Accueil\",\"item\":\"https:\\\/\\\/golflesbois.ch\\\/\"},{\"@type\":\"ListItem\",\"position\":2,\"name\":\"Shop\",\"item\":\"https:\\\/\\\/golflesbois.ch\\\/shop\\\/\"},{\"@type\":\"ListItem\",\"position\":3,\"name\":\"H2NO Lite Cart Tasche\"}]},{\"@type\":\"WebSite\",\"@id\":\"https:\\\/\\\/golflesbois.ch\\\/#website\",\"url\":\"https:\\\/\\\/golflesbois.ch\\\/\",\"name\":\"Golf Club Les Bois\",\"description\":\"\",\"publisher\":{\"@id\":\"https:\\\/\\\/golflesbois.ch\\\/#organization\"},\"potentialAction\":[{\"@type\":\"SearchAction\",\"target\":{\"@type\":\"EntryPoint\",\"urlTemplate\":\"https:\\\/\\\/golflesbois.ch\\\/?s={search_term_string}\"},\"query-input\":{\"@type\":\"PropertyValueSpecification\",\"valueRequired\":true,\"valueName\":\"search_term_string\"}}],\"inLanguage\":\"de\"},{\"@type\":\"Organization\",\"@id\":\"https:\\\/\\\/golflesbois.ch\\\/#organization\",\"name\":\"Golf Club Les Bois\",\"url\":\"https:\\\/\\\/golflesbois.ch\\\/\",\"logo\":{\"@type\":\"ImageObject\",\"inLanguage\":\"de\",\"@id\":\"https:\\\/\\\/golflesbois.ch\\\/#\\\/schema\\\/logo\\\/image\\\/\",\"url\":\"https:\\\/\\\/golflesbois.ch\\\/wp-content\\\/uploads\\\/2021\\\/12\\\/LesBois.png\",\"contentUrl\":\"https:\\\/\\\/golflesbois.ch\\\/wp-content\\\/uploads\\\/2021\\\/12\\\/LesBois.png\",\"width\":130,\"height\":130,\"caption\":\"Golf Club Les Bois\"},\"image\":{\"@id\":\"https:\\\/\\\/golflesbois.ch\\\/#\\\/schema\\\/logo\\\/image\\\/\"}}]}<\/script>\n<!-- \/ Yoast SEO plugin. -->","yoast_head_json":{"title":"H2NO Lite Cart Tasche - Golf Club Les Bois","robots":{"index":"index","follow":"follow","max-snippet":"max-snippet:-1","max-image-preview":"max-image-preview:large","max-video-preview":"max-video-preview:-1"},"canonical":"https:\/\/golflesbois.ch\/de\/produit\/h2no-lite-cart-tasche\/","og_locale":"de_DE","og_type":"article","og_title":"H2NO Lite Cart Tasche - Golf Club Les Bois","og_description":"H2NO \u2013 Die SUPER COOLE und SUPER LEICHTE Tasche.  Neue wasserdichte Designs mit viel Stauraum und vielen Funktionen!  Wasserdichte Materialien und Rei\u00dfverschl\u00fcsse sowie speziell versiegelte N\u00e4hte sch\u00fctzen Ihre Ausr\u00fcstung zuverl\u00e4ssig vor Regen.","og_url":"https:\/\/golflesbois.ch\/de\/produit\/h2no-lite-cart-tasche\/","og_site_name":"Golf Club Les Bois","article_modified_time":"2025-12-06T01:07:10+00:00","og_image":[{"width":1000,"height":1000,"url":"https:\/\/golflesbois.ch\/wp-content\/uploads\/2025\/11\/05.12.25-Sac-H2NO-Lite-Cart.jpg","type":"image\/jpeg"}],"twitter_card":"summary_large_image","twitter_misc":{"Gesch\u00e4tzte Lesezeit":"1\u00a0Minute"},"schema":{"@context":"https:\/\/schema.org","@graph":[{"@type":"WebPage","@id":"https:\/\/golflesbois.ch\/de\/produit\/h2no-lite-cart-tasche\/","url":"https:\/\/golflesbois.ch\/de\/produit\/h2no-lite-cart-tasche\/","name":"H2NO Lite Cart Tasche - Golf Club Les Bois","isPartOf":{"@id":"https:\/\/golflesbois.ch\/#website"},"primaryImageOfPage":{"@id":"https:\/\/golflesbois.ch\/de\/produit\/h2no-lite-cart-tasche\/#primaryimage"},"image":{"@id":"https:\/\/golflesbois.ch\/de\/produit\/h2no-lite-cart-tasche\/#primaryimage"},"thumbnailUrl":"https:\/\/golflesbois.ch\/wp-content\/uploads\/2025\/11\/05.12.25-Sac-H2NO-Lite-Cart.jpg","datePublished":"2025-11-20T13:22:32+00:00","dateModified":"2025-12-06T01:07:10+00:00","breadcrumb":{"@id":"https:\/\/golflesbois.ch\/de\/produit\/h2no-lite-cart-tasche\/#breadcrumb"},"inLanguage":"de","potentialAction":[{"@type":"ReadAction","target":["https:\/\/golflesbois.ch\/de\/produit\/h2no-lite-cart-tasche\/"]}]},{"@type":"ImageObject","inLanguage":"de","@id":"https:\/\/golflesbois.ch\/de\/produit\/h2no-lite-cart-tasche\/#primaryimage","url":"https:\/\/golflesbois.ch\/wp-content\/uploads\/2025\/11\/05.12.25-Sac-H2NO-Lite-Cart.jpg","contentUrl":"https:\/\/golflesbois.ch\/wp-content\/uploads\/2025\/11\/05.12.25-Sac-H2NO-Lite-Cart.jpg","width":1000,"height":1000},{"@type":"BreadcrumbList","@id":"https:\/\/golflesbois.ch\/de\/produit\/h2no-lite-cart-tasche\/#breadcrumb","itemListElement":[{"@type":"ListItem","position":1,"name":"Accueil","item":"https:\/\/golflesbois.ch\/"},{"@type":"ListItem","position":2,"name":"Shop","item":"https:\/\/golflesbois.ch\/shop\/"},{"@type":"ListItem","position":3,"name":"H2NO Lite Cart Tasche"}]},{"@type":"WebSite","@id":"https:\/\/golflesbois.ch\/#website","url":"https:\/\/golflesbois.ch\/","name":"Golf Club Les Bois","description":"","publisher":{"@id":"https:\/\/golflesbois.ch\/#organization"},"potentialAction":[{"@type":"SearchAction","target":{"@type":"EntryPoint","urlTemplate":"https:\/\/golflesbois.ch\/?s={search_term_string}"},"query-input":{"@type":"PropertyValueSpecification","valueRequired":true,"valueName":"search_term_string"}}],"inLanguage":"de"},{"@type":"Organization","@id":"https:\/\/golflesbois.ch\/#organization","name":"Golf Club Les Bois","url":"https:\/\/golflesbois.ch\/","logo":{"@type":"ImageObject","inLanguage":"de","@id":"https:\/\/golflesbois.ch\/#\/schema\/logo\/image\/","url":"https:\/\/golflesbois.ch\/wp-content\/uploads\/2021\/12\/LesBois.png","contentUrl":"https:\/\/golflesbois.ch\/wp-content\/uploads\/2021\/12\/LesBois.png","width":130,"height":130,"caption":"Golf Club Les Bois"},"image":{"@id":"https:\/\/golflesbois.ch\/#\/schema\/logo\/image\/"}}]}},"_links":{"self":[{"href":"https:\/\/golflesbois.ch\/de\/wp-json\/wp\/v2\/product\/33889","targetHints":{"allow":["GET"]}}],"collection":[{"href":"https:\/\/golflesbois.ch\/de\/wp-json\/wp\/v2\/product"}],"about":[{"href":"https:\/\/golflesbois.ch\/de\/wp-json\/wp\/v2\/types\/product"}],"wp:featuredmedia":[{"embeddable":true,"href":"https:\/\/golflesbois.ch\/de\/wp-json\/wp\/v2\/media\/33894"}],"wp:attachment":[{"href":"https:\/\/golflesbois.ch\/de\/wp-json\/wp\/v2\/media?parent=33889"}],"wp:term":[{"taxonomy":"product_brand","embeddable":true,"href":"https:\/\/golflesbois.ch\/de\/wp-json\/wp\/v2\/product_brand?post=33889"},{"taxonomy":"product_cat","embeddable":true,"href":"https:\/\/golflesbois.ch\/de\/wp-json\/wp\/v2\/product_cat?post=33889"},{"taxonomy":"product_tag","embeddable":true,"href":"https:\/\/golflesbois.ch\/de\/wp-json\/wp\/v2\/product_tag?post=33889"}],"curies":[{"name":"wp","href":"https:\/\/api.w.org\/{rel}","templated":true}]}}