{"id":33920,"date":"2025-11-20T15:01:00","date_gmt":"2025-11-20T14:01:00","guid":{"rendered":"https:\/\/golflesbois.ch\/?post_type=product&#038;p=33920"},"modified":"2025-12-07T02:11:33","modified_gmt":"2025-12-07T01:11:33","slug":"sun-mountain-reisetasche","status":"publish","type":"product","link":"https:\/\/golflesbois.ch\/de\/produit\/sun-mountain-reisetasche\/","title":{"rendered":"Sun Mountain Reisetasche"},"content":{"rendered":"","protected":false},"excerpt":{"rendered":"<p>Die KUBE-Reisetasche von Sun Mountain wurde von den Designern des preisgekr\u00f6nten ClubGlider entwickelt.<\/p>\n<p>Die KUBE besteht aus einer Hartplastikh\u00fclle in Kombination mit robustem und strapazierf\u00e4higem Nylongewebe.<\/p>\n<p>Die Reisetasche l\u00e4sst sich platzsparend zusammenfalten. Dank leichtg\u00e4ngiger Rollen und einem gummierten Zug-\/Tragegriff l\u00e4sst sich die Reisetasche bequem transportieren.<\/p>\n","protected":false},"featured_media":33922,"template":"","meta":{"_acf_changed":false},"product_brand":[],"product_cat":[56],"product_tag":[],"class_list":{"0":"post-33920","1":"product","2":"type-product","3":"status-publish","4":"has-post-thumbnail","6":"product_cat-non-classe-de","8":"first","9":"instock","10":"sold-individually","11":"shipping-taxable","12":"purchasable","13":"product-type-variable"},"acf":[],"yoast_head":"<!-- This site is optimized with the Yoast SEO plugin v27.5 - https:\/\/yoast.com\/product\/yoast-seo-wordpress\/ -->\n<title>Sun Mountain Reisetasche - Golf Club Les Bois<\/title>\n<meta name=\"robots\" content=\"index, follow, max-snippet:-1, max-image-preview:large, max-video-preview:-1\" \/>\n<link rel=\"canonical\" href=\"https:\/\/golflesbois.ch\/de\/produit\/sun-mountain-reisetasche\/\" \/>\n<meta property=\"og:locale\" content=\"de_DE\" \/>\n<meta property=\"og:type\" content=\"article\" \/>\n<meta property=\"og:title\" content=\"Sun Mountain Reisetasche - Golf Club Les Bois\" \/>\n<meta property=\"og:description\" content=\"Die KUBE-Reisetasche von Sun Mountain wurde von den Designern des preisgekr\u00f6nten ClubGlider entwickelt.  Die KUBE besteht aus einer Hartplastikh\u00fclle in Kombination mit robustem und strapazierf\u00e4higem Nylongewebe.  Die Reisetasche l\u00e4sst sich platzsparend zusammenfalten. Dank leichtg\u00e4ngiger Rollen und einem gummierten Zug-\/Tragegriff l\u00e4sst sich die Reisetasche bequem transportieren.\" \/>\n<meta property=\"og:url\" content=\"https:\/\/golflesbois.ch\/de\/produit\/sun-mountain-reisetasche\/\" \/>\n<meta property=\"og:site_name\" content=\"Golf Club Les Bois\" \/>\n<meta property=\"article:modified_time\" content=\"2025-12-07T01:11:33+00:00\" \/>\n<meta property=\"og:image\" content=\"https:\/\/golflesbois.ch\/wp-content\/uploads\/2025\/11\/06.12.25-sac-de-voyage-sun-moutain.png\" \/>\n\t<meta property=\"og:image:width\" content=\"1000\" \/>\n\t<meta property=\"og:image:height\" content=\"1000\" \/>\n\t<meta property=\"og:image:type\" content=\"image\/png\" \/>\n<meta name=\"twitter:card\" content=\"summary_large_image\" \/>\n<meta name=\"twitter:label1\" content=\"Gesch\u00e4tzte Lesezeit\" \/>\n\t<meta name=\"twitter:data1\" content=\"1\u00a0Minute\" \/>\n<script type=\"application\/ld+json\" class=\"yoast-schema-graph\">{\"@context\":\"https:\\\/\\\/schema.org\",\"@graph\":[{\"@type\":\"WebPage\",\"@id\":\"https:\\\/\\\/golflesbois.ch\\\/de\\\/produit\\\/sun-mountain-reisetasche\\\/\",\"url\":\"https:\\\/\\\/golflesbois.ch\\\/de\\\/produit\\\/sun-mountain-reisetasche\\\/\",\"name\":\"Sun Mountain Reisetasche - Golf Club Les Bois\",\"isPartOf\":{\"@id\":\"https:\\\/\\\/golflesbois.ch\\\/#website\"},\"primaryImageOfPage\":{\"@id\":\"https:\\\/\\\/golflesbois.ch\\\/de\\\/produit\\\/sun-mountain-reisetasche\\\/#primaryimage\"},\"image\":{\"@id\":\"https:\\\/\\\/golflesbois.ch\\\/de\\\/produit\\\/sun-mountain-reisetasche\\\/#primaryimage\"},\"thumbnailUrl\":\"https:\\\/\\\/golflesbois.ch\\\/wp-content\\\/uploads\\\/2025\\\/11\\\/06.12.25-sac-de-voyage-sun-moutain.png\",\"datePublished\":\"2025-11-20T14:01:00+00:00\",\"dateModified\":\"2025-12-07T01:11:33+00:00\",\"breadcrumb\":{\"@id\":\"https:\\\/\\\/golflesbois.ch\\\/de\\\/produit\\\/sun-mountain-reisetasche\\\/#breadcrumb\"},\"inLanguage\":\"de\",\"potentialAction\":[{\"@type\":\"ReadAction\",\"target\":[\"https:\\\/\\\/golflesbois.ch\\\/de\\\/produit\\\/sun-mountain-reisetasche\\\/\"]}]},{\"@type\":\"ImageObject\",\"inLanguage\":\"de\",\"@id\":\"https:\\\/\\\/golflesbois.ch\\\/de\\\/produit\\\/sun-mountain-reisetasche\\\/#primaryimage\",\"url\":\"https:\\\/\\\/golflesbois.ch\\\/wp-content\\\/uploads\\\/2025\\\/11\\\/06.12.25-sac-de-voyage-sun-moutain.png\",\"contentUrl\":\"https:\\\/\\\/golflesbois.ch\\\/wp-content\\\/uploads\\\/2025\\\/11\\\/06.12.25-sac-de-voyage-sun-moutain.png\",\"width\":1000,\"height\":1000},{\"@type\":\"BreadcrumbList\",\"@id\":\"https:\\\/\\\/golflesbois.ch\\\/de\\\/produit\\\/sun-mountain-reisetasche\\\/#breadcrumb\",\"itemListElement\":[{\"@type\":\"ListItem\",\"position\":1,\"name\":\"Accueil\",\"item\":\"https:\\\/\\\/golflesbois.ch\\\/\"},{\"@type\":\"ListItem\",\"position\":2,\"name\":\"Shop\",\"item\":\"https:\\\/\\\/golflesbois.ch\\\/shop\\\/\"},{\"@type\":\"ListItem\",\"position\":3,\"name\":\"Sun Mountain Reisetasche\"}]},{\"@type\":\"WebSite\",\"@id\":\"https:\\\/\\\/golflesbois.ch\\\/#website\",\"url\":\"https:\\\/\\\/golflesbois.ch\\\/\",\"name\":\"Golf Club Les Bois\",\"description\":\"\",\"publisher\":{\"@id\":\"https:\\\/\\\/golflesbois.ch\\\/#organization\"},\"potentialAction\":[{\"@type\":\"SearchAction\",\"target\":{\"@type\":\"EntryPoint\",\"urlTemplate\":\"https:\\\/\\\/golflesbois.ch\\\/?s={search_term_string}\"},\"query-input\":{\"@type\":\"PropertyValueSpecification\",\"valueRequired\":true,\"valueName\":\"search_term_string\"}}],\"inLanguage\":\"de\"},{\"@type\":\"Organization\",\"@id\":\"https:\\\/\\\/golflesbois.ch\\\/#organization\",\"name\":\"Golf Club Les Bois\",\"url\":\"https:\\\/\\\/golflesbois.ch\\\/\",\"logo\":{\"@type\":\"ImageObject\",\"inLanguage\":\"de\",\"@id\":\"https:\\\/\\\/golflesbois.ch\\\/#\\\/schema\\\/logo\\\/image\\\/\",\"url\":\"https:\\\/\\\/golflesbois.ch\\\/wp-content\\\/uploads\\\/2021\\\/12\\\/LesBois.png\",\"contentUrl\":\"https:\\\/\\\/golflesbois.ch\\\/wp-content\\\/uploads\\\/2021\\\/12\\\/LesBois.png\",\"width\":130,\"height\":130,\"caption\":\"Golf Club Les Bois\"},\"image\":{\"@id\":\"https:\\\/\\\/golflesbois.ch\\\/#\\\/schema\\\/logo\\\/image\\\/\"}}]}<\/script>\n<!-- \/ Yoast SEO plugin. -->","yoast_head_json":{"title":"Sun Mountain Reisetasche - Golf Club Les Bois","robots":{"index":"index","follow":"follow","max-snippet":"max-snippet:-1","max-image-preview":"max-image-preview:large","max-video-preview":"max-video-preview:-1"},"canonical":"https:\/\/golflesbois.ch\/de\/produit\/sun-mountain-reisetasche\/","og_locale":"de_DE","og_type":"article","og_title":"Sun Mountain Reisetasche - Golf Club Les Bois","og_description":"Die KUBE-Reisetasche von Sun Mountain wurde von den Designern des preisgekr\u00f6nten ClubGlider entwickelt.  Die KUBE besteht aus einer Hartplastikh\u00fclle in Kombination mit robustem und strapazierf\u00e4higem Nylongewebe.  Die Reisetasche l\u00e4sst sich platzsparend zusammenfalten. Dank leichtg\u00e4ngiger Rollen und einem gummierten Zug-\/Tragegriff l\u00e4sst sich die Reisetasche bequem transportieren.","og_url":"https:\/\/golflesbois.ch\/de\/produit\/sun-mountain-reisetasche\/","og_site_name":"Golf Club Les Bois","article_modified_time":"2025-12-07T01:11:33+00:00","og_image":[{"width":1000,"height":1000,"url":"https:\/\/golflesbois.ch\/wp-content\/uploads\/2025\/11\/06.12.25-sac-de-voyage-sun-moutain.png","type":"image\/png"}],"twitter_card":"summary_large_image","twitter_misc":{"Gesch\u00e4tzte Lesezeit":"1\u00a0Minute"},"schema":{"@context":"https:\/\/schema.org","@graph":[{"@type":"WebPage","@id":"https:\/\/golflesbois.ch\/de\/produit\/sun-mountain-reisetasche\/","url":"https:\/\/golflesbois.ch\/de\/produit\/sun-mountain-reisetasche\/","name":"Sun Mountain Reisetasche - Golf Club Les Bois","isPartOf":{"@id":"https:\/\/golflesbois.ch\/#website"},"primaryImageOfPage":{"@id":"https:\/\/golflesbois.ch\/de\/produit\/sun-mountain-reisetasche\/#primaryimage"},"image":{"@id":"https:\/\/golflesbois.ch\/de\/produit\/sun-mountain-reisetasche\/#primaryimage"},"thumbnailUrl":"https:\/\/golflesbois.ch\/wp-content\/uploads\/2025\/11\/06.12.25-sac-de-voyage-sun-moutain.png","datePublished":"2025-11-20T14:01:00+00:00","dateModified":"2025-12-07T01:11:33+00:00","breadcrumb":{"@id":"https:\/\/golflesbois.ch\/de\/produit\/sun-mountain-reisetasche\/#breadcrumb"},"inLanguage":"de","potentialAction":[{"@type":"ReadAction","target":["https:\/\/golflesbois.ch\/de\/produit\/sun-mountain-reisetasche\/"]}]},{"@type":"ImageObject","inLanguage":"de","@id":"https:\/\/golflesbois.ch\/de\/produit\/sun-mountain-reisetasche\/#primaryimage","url":"https:\/\/golflesbois.ch\/wp-content\/uploads\/2025\/11\/06.12.25-sac-de-voyage-sun-moutain.png","contentUrl":"https:\/\/golflesbois.ch\/wp-content\/uploads\/2025\/11\/06.12.25-sac-de-voyage-sun-moutain.png","width":1000,"height":1000},{"@type":"BreadcrumbList","@id":"https:\/\/golflesbois.ch\/de\/produit\/sun-mountain-reisetasche\/#breadcrumb","itemListElement":[{"@type":"ListItem","position":1,"name":"Accueil","item":"https:\/\/golflesbois.ch\/"},{"@type":"ListItem","position":2,"name":"Shop","item":"https:\/\/golflesbois.ch\/shop\/"},{"@type":"ListItem","position":3,"name":"Sun Mountain Reisetasche"}]},{"@type":"WebSite","@id":"https:\/\/golflesbois.ch\/#website","url":"https:\/\/golflesbois.ch\/","name":"Golf Club Les Bois","description":"","publisher":{"@id":"https:\/\/golflesbois.ch\/#organization"},"potentialAction":[{"@type":"SearchAction","target":{"@type":"EntryPoint","urlTemplate":"https:\/\/golflesbois.ch\/?s={search_term_string}"},"query-input":{"@type":"PropertyValueSpecification","valueRequired":true,"valueName":"search_term_string"}}],"inLanguage":"de"},{"@type":"Organization","@id":"https:\/\/golflesbois.ch\/#organization","name":"Golf Club Les Bois","url":"https:\/\/golflesbois.ch\/","logo":{"@type":"ImageObject","inLanguage":"de","@id":"https:\/\/golflesbois.ch\/#\/schema\/logo\/image\/","url":"https:\/\/golflesbois.ch\/wp-content\/uploads\/2021\/12\/LesBois.png","contentUrl":"https:\/\/golflesbois.ch\/wp-content\/uploads\/2021\/12\/LesBois.png","width":130,"height":130,"caption":"Golf Club Les Bois"},"image":{"@id":"https:\/\/golflesbois.ch\/#\/schema\/logo\/image\/"}}]}},"_links":{"self":[{"href":"https:\/\/golflesbois.ch\/de\/wp-json\/wp\/v2\/product\/33920","targetHints":{"allow":["GET"]}}],"collection":[{"href":"https:\/\/golflesbois.ch\/de\/wp-json\/wp\/v2\/product"}],"about":[{"href":"https:\/\/golflesbois.ch\/de\/wp-json\/wp\/v2\/types\/product"}],"wp:featuredmedia":[{"embeddable":true,"href":"https:\/\/golflesbois.ch\/de\/wp-json\/wp\/v2\/media\/33922"}],"wp:attachment":[{"href":"https:\/\/golflesbois.ch\/de\/wp-json\/wp\/v2\/media?parent=33920"}],"wp:term":[{"taxonomy":"product_brand","embeddable":true,"href":"https:\/\/golflesbois.ch\/de\/wp-json\/wp\/v2\/product_brand?post=33920"},{"taxonomy":"product_cat","embeddable":true,"href":"https:\/\/golflesbois.ch\/de\/wp-json\/wp\/v2\/product_cat?post=33920"},{"taxonomy":"product_tag","embeddable":true,"href":"https:\/\/golflesbois.ch\/de\/wp-json\/wp\/v2\/product_tag?post=33920"}],"curies":[{"name":"wp","href":"https:\/\/api.w.org\/{rel}","templated":true}]}}